{"id":2118,"date":"2013-08-10T10:19:20","date_gmt":"2013-08-10T07:19:20","guid":{"rendered":"https:\/\/cutismedical.com\/product\/dermafill-global-xtra\/"},"modified":"2024-10-21T18:41:33","modified_gmt":"2024-10-21T16:41:33","slug":"dermafill-global-xtra","status":"publish","type":"product","link":"https:\/\/cutismedical.shop\/et\/shop-es\/fillerid-et\/dermafill-global-xtra\/","title":{"rendered":"DERMAFILL GLOBAL XTRA (1 s\u00fcstal * 1ml.)"},"content":{"rendered":"<p><b><strong>DERMAFILL GLOBAL XTRA <\/strong><\/b>&#8211; t\u00e4iteaine. See on biolagunev, mitte-loomne toode puhastatud h\u00fcaluroonhappe baasil.<\/p>\n<p><b><strong>DERMAFILL GLOBAL XTRA&#8217;<\/strong><\/b> t kasutatakse pindmiste nahapuuduste, nagu \u00f5hukesed jooned, otsaesise kortsud, varesejalad, perioraalsed kortsud ja v\u00e4ikesed nasolaabiaalvoldid, t\u00e4itmiseks.<\/p>\n<p><b><strong>DERMAFILL GLOBAL XTRA<\/strong><\/b> on homogeense monofaasilise struktuuriga, mis v\u00f5imaldab seda h\u00f5lpsasti kudedesse s\u00fcstida. T\u00e4iteaine imendub t\u00e4ielikult umbes 6 kuu jooksul ilma kahjulike k\u00f5rvalsaadusteta.<\/p>\n<p><b><strong>DERMAFILL GLOBAL XTRA<\/strong><\/b> t\u00e4iteaine tehnilised omadused:<\/p>\n<ul>\n<li>N\u00e4idustused: Pindmised ja keskmised kortsud<\/li>\n<li>Kontsentratsioon: 25mg\/ml<\/li>\n<li>Kleepuvus: +++ (BDDE 9%)<\/li>\n<li>T\u00e4itev\u00f5ime: 1ml<\/li>\n<li>N\u00f5el: 27g<\/li>\n<li>S\u00fcsti s\u00fcgavus: Keskmise s\u00fcgavusega derma<\/li>\n<\/ul>\n<p><b><strong>DERMAFILL GLOBAL XTRA<\/strong><\/b> t\u00e4iteaine omadused:<\/p>\n<ul>\n<li>Molekulmass: 2,5 &#8211; 3 Mda.<\/li>\n<li>D\u00fcnaamiline viskoossus: 728 mPa.s<\/li>\n<li>Osmootiline r\u00f5hk: 310 mOsmol\/kg<\/li>\n<li>BDDE: 0,3 ppm<\/li>\n<li>Endotoksiinid: &lt;0,05 EU\/g<\/li>\n<li>pH: 7,14<\/li>\n<\/ul>\n<p>&nbsp;<\/p>\n","protected":false},"excerpt":{"rendered":"<p><span style=\"color: #d83131;\"><strong>Ei ole mu\u0308u\u0308giks ELis!<\/strong><\/span><\/p>\n<p><b><strong>DERMAFILL GLOBAL XTRA (1ml<\/strong><\/b> ) kasutatakse pindmiste nahapuuduste, nagu \u00f5hukesed jooned, otsaesise kortsud, varesejalad, perioraalsed kortsud ja v\u00e4ikesed nasolaabiaalvoldid, t\u00e4itmiseks.<\/p>\n<p>&nbsp;<\/p>\n","protected":false},"featured_media":40505,"template":"","meta":{"_seopress_robots_primary_cat":"none","_seopress_titles_title":"","_seopress_titles_desc":"","_seopress_robots_index":""},"item":[1153],"product_cat":[154],"product_tag":[],"class_list":{"0":"post-2118","1":"product","2":"type-product","3":"status-publish","4":"has-post-thumbnail","6":"item-dermafill-et-2","7":"product_cat-fillerid-et","8":"pa_product_main_cat-professionaalne-hooldus","10":"first","11":"instock","12":"taxable","13":"shipping-taxable","14":"purchasable","15":"product-type-simple"},"_links":{"self":[{"href":"https:\/\/cutismedical.shop\/et\/wp-json\/wp\/v2\/product\/2118","targetHints":{"allow":["GET"]}}],"collection":[{"href":"https:\/\/cutismedical.shop\/et\/wp-json\/wp\/v2\/product"}],"about":[{"href":"https:\/\/cutismedical.shop\/et\/wp-json\/wp\/v2\/types\/product"}],"wp:featuredmedia":[{"embeddable":true,"href":"https:\/\/cutismedical.shop\/et\/wp-json\/wp\/v2\/media\/40505"}],"wp:attachment":[{"href":"https:\/\/cutismedical.shop\/et\/wp-json\/wp\/v2\/media?parent=2118"}],"wp:term":[{"taxonomy":"item","embeddable":true,"href":"https:\/\/cutismedical.shop\/et\/wp-json\/wp\/v2\/item?post=2118"},{"taxonomy":"product_cat","embeddable":true,"href":"https:\/\/cutismedical.shop\/et\/wp-json\/wp\/v2\/product_cat?post=2118"},{"taxonomy":"product_tag","embeddable":true,"href":"https:\/\/cutismedical.shop\/et\/wp-json\/wp\/v2\/product_tag?post=2118"}],"curies":[{"name":"wp","href":"https:\/\/api.w.org\/{rel}","templated":true}]}}