{"id":20451,"date":"2021-02-03T11:28:49","date_gmt":"2021-02-03T09:28:49","guid":{"rendered":"https:\/\/cutismedical.com\/shop\/maaratlemata\/aespio-multishape\/"},"modified":"2024-11-14T23:20:46","modified_gmt":"2024-11-14T21:20:46","slug":"aespio-multishape","status":"publish","type":"product","link":"https:\/\/cutismedical.shop\/et\/shop-es\/seadmed\/beauty-machine-et\/aespio-multishape\/","title":{"rendered":"Aespio. MultiShape"},"content":{"rendered":"<p><strong>Mitmek\u00fclgsed rakendused<\/strong><\/p>\n<ul>\n<li>Keha modelleerimine ja kujundamine<\/li>\n<li>Tselluliidi ja rasva v\u00e4hendamine<\/li>\n<li>N\u00e4o t\u00f5stmine ja naha pinguldamine<\/li>\n<li>Kortsude ravi<\/li>\n<\/ul>\n<p><strong>Patenteeritud Super Pulse tehnoloogia<\/strong><\/p>\n<p>Patenteeritud tehnoloogia, mis v\u00f5imaldab t\u00e4psemalt kontrollida imemise ja vabastamise taset, suurendab ravi efektiivsust, suurendades sihtpiirkondade liikumist.<\/p>\n<p>MultiShape mini sihib t\u00f5husalt erinevaid kehapiirkondi ja n\u00e4gu, kasutades 3 erineva suurusega aplikaatorit. Kontrollitavad RF ja vaakumi taseme valikud koos 4 impulssre\u017eiimiga on parimad mugava ravi l\u00e4biviimiseks, v\u00f5ttes arvesse patsientide tundlikkust. Sliding Super Pulse tehnoloogia tagab superd\u00fcnaamilise ja sujuva j\u00f5udluse tugeva efektiga.<\/p>\n<p><strong>Omadused<\/strong><\/p>\n<ul>\n<li>Stabiliseeritud RF ja vaakum koos LED-valgusteraapiaga<\/li>\n<li>T\u00f5husus ja t\u00e4ielik ohutus<\/li>\n<li>Sujuv ravi Sliding Super Pulse abil<\/li>\n<li>Mitmek\u00fclgne rakendus ja n\u00e4htavad tulemused<\/li>\n<li>Sobib sihtpiirkondade raviks 3 erineva suurusega k\u00e4epidemega<\/li>\n<li>Liikuvus kompaktse suuruse t\u00f5ttu<\/li>\n<\/ul>\n","protected":false},"excerpt":{"rendered":"<p><span style=\"color: #d83131;\"><strong>Ei ole mu\u0308u\u0308giks ELis!<\/strong><\/span><\/p>\n<p>Intensiivne lipoplastika ja n\u00e4ot\u00f5stmine optimeeritud professionaalse hooldusega.<\/p>\n<p><span style=\"color: #d83131;\">Palun v\u00f5tke meiega \u00fchendust, et t\u00e4psustada kohaletoimetamise maksumus!<\/span><\/p>\n","protected":false},"featured_media":20446,"template":"","meta":{"_seopress_robots_primary_cat":"none","_seopress_titles_title":"","_seopress_titles_desc":"","_seopress_robots_index":""},"item":[1601],"product_cat":[1862,1166],"product_tag":[],"class_list":{"0":"post-20451","1":"product","2":"type-product","3":"status-publish","4":"has-post-thumbnail","6":"item-aespio-et","7":"product_cat-seadmed","8":"product_cat-beauty-machine-et","9":"pa_product_main_cat-professionaalne-hooldus","11":"first","12":"instock","13":"taxable","14":"shipping-taxable","15":"purchasable","16":"product-type-simple"},"_links":{"self":[{"href":"https:\/\/cutismedical.shop\/et\/wp-json\/wp\/v2\/product\/20451","targetHints":{"allow":["GET"]}}],"collection":[{"href":"https:\/\/cutismedical.shop\/et\/wp-json\/wp\/v2\/product"}],"about":[{"href":"https:\/\/cutismedical.shop\/et\/wp-json\/wp\/v2\/types\/product"}],"wp:featuredmedia":[{"embeddable":true,"href":"https:\/\/cutismedical.shop\/et\/wp-json\/wp\/v2\/media\/20446"}],"wp:attachment":[{"href":"https:\/\/cutismedical.shop\/et\/wp-json\/wp\/v2\/media?parent=20451"}],"wp:term":[{"taxonomy":"item","embeddable":true,"href":"https:\/\/cutismedical.shop\/et\/wp-json\/wp\/v2\/item?post=20451"},{"taxonomy":"product_cat","embeddable":true,"href":"https:\/\/cutismedical.shop\/et\/wp-json\/wp\/v2\/product_cat?post=20451"},{"taxonomy":"product_tag","embeddable":true,"href":"https:\/\/cutismedical.shop\/et\/wp-json\/wp\/v2\/product_tag?post=20451"}],"curies":[{"name":"wp","href":"https:\/\/api.w.org\/{rel}","templated":true}]}}