{"id":20434,"date":"2021-02-02T22:36:13","date_gmt":"2021-02-02T20:36:13","guid":{"rendered":"https:\/\/cutismedical.com\/shop\/maaratlemata\/sofiderm-derm-sub-skin-10ml-20ml\/"},"modified":"2024-11-14T23:40:37","modified_gmt":"2024-11-14T21:40:37","slug":"sofiderm-derm-sub-skin-10ml-20ml","status":"publish","type":"product","link":"https:\/\/cutismedical.shop\/et\/shop-es\/fillerid-et\/sofiderm-derm-sub-skin-10ml-20ml\/","title":{"rendered":"Sofiderm. Derm Sub-Skin 2 ml \/ 10 ml | alates 5 karbist"},"content":{"rendered":"<p>Sofiderm Derm Sub-Skin\u2019i kasutatakse keha kujundamiseks, rinna v\u00f5i tuharate suurendamiseks ja kortsude korrigeerimiseks kaelal, rinnal, k\u00e4tel, n\u00e4iteks infraorbitaalse piirkonna l\u00f5tvumise, n\u00e4o as\u00fcmmeetria ja HIV-ga seotud lipoatroofia puhul.<\/p>\n<p>S\u00fcstitakse s\u00fcgavale dermisse v\u00f5i subkutaansesse koesse.<\/p>\n<p>Heaks kiidetud Ameerika FDA ja Euroopa EDQM poolt Kasutab mitmekordse ristseotuse tehnoloogiat, et tagada Sofiderm geeli k\u00f5rge stabiilsus Ei ole riski bakteriaalsete infektsioonide ja viirushaiguste tekkeks, kuna toode on valmistatud biotehnoloogia abil Ei ole riski allergilise reaktsiooni tekkeks.<\/p>\n","protected":false},"excerpt":{"rendered":"<p><span style=\"color: #ed1c24;\"><strong>Ei ole mu\u0308u\u0308giks ELis!<\/strong><\/span><\/p>\n<ul>\n<ul>\n<li>HA sisaldus: 20 mg\/ml<\/li>\n<li>Osakeste suurus: 1,25-2,0 mm<\/li>\n<li>KARBI KOOSSEISUS EI OLE N\u00d5ELU.<\/li>\n<\/ul>\n","protected":false},"featured_media":20430,"template":"","meta":{"_seopress_robots_primary_cat":"","_seopress_titles_title":"","_seopress_titles_desc":"","_seopress_robots_index":""},"item":[1594],"product_cat":[154],"product_tag":[],"class_list":{"0":"post-20434","1":"product","2":"type-product","3":"status-publish","4":"has-post-thumbnail","6":"item-sofiderm-et","7":"product_cat-fillerid-et","8":"pa_product_main_cat-professionaalne-hooldus","10":"first","11":"instock","12":"taxable","13":"shipping-taxable","14":"purchasable","15":"product-type-variable"},"_links":{"self":[{"href":"https:\/\/cutismedical.shop\/et\/wp-json\/wp\/v2\/product\/20434","targetHints":{"allow":["GET"]}}],"collection":[{"href":"https:\/\/cutismedical.shop\/et\/wp-json\/wp\/v2\/product"}],"about":[{"href":"https:\/\/cutismedical.shop\/et\/wp-json\/wp\/v2\/types\/product"}],"wp:featuredmedia":[{"embeddable":true,"href":"https:\/\/cutismedical.shop\/et\/wp-json\/wp\/v2\/media\/20430"}],"wp:attachment":[{"href":"https:\/\/cutismedical.shop\/et\/wp-json\/wp\/v2\/media?parent=20434"}],"wp:term":[{"taxonomy":"item","embeddable":true,"href":"https:\/\/cutismedical.shop\/et\/wp-json\/wp\/v2\/item?post=20434"},{"taxonomy":"product_cat","embeddable":true,"href":"https:\/\/cutismedical.shop\/et\/wp-json\/wp\/v2\/product_cat?post=20434"},{"taxonomy":"product_tag","embeddable":true,"href":"https:\/\/cutismedical.shop\/et\/wp-json\/wp\/v2\/product_tag?post=20434"}],"curies":[{"name":"wp","href":"https:\/\/api.w.org\/{rel}","templated":true}]}}