{"id":20186,"date":"2021-01-05T19:56:19","date_gmt":"2021-01-05T17:56:19","guid":{"rendered":"https:\/\/cutismedical.com\/shop\/maaratlemata\/neauvia-organic-intense-rose-11ml\/"},"modified":"2024-11-14T23:05:48","modified_gmt":"2024-11-14T21:05:48","slug":"neauvia-organic-intense-rose-11ml","status":"publish","type":"product","link":"https:\/\/cutismedical.shop\/et\/shop-es\/fillerid-et\/neauvia-organic-intense-rose-11ml\/","title":{"rendered":"Neauvia Organic. Intense Rose (1*1 ml)"},"content":{"rendered":"<p><strong>Pakendi sisu:<\/strong><\/p>\n<ul>\n<li>1 s\u00fcstal 1 ml<\/li>\n<\/ul>\n<p> <strong>Toote koostis:<\/strong> <\/p>\n<ul>\n<li>28 mg\/ml h\u00fcaluroonhapet, ristsidestatud PEG-ga<\/li>\n<li>Gl\u00fctsiin ja L-proliin<\/li>\n<\/ul>\n<p><strong>Neauvia\u00ae Organic Intense Rose eelised:<\/strong><\/p>\n<ul>\n<li>Pehmete kudede korrigeerimine<\/li>\n<li>Kudede mahu suurendamine<\/li>\n<li>Lipod\u00fcstroofia korrigeerimine<\/li>\n<\/ul>\n<p><strong>Kaua tulemus kestab?<\/strong><\/p>\n<p>Tulemused on n\u00e4htavad juba p\u00e4rast esimest protseduuri. Aeglane biodegradeerimine t\u00e4hendab, et tulemused on tavaliselt pikaajalised.<\/p>\n","protected":false},"excerpt":{"rendered":"<p><span style=\"color: #d83131;\"><strong>Ei ole mu\u0308u\u0308giks ELis!<\/strong><\/span><\/p>\n<p>Neauvia Organic Intense Rose on spetsiaalselt loodud lipoatroofia korrigeerimiseks ja kudede mahu suurendamiseks. Neauvia Organic Intense Rose iseloomustab suur h\u00fcaluroonhappe sisaldus ja k\u00f5rge viskoelastsus, mis tagab suurep\u00e4rased mahu efektid.<\/p>\n","protected":false},"featured_media":19390,"template":"","meta":{"_seopress_robots_primary_cat":"none","_seopress_titles_title":"","_seopress_titles_desc":"","_seopress_robots_index":""},"item":[1678],"product_cat":[154],"product_tag":[],"class_list":{"0":"post-20186","1":"product","2":"type-product","3":"status-publish","4":"has-post-thumbnail","6":"item-neauvia-organic-et","7":"product_cat-fillerid-et","8":"pa_product_main_cat-professionaalne-hooldus","10":"first","11":"instock","12":"taxable","13":"shipping-taxable","14":"purchasable","15":"product-type-simple"},"_links":{"self":[{"href":"https:\/\/cutismedical.shop\/et\/wp-json\/wp\/v2\/product\/20186","targetHints":{"allow":["GET"]}}],"collection":[{"href":"https:\/\/cutismedical.shop\/et\/wp-json\/wp\/v2\/product"}],"about":[{"href":"https:\/\/cutismedical.shop\/et\/wp-json\/wp\/v2\/types\/product"}],"wp:featuredmedia":[{"embeddable":true,"href":"https:\/\/cutismedical.shop\/et\/wp-json\/wp\/v2\/media\/19390"}],"wp:attachment":[{"href":"https:\/\/cutismedical.shop\/et\/wp-json\/wp\/v2\/media?parent=20186"}],"wp:term":[{"taxonomy":"item","embeddable":true,"href":"https:\/\/cutismedical.shop\/et\/wp-json\/wp\/v2\/item?post=20186"},{"taxonomy":"product_cat","embeddable":true,"href":"https:\/\/cutismedical.shop\/et\/wp-json\/wp\/v2\/product_cat?post=20186"},{"taxonomy":"product_tag","embeddable":true,"href":"https:\/\/cutismedical.shop\/et\/wp-json\/wp\/v2\/product_tag?post=20186"}],"curies":[{"name":"wp","href":"https:\/\/api.w.org\/{rel}","templated":true}]}}