{"id":20184,"date":"2021-01-05T18:04:19","date_gmt":"2021-01-05T16:04:19","guid":{"rendered":"https:\/\/cutismedical.com\/shop\/maaratlemata\/neauvia-organic-intense-lv-11ml\/"},"modified":"2024-11-14T23:10:25","modified_gmt":"2024-11-14T21:10:25","slug":"neauvia-organic-intense-lv-11ml","status":"publish","type":"product","link":"https:\/\/cutismedical.shop\/et\/shop-es\/fillerid-et\/neauvia-organic-intense-lv-11ml\/","title":{"rendered":"Neauvia Organic. Intense LV (1*1ml)"},"content":{"rendered":"<p><strong>Pakendi sisu:<\/strong><\/p>\n<ul>\n<li>1 s\u00fcstal mahuga 1 ml<\/li>\n<\/ul>\n<p> <b>Toote koostis:<\/b> <\/p>\n<ul>\n<li>26 mg\/ml h\u00fcaluroonhapet, ristsidestatud PEG-ga<\/li>\n<li>Gl\u00fctsiin ja L-proliin<\/li>\n<\/ul>\n<p> <strong>Neauvia\u00ae Organic Intense Lips eelised:<\/strong> <\/p>\n<ul>\n<li>K\u00f5rge h\u00fcaluroonhappe kontsentratsioon suurep\u00e4raseks niisutuseks<\/li>\n<li>S\u00fcstimispiirkondade vormimine ja mahu lisamine<\/li>\n<li>S\u00fcgav koe taastamine ja korrigeerimine<\/li>\n<\/ul>\n<p> <strong>Kaua tulemus kestab?<\/strong><br \/>\nTulemused on n\u00e4htavad kohe p\u00e4rast esimest protseduuri. Aeglane biodegradeerimine tagab \u00fcldiselt pikaajalise efekti.<\/p>\n","protected":false},"excerpt":{"rendered":"<p><span style=\"color: #d83131;\"><strong>Ei ole mu\u0308u\u0308giks ELis!<\/strong><\/span><\/p>\n<p>Neauvia Organic Intense LV on orgaaniline t\u00e4iteaine, mis suurendab mahu ja kujundab t\u00f6\u00f6deldavat ala loomulikul viisil. Neauvia Organic Intense LV kohandub kudedega h\u00e4sti, mis aitab saavutada soovitud tulemuse. See sobib eriti h\u00e4sti naha s\u00fcgavate lohkude (sealhulgas s\u00fcgavad kortsud ja nasolabiaalsed voldid), p\u00f5skede, l\u00f5ua ja nina modelleerimiseks ning n\u00e4okontuuri korrigeerimiseks m\u00f5\u00f5dukalt ja tugevalt vananenud nahal.<\/p>\n","protected":false},"featured_media":19382,"template":"","meta":{"_seopress_robots_primary_cat":"none","_seopress_titles_title":"","_seopress_titles_desc":"","_seopress_robots_index":""},"item":[1678],"product_cat":[154],"product_tag":[],"class_list":{"0":"post-20184","1":"product","2":"type-product","3":"status-publish","4":"has-post-thumbnail","6":"item-neauvia-organic-et","7":"product_cat-fillerid-et","8":"pa_product_main_cat-professionaalne-hooldus","10":"first","11":"instock","12":"taxable","13":"shipping-taxable","14":"purchasable","15":"product-type-simple"},"_links":{"self":[{"href":"https:\/\/cutismedical.shop\/et\/wp-json\/wp\/v2\/product\/20184","targetHints":{"allow":["GET"]}}],"collection":[{"href":"https:\/\/cutismedical.shop\/et\/wp-json\/wp\/v2\/product"}],"about":[{"href":"https:\/\/cutismedical.shop\/et\/wp-json\/wp\/v2\/types\/product"}],"wp:featuredmedia":[{"embeddable":true,"href":"https:\/\/cutismedical.shop\/et\/wp-json\/wp\/v2\/media\/19382"}],"wp:attachment":[{"href":"https:\/\/cutismedical.shop\/et\/wp-json\/wp\/v2\/media?parent=20184"}],"wp:term":[{"taxonomy":"item","embeddable":true,"href":"https:\/\/cutismedical.shop\/et\/wp-json\/wp\/v2\/item?post=20184"},{"taxonomy":"product_cat","embeddable":true,"href":"https:\/\/cutismedical.shop\/et\/wp-json\/wp\/v2\/product_cat?post=20184"},{"taxonomy":"product_tag","embeddable":true,"href":"https:\/\/cutismedical.shop\/et\/wp-json\/wp\/v2\/product_tag?post=20184"}],"curies":[{"name":"wp","href":"https:\/\/api.w.org\/{rel}","templated":true}]}}