{"id":20183,"date":"2021-01-05T17:19:55","date_gmt":"2021-01-05T15:19:55","guid":{"rendered":"https:\/\/cutismedical.com\/shop\/maaratlemata\/neauvia-organic-intense-lips-11ml\/"},"modified":"2024-11-14T23:12:42","modified_gmt":"2024-11-14T21:12:42","slug":"neauvia-organic-intense-lips-11ml","status":"publish","type":"product","link":"https:\/\/cutismedical.shop\/et\/shop-es\/fillerid-et\/neauvia-organic-intense-lips-11ml\/","title":{"rendered":"Neauvia Organic. Intense Lips (1*1 ml)"},"content":{"rendered":"<p><strong>Pakendi sisu:<\/strong><\/p>\n<ul>\n<li>1 s\u00fcstal mahuga 1 ml<\/li>\n<\/ul>\n<p> <strong>Toote koostis:<\/strong> <\/p>\n<ul>\n<li>24 mg\/ml h\u00fcaluroonhapet, ristsidestatud PEG-ga<\/li>\n<li>Gl\u00fctsiin ja L-proliin<\/li>\n<\/ul>\n<p> <strong>Neauvia\u00ae Organic Intense Lips eelised:<\/strong> <\/p>\n<ul>\n<li>K\u00f5rge h\u00fcaluroonhappe kontsentratsioon suurep\u00e4raseks niisutuseks<\/li>\n<li>Huulte mahu suurendamine ja modelleerimine<\/li>\n<\/ul>\n<p> <strong>Kaua tulemus kestab?<\/strong><br \/>\nTulemused on n\u00e4htavad kohe p\u00e4rast esimest protseduuri. Aeglane biodegradeerimine tagab pikaajalise efekti.<\/p>\n","protected":false},"excerpt":{"rendered":"<p><span style=\"color: #d83131;\"><strong>Ei ole mu\u0308u\u0308giks ELis!<\/strong><\/span><\/p>\n<p>Neauvia Organic Intense Lips sisaldab 24 mg\/ml h\u00fcaluroonhapet, et saavutada parimad tulemused \u00f5rnas huulte piirkonnas. Kasutage Neauvia Organic Intense Lips&#8217;i huulte mahu suurendamiseks, kontuurimiseks ja elustamiseks. Toode sisaldab aminohappeid gl\u00fctsiini ja L-proliini, mis on kollageeni peamised koostisosad, tagades huulte elastsuse ja loomuliku v\u00e4limuse.<\/p>\n","protected":false},"featured_media":19378,"template":"","meta":{"_seopress_robots_primary_cat":"none","_seopress_titles_title":"","_seopress_titles_desc":"","_seopress_robots_index":""},"item":[1678],"product_cat":[154],"product_tag":[],"class_list":{"0":"post-20183","1":"product","2":"type-product","3":"status-publish","4":"has-post-thumbnail","6":"item-neauvia-organic-et","7":"product_cat-fillerid-et","8":"pa_product_main_cat-professionaalne-hooldus","10":"first","11":"instock","12":"taxable","13":"shipping-taxable","14":"purchasable","15":"product-type-simple"},"_links":{"self":[{"href":"https:\/\/cutismedical.shop\/et\/wp-json\/wp\/v2\/product\/20183","targetHints":{"allow":["GET"]}}],"collection":[{"href":"https:\/\/cutismedical.shop\/et\/wp-json\/wp\/v2\/product"}],"about":[{"href":"https:\/\/cutismedical.shop\/et\/wp-json\/wp\/v2\/types\/product"}],"wp:featuredmedia":[{"embeddable":true,"href":"https:\/\/cutismedical.shop\/et\/wp-json\/wp\/v2\/media\/19378"}],"wp:attachment":[{"href":"https:\/\/cutismedical.shop\/et\/wp-json\/wp\/v2\/media?parent=20183"}],"wp:term":[{"taxonomy":"item","embeddable":true,"href":"https:\/\/cutismedical.shop\/et\/wp-json\/wp\/v2\/item?post=20183"},{"taxonomy":"product_cat","embeddable":true,"href":"https:\/\/cutismedical.shop\/et\/wp-json\/wp\/v2\/product_cat?post=20183"},{"taxonomy":"product_tag","embeddable":true,"href":"https:\/\/cutismedical.shop\/et\/wp-json\/wp\/v2\/product_tag?post=20183"}],"curies":[{"name":"wp","href":"https:\/\/api.w.org\/{rel}","templated":true}]}}