{"id":20169,"date":"2021-01-06T12:22:15","date_gmt":"2021-01-06T10:22:15","guid":{"rendered":"https:\/\/cutismedical.com\/shop\/maaratlemata\/ellanse-l-210-ml\/"},"modified":"2024-11-14T22:56:02","modified_gmt":"2024-11-14T20:56:02","slug":"ellanse-l-210-ml__trashed","status":"publish","type":"product","link":"https:\/\/cutismedical.shop\/et\/shop-es\/fillerid-et\/ellanse-l-210-ml__trashed\/","title":{"rendered":"Ellanse L (2*1,0 ml)"},"content":{"rendered":"<p>Pakendi sisu:<\/p>\n<ul>\n<li>2 s\u00fcstalt, kumbki 1 ml<\/li>\n<li>4 n\u00f5ela 27G 3\/4\u201d<\/li>\n<\/ul>\n<p>Ellans\u00e9 L eelised:<\/p>\n<ul>\n<li>Peente joonte ja kortsude korrigeerimine<\/li>\n<li>Kollageeni tootmise suurendamine<\/li>\n<li>Pikaajalised tulemused<\/li>\n<\/ul>\n<p>Kui kaua tulemus kestab?<\/p>\n<p>Ellans\u00e9 L toime kestab keskmiselt kuni 3 aastat. Toime kestus s\u00f5ltub inimese elustiilist, vanusest, nahat\u00fc\u00fcbist ja protseduuri kestusest.<\/p>\n","protected":false},"excerpt":{"rendered":"<p><span style=\"color: #d83131;\"><strong>Ei ole mu\u0308u\u0308giks ELis!<\/strong><\/span><\/p>\n<p>Ellans\u00e9 L \u00fchendab peente joonte ja kortsude kohese korrigeerimise eelised oma kollageeni tootmise stimuleerimisega, et saavutada ilus, v\u00e4rske ja pikaajalisem tulemus. Ellans\u00e9 on ainulaadne, t\u00e4ielikult bioresorbeeruv dermalihaste t\u00e4iteaine, mis tagab kohese ja p\u00fcsiva efekti. Reguleeritava toime kestuse erip\u00e4ra p\u00f5hineb PCL-mikrosf\u00e4\u00e4ride pol\u00fcmeerahela algsel pikkusel. Ellans\u00e9 L kestab kuni 3 aastat.<\/p>\n","protected":false},"featured_media":19413,"template":"","meta":{"_seopress_robots_primary_cat":"none","_seopress_titles_title":"","_seopress_titles_desc":"","_seopress_robots_index":""},"item":[1542],"product_cat":[154],"product_tag":[],"class_list":{"0":"post-20169","1":"product","2":"type-product","3":"status-publish","4":"has-post-thumbnail","6":"item-ellanse-et","7":"product_cat-fillerid-et","8":"pa_product_main_cat-professionaalne-hooldus","10":"first","11":"outofstock","12":"taxable","13":"shipping-taxable","14":"purchasable","15":"product-type-simple"},"_links":{"self":[{"href":"https:\/\/cutismedical.shop\/et\/wp-json\/wp\/v2\/product\/20169","targetHints":{"allow":["GET"]}}],"collection":[{"href":"https:\/\/cutismedical.shop\/et\/wp-json\/wp\/v2\/product"}],"about":[{"href":"https:\/\/cutismedical.shop\/et\/wp-json\/wp\/v2\/types\/product"}],"wp:featuredmedia":[{"embeddable":true,"href":"https:\/\/cutismedical.shop\/et\/wp-json\/wp\/v2\/media\/19413"}],"wp:attachment":[{"href":"https:\/\/cutismedical.shop\/et\/wp-json\/wp\/v2\/media?parent=20169"}],"wp:term":[{"taxonomy":"item","embeddable":true,"href":"https:\/\/cutismedical.shop\/et\/wp-json\/wp\/v2\/item?post=20169"},{"taxonomy":"product_cat","embeddable":true,"href":"https:\/\/cutismedical.shop\/et\/wp-json\/wp\/v2\/product_cat?post=20169"},{"taxonomy":"product_tag","embeddable":true,"href":"https:\/\/cutismedical.shop\/et\/wp-json\/wp\/v2\/product_tag?post=20169"}],"curies":[{"name":"wp","href":"https:\/\/api.w.org\/{rel}","templated":true}]}}