{"id":20156,"date":"2021-01-06T18:41:55","date_gmt":"2021-01-06T16:41:55","guid":{"rendered":"https:\/\/cutismedical.com\/shop\/maaratlemata\/pluryal-mesoline-hair-55ml\/"},"modified":"2024-11-15T00:15:32","modified_gmt":"2024-11-14T22:15:32","slug":"pluryal-mesoline-hair-55ml","status":"publish","type":"product","link":"https:\/\/cutismedical.shop\/et\/shop-es\/mesoteraapia-et\/hair-et\/pluryal-mesoline-hair-55ml\/","title":{"rendered":"Pluryal. Mesoline Hair (5*5 ml)"},"content":{"rendered":"<p><strong>Pakk sisaldab:<\/strong><\/p>\n<ul>\n<li>5 viaali x 5 ml<\/li>\n<\/ul>\n<p> <strong>Toote koostis:<\/strong> <\/p>\n<ul>\n<li>H\u00fcaluroonhape<\/li>\n<li>Vase peptiid<\/li>\n<li>T\u00fcvirakkude aktivaator<\/li>\n<li>Koens\u00fc\u00fcm Q10<\/li>\n<li>Aminohapped<\/li>\n<li>B-vitamiini kompleks<\/li>\n<\/ul>\n<p> <strong>Pluryal Mesoline Hair 5 ml eelised<\/strong> <\/p>\n<ul>\n<li>Ennetab juuste v\u00e4ljalangemist<\/li>\n<li>Parandab juuste kasvu<\/li>\n<li>Tugevdab juukseid<\/li>\n<li>Kasutusalad: juuksed ja peanahk<\/li>\n<\/ul>\n<p> <strong>Kuidas toodet kasutada?<\/strong><br \/>\nParimate tulemuste saavutamiseks tuleks Pluryal Mesoline Hair 5 ml kasutada 5 protseduuri kuurina, mille vahe on 10 p\u00e4eva. Hoolduse eesm\u00e4rgil korrake kuuri iga 6 kuu j\u00e4rel. Aja jooksul muutuvad juuksed tervemaks ja tihedamaks.<\/p>\n","protected":false},"excerpt":{"rendered":"<p><span style=\"color: #d83131;\"><strong>Ei ole mu\u0308u\u0308giks ELis!<\/strong><\/span><\/p>\n<p>Pluryal Mesoline Hair 5 ml on mesoteraapia juuste hoolduseks, mis on m\u00f5eldud juuste v\u00e4ljalangemise ennetamiseks, mida p\u00f5hjustavad stress, rasedus, ravimite kasutamine, hormonaalsed muutused v\u00f5i vananemisprotsess. See mesoteraapia toode sobib ideaalselt juuste kasvu stimuleerimiseks ja kvaliteedi parandamiseks, suurendades vereringet juuksefolliikulites.<\/p>\n","protected":false},"featured_media":19514,"template":"","meta":{"_seopress_robots_primary_cat":"none","_seopress_titles_title":"","_seopress_titles_desc":"","_seopress_robots_index":""},"item":[1501],"product_cat":[155,1190],"product_tag":[],"class_list":{"0":"post-20156","1":"product","2":"type-product","3":"status-publish","4":"has-post-thumbnail","6":"item-pluryal-et","7":"product_cat-mesoteraapia-et","8":"product_cat-hair-et","9":"pa_product_main_cat-professionaalne-hooldus","11":"first","12":"instock","13":"taxable","14":"shipping-taxable","15":"purchasable","16":"product-type-simple"},"_links":{"self":[{"href":"https:\/\/cutismedical.shop\/et\/wp-json\/wp\/v2\/product\/20156","targetHints":{"allow":["GET"]}}],"collection":[{"href":"https:\/\/cutismedical.shop\/et\/wp-json\/wp\/v2\/product"}],"about":[{"href":"https:\/\/cutismedical.shop\/et\/wp-json\/wp\/v2\/types\/product"}],"wp:featuredmedia":[{"embeddable":true,"href":"https:\/\/cutismedical.shop\/et\/wp-json\/wp\/v2\/media\/19514"}],"wp:attachment":[{"href":"https:\/\/cutismedical.shop\/et\/wp-json\/wp\/v2\/media?parent=20156"}],"wp:term":[{"taxonomy":"item","embeddable":true,"href":"https:\/\/cutismedical.shop\/et\/wp-json\/wp\/v2\/item?post=20156"},{"taxonomy":"product_cat","embeddable":true,"href":"https:\/\/cutismedical.shop\/et\/wp-json\/wp\/v2\/product_cat?post=20156"},{"taxonomy":"product_tag","embeddable":true,"href":"https:\/\/cutismedical.shop\/et\/wp-json\/wp\/v2\/product_tag?post=20156"}],"curies":[{"name":"wp","href":"https:\/\/api.w.org\/{rel}","templated":true}]}}