{"id":20146,"date":"2021-01-06T16:47:59","date_gmt":"2021-01-06T14:47:59","guid":{"rendered":"https:\/\/cutismedical.com\/shop\/maaratlemata\/perfectha-fine-lines-105ml\/"},"modified":"2024-11-15T00:23:51","modified_gmt":"2024-11-14T22:23:51","slug":"perfectha-fine-lines-105ml","status":"publish","type":"product","link":"https:\/\/cutismedical.shop\/et\/shop-es\/fillerid-et\/perfectha-fine-lines-105ml\/","title":{"rendered":"Perfectha. Fine Lines (1*0,5 ml)"},"content":{"rendered":"<p><strong>Pakk sisaldab:<\/strong><\/p>\n<ul>\n<li>1 x 0,5 ml s\u00fcstal<\/li>\n<li>2 x 30G x 13 mm n\u00f5ela<\/li>\n<\/ul>\n<p> <strong>Toote koostis:<\/strong> <\/p>\n<ul>\n<li>20 mg\/ml loomavaba h\u00fcaluroonhapet<\/li>\n<\/ul>\n<p> <strong>Perfectha\u00ae Fine Lines eelised:<\/strong> <\/p>\n<ul>\n<li>Eemaldab pindmised jooned ja naha lohud<\/li>\n<li>Kustutab periorbitaalsed jooned<\/li>\n<li>Vahetu ja loomulik v\u00e4limus<\/li>\n<\/ul>\n<p> <strong>Kaua tulemus kestab?<\/strong><br \/>\nPerfectha\u00ae Fine Lines kestab eeldatavalt 4-6 kuud.<\/p>\n","protected":false},"excerpt":{"rendered":"<p><span style=\"color: #d83131;\"><strong>Ei ole mu\u0308u\u0308giks ELis!<\/strong><\/span><\/p>\n<p>Perfectha Fine Lines 1 ml on ristseotud h\u00fcaluroonhappe t\u00e4iteaine, mis on loodud pindmiste joonte korrigeerimiseks silmade ja n\u00e4o piirkonnas. Kasutage Perfectha Fine Lines 1 ml, et v\u00e4hendada peeneid periorbitaalseid jooni ja luua madala mahuga t\u00e4iteaine efekt, et katta peeneid jooni n\u00e4ol.<\/p>\n<p>90%-lise ristseotuse tasemega s\u00fcstitakse geel naha pindmisse dermisesse (naha \u00fclemine kiht).<\/p>\n","protected":false},"featured_media":19458,"template":"","meta":{"_seopress_robots_primary_cat":"none","_seopress_titles_title":"","_seopress_titles_desc":"","_seopress_robots_index":""},"item":[1548],"product_cat":[154],"product_tag":[],"class_list":{"0":"post-20146","1":"product","2":"type-product","3":"status-publish","4":"has-post-thumbnail","6":"item-perfectha-et","7":"product_cat-fillerid-et","8":"pa_product_main_cat-professionaalne-hooldus","10":"first","11":"instock","12":"taxable","13":"shipping-taxable","14":"purchasable","15":"product-type-simple"},"_links":{"self":[{"href":"https:\/\/cutismedical.shop\/et\/wp-json\/wp\/v2\/product\/20146","targetHints":{"allow":["GET"]}}],"collection":[{"href":"https:\/\/cutismedical.shop\/et\/wp-json\/wp\/v2\/product"}],"about":[{"href":"https:\/\/cutismedical.shop\/et\/wp-json\/wp\/v2\/types\/product"}],"wp:featuredmedia":[{"embeddable":true,"href":"https:\/\/cutismedical.shop\/et\/wp-json\/wp\/v2\/media\/19458"}],"wp:attachment":[{"href":"https:\/\/cutismedical.shop\/et\/wp-json\/wp\/v2\/media?parent=20146"}],"wp:term":[{"taxonomy":"item","embeddable":true,"href":"https:\/\/cutismedical.shop\/et\/wp-json\/wp\/v2\/item?post=20146"},{"taxonomy":"product_cat","embeddable":true,"href":"https:\/\/cutismedical.shop\/et\/wp-json\/wp\/v2\/product_cat?post=20146"},{"taxonomy":"product_tag","embeddable":true,"href":"https:\/\/cutismedical.shop\/et\/wp-json\/wp\/v2\/product_tag?post=20146"}],"curies":[{"name":"wp","href":"https:\/\/api.w.org\/{rel}","templated":true}]}}