{"id":20145,"date":"2021-01-06T16:44:51","date_gmt":"2021-01-06T14:44:51","guid":{"rendered":"https:\/\/cutismedical.com\/shop\/maaratlemata\/perfectha-subskin-31ml\/"},"modified":"2024-11-15T00:26:08","modified_gmt":"2024-11-14T22:26:08","slug":"perfectha-subskin-31ml","status":"publish","type":"product","link":"https:\/\/cutismedical.shop\/et\/shop-es\/fillerid-et\/perfectha-subskin-31ml\/","title":{"rendered":"Perfectha. Subskin (3*1 ml)"},"content":{"rendered":"<p><strong>Pakk sisaldab:<\/strong><\/p>\n<ul>\n<li>3 x 1 ml s\u00fcstal<\/li>\n<li>1 x 21G x 50 mm kan\u00fc\u00fcl<\/li>\n<\/ul>\n<p> <strong>Toote koostis:<\/strong> <\/p>\n<ul>\n<li>20 mg\/ml loomavaba h\u00fcaluroonhapet<\/li>\n<\/ul>\n<p> <strong>Perfectha\u00ae Subskin eelised:<\/strong> <\/p>\n<ul>\n<li>N\u00e4okontuuride korrigeerimine<\/li>\n<li>L\u00f5ua ja p\u00f5sesarnade suurendamine<\/li>\n<li>Vahetu ja loomulik tulemus<\/li>\n<li>T\u00f5hus, ohutu ja lihtne manustada<\/li>\n<\/ul>\n<p> <strong>Kaua tulemus kestab?<\/strong><br \/>\nPerfectha<sup>\u00ae<\/sup> Subskin kestab eeldatavalt kuni 18 kuud, mis muudab selle kauakestvamaks kui praegused ajutised t\u00e4iteained.<\/p>\n","protected":false},"excerpt":{"rendered":"<p><span style=\"color: #d83131;\"><strong>Ei ole mu\u0308u\u0308giks ELis!<\/strong><\/span><\/p>\n<p>Perfectha Subskin on kasulik s\u00fcstitav dermaalne t\u00e4iteaine, mis on m\u00f5eldud n\u00e4okontuuride korrigeerimiseks ja mahutamiseks p\u00f5sesarnades, l\u00f5uas, p\u00f5skedes, k\u00e4tel ja ninas. Lisaks saab h\u00fcaluroonhappe t\u00e4iteainet kasutada naha lohkude ja armide raviks. Perfectha Subskin sobib ideaalselt p\u00f5sesarnade t\u00f5stmiseks ja l\u00f5ua \u00fcmberkujundamiseks.<\/p>\n<p>Ristsidemetega h\u00fcaluroonhappe geeli ristumise m\u00e4\u00e4r on 90% ja see on m\u00f5eldud s\u00fcstimiseks nahaalusesse dermisesse.<\/p>\n","protected":false},"featured_media":19482,"template":"","meta":{"_seopress_robots_primary_cat":"none","_seopress_titles_title":"","_seopress_titles_desc":"","_seopress_robots_index":""},"item":[1548],"product_cat":[154],"product_tag":[],"class_list":{"0":"post-20145","1":"product","2":"type-product","3":"status-publish","4":"has-post-thumbnail","6":"item-perfectha-et","7":"product_cat-fillerid-et","8":"pa_product_main_cat-professionaalne-hooldus","10":"first","11":"instock","12":"taxable","13":"shipping-taxable","14":"purchasable","15":"product-type-simple"},"_links":{"self":[{"href":"https:\/\/cutismedical.shop\/et\/wp-json\/wp\/v2\/product\/20145","targetHints":{"allow":["GET"]}}],"collection":[{"href":"https:\/\/cutismedical.shop\/et\/wp-json\/wp\/v2\/product"}],"about":[{"href":"https:\/\/cutismedical.shop\/et\/wp-json\/wp\/v2\/types\/product"}],"wp:featuredmedia":[{"embeddable":true,"href":"https:\/\/cutismedical.shop\/et\/wp-json\/wp\/v2\/media\/19482"}],"wp:attachment":[{"href":"https:\/\/cutismedical.shop\/et\/wp-json\/wp\/v2\/media?parent=20145"}],"wp:term":[{"taxonomy":"item","embeddable":true,"href":"https:\/\/cutismedical.shop\/et\/wp-json\/wp\/v2\/item?post=20145"},{"taxonomy":"product_cat","embeddable":true,"href":"https:\/\/cutismedical.shop\/et\/wp-json\/wp\/v2\/product_cat?post=20145"},{"taxonomy":"product_tag","embeddable":true,"href":"https:\/\/cutismedical.shop\/et\/wp-json\/wp\/v2\/product_tag?post=20145"}],"curies":[{"name":"wp","href":"https:\/\/api.w.org\/{rel}","templated":true}]}}