{"id":20143,"date":"2021-01-06T16:33:25","date_gmt":"2021-01-06T14:33:25","guid":{"rendered":"https:\/\/cutismedical.com\/shop\/maaratlemata\/perfectha-deep-11ml\/"},"modified":"2024-11-14T22:45:10","modified_gmt":"2024-11-14T20:45:10","slug":"perfectha-deep-11ml","status":"publish","type":"product","link":"https:\/\/cutismedical.shop\/et\/shop-es\/fillerid-et\/perfectha-deep-11ml\/","title":{"rendered":"Perfectha. Deep (1*1 ml)"},"content":{"rendered":"<p>Pakend sisaldab:<\/p>\n<ul>\n<li>1 x 1 ml s\u00fcstal<\/li>\n<li>2 x 27G x 13 mm n\u00f5ela<\/li>\n<\/ul>\n<p> **Toote koostis:** <\/p>\n<ul>\n<li>20 mg\/ml loomset p\u00e4ritolu vaba h\u00fcaluroonhapet<\/li>\n<\/ul>\n<p> **Perfectha Deep eelised:** <\/p>\n<ul>\n<li>S\u00fcgavate n\u00e4ojoonte ja naha vajumiste eemaldamine<\/li>\n<li>Huulte mahu suurendamine<\/li>\n<li>Kohesed ja loomulikud tulemused<\/li>\n<\/ul>\n<p> **Kui kaua tulemus kestab?**<br \/>\nPerfectha Deep tulemused kestavad eeldatavalt 8-12 kuud.<\/p>\n","protected":false},"excerpt":{"rendered":"<p><span style=\"color: #d83131;\"><strong>Ei ole mu\u0308u\u0308giks ELis!<\/strong><\/span><\/p>\n<p>Perfectha Deep on ristseotud h\u00fcaluroonhappega geel, mis on loodud s\u00fcgavate n\u00e4ojoonte ja naha vajumiste raviks. Lisaks saab Perfectha Deep&#8217;i kasutada huulte mahu suurendamiseks, nina kuju muutmiseks ning nasolabiaalvoltide ja \u201emarionetijoonte\u201c raviks.<\/p>\n<p>90% ristseotuse m\u00e4\u00e4raga geel s\u00fcstitakse s\u00fcgavasse dermisesse (naha s\u00fcgavaim kiht).<\/p>\n","protected":false},"featured_media":19474,"template":"","meta":{"_seopress_robots_primary_cat":"none","_seopress_titles_title":"","_seopress_titles_desc":"","_seopress_robots_index":""},"item":[1548],"product_cat":[154],"product_tag":[],"class_list":{"0":"post-20143","1":"product","2":"type-product","3":"status-publish","4":"has-post-thumbnail","6":"item-perfectha-et","7":"product_cat-fillerid-et","8":"pa_product_main_cat-professionaalne-hooldus","10":"first","11":"instock","12":"taxable","13":"shipping-taxable","14":"purchasable","15":"product-type-simple"},"_links":{"self":[{"href":"https:\/\/cutismedical.shop\/et\/wp-json\/wp\/v2\/product\/20143","targetHints":{"allow":["GET"]}}],"collection":[{"href":"https:\/\/cutismedical.shop\/et\/wp-json\/wp\/v2\/product"}],"about":[{"href":"https:\/\/cutismedical.shop\/et\/wp-json\/wp\/v2\/types\/product"}],"wp:featuredmedia":[{"embeddable":true,"href":"https:\/\/cutismedical.shop\/et\/wp-json\/wp\/v2\/media\/19474"}],"wp:attachment":[{"href":"https:\/\/cutismedical.shop\/et\/wp-json\/wp\/v2\/media?parent=20143"}],"wp:term":[{"taxonomy":"item","embeddable":true,"href":"https:\/\/cutismedical.shop\/et\/wp-json\/wp\/v2\/item?post=20143"},{"taxonomy":"product_cat","embeddable":true,"href":"https:\/\/cutismedical.shop\/et\/wp-json\/wp\/v2\/product_cat?post=20143"},{"taxonomy":"product_tag","embeddable":true,"href":"https:\/\/cutismedical.shop\/et\/wp-json\/wp\/v2\/product_tag?post=20143"}],"curies":[{"name":"wp","href":"https:\/\/api.w.org\/{rel}","templated":true}]}}