{"id":20139,"date":"2021-01-07T16:00:52","date_gmt":"2021-01-07T14:00:52","guid":{"rendered":"https:\/\/cutismedical.com\/shop\/maaratlemata\/filorga-fillmed-balance-booster-10ml\/"},"modified":"2024-11-15T01:05:36","modified_gmt":"2024-11-14T23:05:36","slug":"filorga-fillmed-balance-booster-10ml","status":"publish","type":"product","link":"https:\/\/cutismedical.shop\/et\/shop-es\/nahahooldus\/paikesekaitsekreem-et\/filorga-fillmed-balance-booster-10ml\/","title":{"rendered":"Fillmed | Balance Booster (3 pudelit * 10 ml)"},"content":{"rendered":"<p><strong>Toote koostis:<\/strong><\/p>\n<ul>\n<li>2,4% piimhape<\/li>\n<li>2% salits\u00fc\u00fclhape<\/li>\n<li>3,5% tsingigl\u00fckonaat<\/li>\n<\/ul>\n<p><strong>Fillmed\u00ae Balance Booster 10 ml eelised:<\/strong><\/p>\n<ul>\n<li>\u00d5rn koorija<\/li>\n<li>Parandab naha tekstuuri<\/li>\n<li>V\u00e4hendab ebat\u00e4iuseid<\/li>\n<li>Puhastab nahka<\/li>\n<\/ul>\n<p><strong>Kuidas toodet kasutada?<\/strong><br \/>\nFillmed\u00ae Balance Booster tuleks kanda \u00f5htul enne tavalise \u00f6\u00f6kreemi kasutamist. Enne kasutamist raputage hoolikalt, et saavutada parim nahahoolduse efekt.<\/p>\n","protected":false},"excerpt":{"rendered":"<p>Fillmed Balance Booster on ainulaadne ja v\u00e4ga t\u00f5hus seerum. Balance Booster v\u00e4hendab ebat\u00e4iuseid ja puhastab nahka. Fillmed Balance Booster kombineerib kahte koorivat hapet \u2014 2,4% piimhapet ja 2% salits\u00fc\u00fclhapet, mis koos aitavad koorida ja parandada naha tekstuuri. 3,5% tsingigl\u00fckonaat on puhastavate omadustega ja aitab kontrollida naha l\u00e4iget. Kasutage Fillmed Balance Boosterit \u00f5rnaks naha koorimiseks ja surnud naharakkude eemaldamiseks, et v\u00e4hendada pooride n\u00e4htavust ja \u00fchtlustada naha tekstuuri.<\/p>\n","protected":false},"featured_media":19655,"template":"","meta":{"_seopress_robots_primary_cat":"none","_seopress_titles_title":"","_seopress_titles_desc":"","_seopress_robots_index":""},"item":[1257],"product_cat":[1813,363,1910,1934,1849,1857,1859],"product_tag":[1903,1897],"class_list":{"0":"post-20139","1":"product","2":"type-product","3":"status-publish","4":"has-post-thumbnail","6":"item-fillmed-et-2","7":"product_cat-otstarve","8":"product_cat-seerum-et","9":"product_cat-nahahooldus","10":"product_cat-paikesekaitsekreem-et","11":"product_cat-nahahooldus-nahatuubi-jargi","12":"product_cat-pigmendilaigud","13":"product_cat-laienenud-poorid-ja-mustpead","14":"product_tag-laienenud-poorid-ja-mustpead","15":"product_tag-pigmendilaigud","17":"first","18":"instock","19":"taxable","20":"shipping-taxable","21":"purchasable","22":"product-type-simple"},"_links":{"self":[{"href":"https:\/\/cutismedical.shop\/et\/wp-json\/wp\/v2\/product\/20139","targetHints":{"allow":["GET"]}}],"collection":[{"href":"https:\/\/cutismedical.shop\/et\/wp-json\/wp\/v2\/product"}],"about":[{"href":"https:\/\/cutismedical.shop\/et\/wp-json\/wp\/v2\/types\/product"}],"wp:featuredmedia":[{"embeddable":true,"href":"https:\/\/cutismedical.shop\/et\/wp-json\/wp\/v2\/media\/19655"}],"wp:attachment":[{"href":"https:\/\/cutismedical.shop\/et\/wp-json\/wp\/v2\/media?parent=20139"}],"wp:term":[{"taxonomy":"item","embeddable":true,"href":"https:\/\/cutismedical.shop\/et\/wp-json\/wp\/v2\/item?post=20139"},{"taxonomy":"product_cat","embeddable":true,"href":"https:\/\/cutismedical.shop\/et\/wp-json\/wp\/v2\/product_cat?post=20139"},{"taxonomy":"product_tag","embeddable":true,"href":"https:\/\/cutismedical.shop\/et\/wp-json\/wp\/v2\/product_tag?post=20139"}],"curies":[{"name":"wp","href":"https:\/\/api.w.org\/{rel}","templated":true}]}}