{"id":20133,"date":"2021-01-07T14:32:34","date_gmt":"2021-01-07T12:32:34","guid":{"rendered":"https:\/\/cutismedical.com\/shop\/maaratlemata\/filorga-fillmed-aa-lift-serum-30ml\/"},"modified":"2024-11-14T23:40:28","modified_gmt":"2024-11-14T21:40:28","slug":"filorga-fillmed-aa-lift-serum-30ml","status":"publish","type":"product","link":"https:\/\/cutismedical.shop\/et\/shop-es\/nahahooldus\/kreem-et-prof\/filorga-fillmed-aa-lift-serum-30ml\/","title":{"rendered":"Fillmed | AA-Lift Serum 30 ml"},"content":{"rendered":"<p><strong>Pakk sisaldab:<\/strong><\/p>\n<ul>\n<li>30 ml<\/li>\n<\/ul>\n<p> <strong>Toote koostis:<\/strong> <\/p>\n<ul>\n<li>Kollageen<\/li>\n<li>Elastiini peptiid<\/li>\n<li>Ks\u00fcloos<\/li>\n<li>Sorgo mahl<\/li>\n<\/ul>\n<p> <strong>Fillmed AA-Lift Serum 30ML eelised:<\/strong> <\/p>\n<ul>\n<li>T\u00f5hus vananemisvastane seerum<\/li>\n<li>Parandab naha tugevust ja elastsust<\/li>\n<li>Sobib k\u00f5ikidele nahat\u00fc\u00fcpidele<\/li>\n<\/ul>\n<p> <strong>Kuidas toodet kasutada?<\/strong> Kanna Fillmed AA-lift seerum n\u00e4ole hommikul ja \u00f5htul enne tavalise niisutaja kasutamist.<\/p>\n","protected":false},"excerpt":{"rendered":"<p>Fillmed AA-Lift Serum on t\u00f5hus vananemisvastane seerum, millel on pinguldav ja tugevdav toime k\u00f5igile nahat\u00fc\u00fcpidele. Seerum sisaldab elastiini ja kollageeni stimuleerivaid koostisosi, et parandada naha elastsust ja n\u00e4htavalt suurendada naha tugevust. Fillmed AA-Lift Serum sisaldab selliseid koostisosi nagu kollageen, elastiini peptiid, ks\u00fcloos ja sorgo mahl. K\u00f5ik koos annavad need nahale kasu, taastades naha struktuuri ja kaitstes kiudude tuge, tugevdades naha mikrostruktuuri s\u00fcgava pinguldava efekti saavutamiseks. Lisaks tagab seerum kohese ja pikaajalise pinguldamise ning tugevdamise tulemuse, mis annab n\u00e4o joontele selgema ja t\u00e4idlasema ilme.<\/p>\n","protected":false},"featured_media":19640,"template":"","meta":{"_seopress_robots_primary_cat":"none","_seopress_titles_title":"","_seopress_titles_desc":"","_seopress_robots_index":""},"item":[1257],"product_cat":[1813,363,1910,1928],"product_tag":[],"class_list":{"0":"post-20133","1":"product","2":"type-product","3":"status-publish","4":"has-post-thumbnail","6":"item-fillmed-et-2","7":"product_cat-otstarve","8":"product_cat-seerum-et","9":"product_cat-nahahooldus","10":"product_cat-kreem-et-prof","12":"first","13":"instock","14":"taxable","15":"shipping-taxable","16":"purchasable","17":"product-type-simple"},"_links":{"self":[{"href":"https:\/\/cutismedical.shop\/et\/wp-json\/wp\/v2\/product\/20133","targetHints":{"allow":["GET"]}}],"collection":[{"href":"https:\/\/cutismedical.shop\/et\/wp-json\/wp\/v2\/product"}],"about":[{"href":"https:\/\/cutismedical.shop\/et\/wp-json\/wp\/v2\/types\/product"}],"wp:featuredmedia":[{"embeddable":true,"href":"https:\/\/cutismedical.shop\/et\/wp-json\/wp\/v2\/media\/19640"}],"wp:attachment":[{"href":"https:\/\/cutismedical.shop\/et\/wp-json\/wp\/v2\/media?parent=20133"}],"wp:term":[{"taxonomy":"item","embeddable":true,"href":"https:\/\/cutismedical.shop\/et\/wp-json\/wp\/v2\/item?post=20133"},{"taxonomy":"product_cat","embeddable":true,"href":"https:\/\/cutismedical.shop\/et\/wp-json\/wp\/v2\/product_cat?post=20133"},{"taxonomy":"product_tag","embeddable":true,"href":"https:\/\/cutismedical.shop\/et\/wp-json\/wp\/v2\/product_tag?post=20133"}],"curies":[{"name":"wp","href":"https:\/\/api.w.org\/{rel}","templated":true}]}}