{"id":20126,"date":"2021-01-07T13:26:47","date_gmt":"2021-01-07T11:26:47","guid":{"rendered":"https:\/\/cutismedical.com\/shop\/maaratlemata\/filorga-fillmed-post-peel-100ml\/"},"modified":"2024-11-14T23:52:59","modified_gmt":"2024-11-14T21:52:59","slug":"filorga-fillmed-post-peel-100ml","status":"publish","type":"product","link":"https:\/\/cutismedical.shop\/et\/shop-es\/keemilised-piilingud-et\/filorga-fillmed-post-peel-100ml\/","title":{"rendered":"Fillmed | Post Peel 100 ml"},"content":{"rendered":"<p><strong>Pakk sisaldab:<\/strong><\/p>\n<ul>\n<li>100 ml<\/li>\n<\/ul>\n<p> <strong>Koostisosad:<\/strong> <\/p>\n<ul>\n<li>Naatriumvesinik<\/li>\n<li>Dekstraansulfaat<\/li>\n<\/ul>\n","protected":false},"excerpt":{"rendered":"<h4><span style=\"color: #ed1c24;\"><strong>Ei ole mu\u0308u\u0308giks ELis!<\/strong><\/span><\/h4>\n<p>Fillmed Post Peel\u2019i kasutatakse naha pH tasakaalu taastamiseks p\u00e4rast keemilist koorimist, nagu Fillmed Time Peel ja Fillmed Bright Peel. Fillmed Post Peel sisaldab naatriumvesiniku ja dekstraansulfaati, mis aitavad neutraliseerimisprotsessi p\u00e4rast koorimist. See j\u00e4relt\u00f6\u00f6tlus on sobiv s\u00fcgavaks naha taastamiseks.<\/p>\n","protected":false},"featured_media":19605,"template":"","meta":{"_seopress_robots_primary_cat":"none","_seopress_titles_title":"","_seopress_titles_desc":"","_seopress_robots_index":""},"item":[1257],"product_cat":[153],"product_tag":[],"class_list":{"0":"post-20126","1":"product","2":"type-product","3":"status-publish","4":"has-post-thumbnail","6":"item-fillmed-et-2","7":"product_cat-keemilised-piilingud-et","8":"pa_product_main_cat-professionaalne-hooldus","10":"first","11":"instock","12":"taxable","13":"shipping-taxable","14":"purchasable","15":"product-type-simple"},"_links":{"self":[{"href":"https:\/\/cutismedical.shop\/et\/wp-json\/wp\/v2\/product\/20126","targetHints":{"allow":["GET"]}}],"collection":[{"href":"https:\/\/cutismedical.shop\/et\/wp-json\/wp\/v2\/product"}],"about":[{"href":"https:\/\/cutismedical.shop\/et\/wp-json\/wp\/v2\/types\/product"}],"wp:featuredmedia":[{"embeddable":true,"href":"https:\/\/cutismedical.shop\/et\/wp-json\/wp\/v2\/media\/19605"}],"wp:attachment":[{"href":"https:\/\/cutismedical.shop\/et\/wp-json\/wp\/v2\/media?parent=20126"}],"wp:term":[{"taxonomy":"item","embeddable":true,"href":"https:\/\/cutismedical.shop\/et\/wp-json\/wp\/v2\/item?post=20126"},{"taxonomy":"product_cat","embeddable":true,"href":"https:\/\/cutismedical.shop\/et\/wp-json\/wp\/v2\/product_cat?post=20126"},{"taxonomy":"product_tag","embeddable":true,"href":"https:\/\/cutismedical.shop\/et\/wp-json\/wp\/v2\/product_tag?post=20126"}],"curies":[{"name":"wp","href":"https:\/\/api.w.org\/{rel}","templated":true}]}}