{"id":20125,"date":"2021-01-07T13:17:19","date_gmt":"2021-01-07T11:17:19","guid":{"rendered":"https:\/\/cutismedical.com\/shop\/maaratlemata\/filorga-fillmed-pre-peel-100ml\/"},"modified":"2024-11-14T23:55:09","modified_gmt":"2024-11-14T21:55:09","slug":"filorga-fillmed-pre-peel-100ml","status":"publish","type":"product","link":"https:\/\/cutismedical.shop\/et\/shop-es\/keemilised-piilingud-et\/filorga-fillmed-pre-peel-100ml\/","title":{"rendered":"Fillmed | Pre Peel 100 ml"},"content":{"rendered":"<p><strong>Pakk sisaldab:<\/strong><\/p>\n<ul>\n<li>100 ml<\/li>\n<\/ul>\n<p> <strong>Koostisosad:<\/strong><br \/>\nFillmed Pre Peel sisaldab gl\u00fckonolaktooni, naatriummet\u00fc\u00fclparabeeni ja fenoks\u00fcetanooli.<\/p>\n<p>Fillmed Pre Peel\u2019i kasutatakse naha pH tasakaalu taastamiseks enne keemilise koorimise protseduuri. Pre Peel aitab puhastada nahka, eemaldada liigse rasu ja v\u00e4hendada naha pH taset 4-ni, et keemiline koorimine oleks t\u00f5husam ja j\u00e4taks naha siledamaks ning s\u00e4ravamaks.<\/p>\n","protected":false},"excerpt":{"rendered":"<p>Osta Fillmed Pre Peel, et valmistada nahk ette keemiliseks koorimiseks, n\u00e4iteks Fillmed Time Peel ja Fillmed Bright Peel.<\/p>\n","protected":false},"featured_media":19608,"template":"","meta":{"_seopress_robots_primary_cat":"none","_seopress_titles_title":"","_seopress_titles_desc":"","_seopress_robots_index":""},"item":[1257],"product_cat":[153],"product_tag":[],"class_list":{"0":"post-20125","1":"product","2":"type-product","3":"status-publish","4":"has-post-thumbnail","6":"item-fillmed-et-2","7":"product_cat-keemilised-piilingud-et","8":"pa_product_main_cat-professionaalne-hooldus","10":"first","11":"instock","12":"taxable","13":"shipping-taxable","14":"purchasable","15":"product-type-simple"},"_links":{"self":[{"href":"https:\/\/cutismedical.shop\/et\/wp-json\/wp\/v2\/product\/20125","targetHints":{"allow":["GET"]}}],"collection":[{"href":"https:\/\/cutismedical.shop\/et\/wp-json\/wp\/v2\/product"}],"about":[{"href":"https:\/\/cutismedical.shop\/et\/wp-json\/wp\/v2\/types\/product"}],"wp:featuredmedia":[{"embeddable":true,"href":"https:\/\/cutismedical.shop\/et\/wp-json\/wp\/v2\/media\/19608"}],"wp:attachment":[{"href":"https:\/\/cutismedical.shop\/et\/wp-json\/wp\/v2\/media?parent=20125"}],"wp:term":[{"taxonomy":"item","embeddable":true,"href":"https:\/\/cutismedical.shop\/et\/wp-json\/wp\/v2\/item?post=20125"},{"taxonomy":"product_cat","embeddable":true,"href":"https:\/\/cutismedical.shop\/et\/wp-json\/wp\/v2\/product_cat?post=20125"},{"taxonomy":"product_tag","embeddable":true,"href":"https:\/\/cutismedical.shop\/et\/wp-json\/wp\/v2\/product_tag?post=20125"}],"curies":[{"name":"wp","href":"https:\/\/api.w.org\/{rel}","templated":true}]}}