{"id":20108,"date":"2021-01-07T17:52:56","date_gmt":"2021-01-07T15:52:56","guid":{"rendered":"https:\/\/cutismedical.com\/shop\/maaratlemata\/filorga-fillmed-cab-cleansing-oil-500ml\/"},"modified":"2024-11-15T00:44:57","modified_gmt":"2024-11-14T22:44:57","slug":"filorga-fillmed-cab-cleansing-oil-500ml","status":"publish","type":"product","link":"https:\/\/cutismedical.shop\/et\/shop-es\/nahahooldus\/naopuhastus-et-prof\/filorga-fillmed-cab-cleansing-oil-500ml\/","title":{"rendered":"Fillmed | CAB Puhastus\u00f5li 500 ml"},"content":{"rendered":"<p><strong>Pakendi sisu:<\/strong><\/p>\n<ul>\n<li>500 ml<\/li>\n<\/ul>\n<p><strong>Fillmed CAB Puhastus\u00f5li 500 ml eelised:<\/strong><\/p>\n<ul>\n<li>Eemaldab k\u00f5ik meigit\u00fc\u00fcbid<\/li>\n<li>Niisutab ja puhastab nahka<\/li>\n<li>Sobib k\u00f5igile nahat\u00fc\u00fcpidele<\/li>\n<\/ul>\n","protected":false},"excerpt":{"rendered":"<p>Fillmed CAB Puhastus\u00f5li on t\u00f5hus, kerge kookosp\u00f5hine puhastus\u00f5li. Fillmed CAB Puhastus\u00f5li eemaldab k\u00f5ik meigiliigid, puhastab naha ja j\u00e4tab selle pehmeks ja hoolitsetuks.<\/p>\n","protected":false},"featured_media":19701,"template":"","meta":{"_seopress_robots_primary_cat":"none","_seopress_titles_title":"","_seopress_titles_desc":"","_seopress_robots_index":""},"item":[1257],"product_cat":[1813,195,1910,1913],"product_tag":[1945],"class_list":{"0":"post-20108","1":"product","2":"type-product","3":"status-publish","4":"has-post-thumbnail","6":"item-fillmed-et-2","7":"product_cat-otstarve","8":"product_cat-naopuhastus-et","9":"product_cat-nahahooldus","10":"product_cat-naopuhastus-et-prof","11":"product_tag-koigile-nahatuupidele","13":"first","14":"instock","15":"taxable","16":"shipping-taxable","17":"purchasable","18":"product-type-simple"},"_links":{"self":[{"href":"https:\/\/cutismedical.shop\/et\/wp-json\/wp\/v2\/product\/20108","targetHints":{"allow":["GET"]}}],"collection":[{"href":"https:\/\/cutismedical.shop\/et\/wp-json\/wp\/v2\/product"}],"about":[{"href":"https:\/\/cutismedical.shop\/et\/wp-json\/wp\/v2\/types\/product"}],"wp:featuredmedia":[{"embeddable":true,"href":"https:\/\/cutismedical.shop\/et\/wp-json\/wp\/v2\/media\/19701"}],"wp:attachment":[{"href":"https:\/\/cutismedical.shop\/et\/wp-json\/wp\/v2\/media?parent=20108"}],"wp:term":[{"taxonomy":"item","embeddable":true,"href":"https:\/\/cutismedical.shop\/et\/wp-json\/wp\/v2\/item?post=20108"},{"taxonomy":"product_cat","embeddable":true,"href":"https:\/\/cutismedical.shop\/et\/wp-json\/wp\/v2\/product_cat?post=20108"},{"taxonomy":"product_tag","embeddable":true,"href":"https:\/\/cutismedical.shop\/et\/wp-json\/wp\/v2\/product_tag?post=20108"}],"curies":[{"name":"wp","href":"https:\/\/api.w.org\/{rel}","templated":true}]}}