{"id":20093,"date":"2021-01-07T16:07:38","date_gmt":"2021-01-07T14:07:38","guid":{"rendered":"https:\/\/cutismedical.com\/shop\/maaratlemata\/filorga-fillmed-bright-booster-3-bottles10ml\/"},"modified":"2024-11-15T01:00:33","modified_gmt":"2024-11-14T23:00:33","slug":"filorga-fillmed-bright-booster-3-bottles10ml","status":"publish","type":"product","link":"https:\/\/cutismedical.shop\/et\/shop-es\/nahahooldus\/seerum-et-prof\/filorga-fillmed-bright-booster-3-bottles10ml\/","title":{"rendered":"Fillmed | Bright Booster (3 pudelit*10 ml)"},"content":{"rendered":"<p><strong>Toote koostis:<\/strong><\/p>\n<ul>\n<li>10% gl\u00fckoolhape<\/li>\n<li>2,5% fitiinhape<\/li>\n<li>1% heks\u00fc\u00fclresortsinool<\/li>\n<\/ul>\n<p><strong>Fillmed Bright Booster 10 ml eelised:<\/strong><\/p>\n<ul>\n<li>K\u00f5rge aktiivainete kontsentratsioon<\/li>\n<li>Nahka helendav seerum<\/li>\n<li>Parandab naha tekstuuri<\/li>\n<li>Stimuleerib rakkude uuenemist<\/li>\n<\/ul>\n<p><strong>Kuidas toodet kasutada?<\/strong><br \/>\nKasutage Fillmed Bright Boosterit ligikaudu iga 10 p\u00e4eva tagant. Kandke nahale ja laske seerumil kuivada 10 minutit enne \u00f6\u00f6kreemi pealekandmist. Suure aktiivainete sisalduse t\u00f5ttu soovitatakse esimesel kasutusn\u00e4dalal kasutada seerumit maksimaalselt kolm p\u00e4eva. Lisaks tuleks h\u00fcperpigmentatsiooni ravi ajal iga p\u00e4ev kasutada k\u00f5rge SPF-ga kaitsekreemi.<\/p>\n","protected":false},"excerpt":{"rendered":"<p>Fillmed Bright Booster on intensiivne seerum, mis on spetsiaalselt v\u00e4lja t\u00f6\u00f6tatud h\u00fcperpigmentatsiooni ja eba\u00fchtlase nahatooni raviks. Gl\u00fckool- ja fitiinhappe sisalduse t\u00f5ttu stimuleerib seerum rakkude uuenemist, mis parandab naha heledust ja \u00fchtlust. Lisaks rikastab koostises olev heks\u00fc\u00fclresortsinool seerumit antioks\u00fcdantidega ja blokeerib melaniini tootmise, et v\u00e4hendada h\u00fcperpigmentatsiooni.<\/p>\n","protected":false},"featured_media":19662,"template":"","meta":{"_seopress_robots_primary_cat":"none","_seopress_titles_title":"","_seopress_titles_desc":"","_seopress_robots_index":""},"item":[1257],"product_cat":[1813,363,1910,1931,1849,1857],"product_tag":[1897],"class_list":{"0":"post-20093","1":"product","2":"type-product","3":"status-publish","4":"has-post-thumbnail","6":"item-fillmed-et-2","7":"product_cat-otstarve","8":"product_cat-seerum-et","9":"product_cat-nahahooldus","10":"product_cat-seerum-et-prof","11":"product_cat-nahahooldus-nahatuubi-jargi","12":"product_cat-pigmendilaigud","13":"product_tag-pigmendilaigud","15":"first","16":"instock","17":"taxable","18":"shipping-taxable","19":"purchasable","20":"product-type-simple"},"_links":{"self":[{"href":"https:\/\/cutismedical.shop\/et\/wp-json\/wp\/v2\/product\/20093","targetHints":{"allow":["GET"]}}],"collection":[{"href":"https:\/\/cutismedical.shop\/et\/wp-json\/wp\/v2\/product"}],"about":[{"href":"https:\/\/cutismedical.shop\/et\/wp-json\/wp\/v2\/types\/product"}],"wp:featuredmedia":[{"embeddable":true,"href":"https:\/\/cutismedical.shop\/et\/wp-json\/wp\/v2\/media\/19662"}],"wp:attachment":[{"href":"https:\/\/cutismedical.shop\/et\/wp-json\/wp\/v2\/media?parent=20093"}],"wp:term":[{"taxonomy":"item","embeddable":true,"href":"https:\/\/cutismedical.shop\/et\/wp-json\/wp\/v2\/item?post=20093"},{"taxonomy":"product_cat","embeddable":true,"href":"https:\/\/cutismedical.shop\/et\/wp-json\/wp\/v2\/product_cat?post=20093"},{"taxonomy":"product_tag","embeddable":true,"href":"https:\/\/cutismedical.shop\/et\/wp-json\/wp\/v2\/product_tag?post=20093"}],"curies":[{"name":"wp","href":"https:\/\/api.w.org\/{rel}","templated":true}]}}