{"id":20078,"date":"2021-01-07T18:54:25","date_gmt":"2021-01-07T16:54:25","guid":{"rendered":"https:\/\/cutismedical.com\/shop\/maaratlemata\/filorga-fillmed-cleansing-oil-200ml\/"},"modified":"2024-11-15T00:30:07","modified_gmt":"2024-11-14T22:30:07","slug":"filorga-fillmed-cleansing-oil-200ml","status":"publish","type":"product","link":"https:\/\/cutismedical.shop\/et\/shop-es\/nahahooldus\/naopuhastus-et-prof\/filorga-fillmed-cleansing-oil-200ml\/","title":{"rendered":"Fillmed | Puhastus\u00f5li 200 ml"},"content":{"rendered":"<p><strong>Pakendi sisu:<\/strong><\/p>\n<ul>\n<li>200 ml<\/li>\n<\/ul>\n<p><strong>Fillmed Cleansing Oil 200 ml eelised:<\/strong><\/p>\n<ul>\n<li>Eemaldab k\u00f5ik meigit\u00fc\u00fcbid<\/li>\n<li>Niisutab ja puhastab nahka<\/li>\n<\/ul>\n<p><strong>Kuidas toodet kasutada?<\/strong> Kandke Fillmed Cleansing Oil n\u00e4ole hommikul ja \u00f5htul naha puhastajana.<\/p>\n","protected":false},"excerpt":{"rendered":"<p>Fillmed Cleansing Oil on t\u00f5hus kerge kookos\u00f5li baasil puhastus\u00f5li. Kasutage Fillmed Cleansing Oil\u2019i, et eemaldada \u00f5rnalt k\u00f5ik meigij\u00e4\u00e4gid ja s\u00fcgavalt puhastada nahka. Puhastus\u00f5li sobib k\u00f5ikidele nahat\u00fc\u00fcpidele ja j\u00e4tab n\u00e4o pehmeks, niisutatuks ja toidetuks.<\/p>\n","protected":false},"featured_media":19732,"template":"","meta":{"_seopress_robots_primary_cat":"none","_seopress_titles_title":"","_seopress_titles_desc":"","_seopress_robots_index":""},"item":[1257],"product_cat":[1813,195,1910,1913],"product_tag":[1945],"class_list":{"0":"post-20078","1":"product","2":"type-product","3":"status-publish","4":"has-post-thumbnail","6":"item-fillmed-et-2","7":"product_cat-otstarve","8":"product_cat-naopuhastus-et","9":"product_cat-nahahooldus","10":"product_cat-naopuhastus-et-prof","11":"product_tag-koigile-nahatuupidele","13":"first","14":"instock","15":"taxable","16":"shipping-taxable","17":"purchasable","18":"product-type-simple"},"_links":{"self":[{"href":"https:\/\/cutismedical.shop\/et\/wp-json\/wp\/v2\/product\/20078","targetHints":{"allow":["GET"]}}],"collection":[{"href":"https:\/\/cutismedical.shop\/et\/wp-json\/wp\/v2\/product"}],"about":[{"href":"https:\/\/cutismedical.shop\/et\/wp-json\/wp\/v2\/types\/product"}],"wp:featuredmedia":[{"embeddable":true,"href":"https:\/\/cutismedical.shop\/et\/wp-json\/wp\/v2\/media\/19732"}],"wp:attachment":[{"href":"https:\/\/cutismedical.shop\/et\/wp-json\/wp\/v2\/media?parent=20078"}],"wp:term":[{"taxonomy":"item","embeddable":true,"href":"https:\/\/cutismedical.shop\/et\/wp-json\/wp\/v2\/item?post=20078"},{"taxonomy":"product_cat","embeddable":true,"href":"https:\/\/cutismedical.shop\/et\/wp-json\/wp\/v2\/product_cat?post=20078"},{"taxonomy":"product_tag","embeddable":true,"href":"https:\/\/cutismedical.shop\/et\/wp-json\/wp\/v2\/product_tag?post=20078"}],"curies":[{"name":"wp","href":"https:\/\/api.w.org\/{rel}","templated":true}]}}