{"id":20068,"date":"2021-01-05T15:47:35","date_gmt":"2021-01-05T13:47:35","guid":{"rendered":"https:\/\/cutismedical.com\/shop\/maaratlemata\/neauvia-organic-intense-11ml\/"},"modified":"2024-11-22T16:37:01","modified_gmt":"2024-11-22T14:37:01","slug":"neauvia-organic-intense-11ml","status":"publish","type":"product","link":"https:\/\/cutismedical.shop\/et\/shop-es\/fillerid-et\/neauvia-organic-intense-11ml\/","title":{"rendered":"Neauvia organic. Intense (1*1 ml)"},"content":{"rendered":"<p><strong>Pakendi sisu:<\/strong><\/p>\n<ul>\n<li>1 s\u00fcstal mahuga 1 ml<\/li>\n<\/ul>\n<p> <strong>Toote koostis:<\/strong> <\/p>\n<ul>\n<li>28 mg\/ml h\u00fcaluroonhapet, ristsidestatud PEG-ga<\/li>\n<li>Gl\u00fctsiin ja L-proliin<\/li>\n<\/ul>\n<p> <strong>Neauvia\u00ae Organic Intense eelised:<\/strong> <\/p>\n<ul>\n<li>K\u00f5rge h\u00fcaluroonhappe kontsentratsioon suurep\u00e4raseks niisutuseks<\/li>\n<li>Fantastiline t\u00f5stev efekt<\/li>\n<li>S\u00fcgav koemahu taastamine ja korrigeerimine<\/li>\n<\/ul>\n<p> <strong>Kaua tulemus kestab?<\/strong><br \/>\nTulemused on n\u00e4htavad kohe p\u00e4rast esimest protseduuri. Aeglane biodegradeerimine tagab pikaajalise efekti.<\/p>\n","protected":false},"excerpt":{"rendered":"<p>Neauvia Organic Intense on orgaaniline t\u00e4iteaine, mis sisaldab k\u00f5rgeimat saadaolevat h\u00fcaluroonhappe kontsentratsiooni. Neauvia Organic Intense annab t\u00f5stva efekti ja kohandub h\u00e4sti kudedega, aidates saavutada soovitud tulemusi. Neauvia\u00ae Organic Intense sobib eriti h\u00e4sti naha s\u00fcgavate lohkude (sealhulgas s\u00fcgavate kortsude ja nasolabiaalvoltide) t\u00e4itmiseks, p\u00f5skede, l\u00f5ua ja nina modelleerimiseks ning n\u00e4o kontuurimiseks keskmise ja tugevalt vananeva naha puhul.<\/p>\n","protected":false},"featured_media":19374,"template":"","meta":{"_seopress_robots_primary_cat":"none","_seopress_titles_title":"","_seopress_titles_desc":"","_seopress_robots_index":""},"item":[1678],"product_cat":[154],"product_tag":[],"class_list":{"0":"post-20068","1":"product","2":"type-product","3":"status-publish","4":"has-post-thumbnail","6":"item-neauvia-organic-et","7":"product_cat-fillerid-et","8":"pa_product_main_cat-professionaalne-hooldus","10":"first","11":"instock","12":"taxable","13":"shipping-taxable","14":"purchasable","15":"product-type-simple"},"_links":{"self":[{"href":"https:\/\/cutismedical.shop\/et\/wp-json\/wp\/v2\/product\/20068","targetHints":{"allow":["GET"]}}],"collection":[{"href":"https:\/\/cutismedical.shop\/et\/wp-json\/wp\/v2\/product"}],"about":[{"href":"https:\/\/cutismedical.shop\/et\/wp-json\/wp\/v2\/types\/product"}],"wp:featuredmedia":[{"embeddable":true,"href":"https:\/\/cutismedical.shop\/et\/wp-json\/wp\/v2\/media\/19374"}],"wp:attachment":[{"href":"https:\/\/cutismedical.shop\/et\/wp-json\/wp\/v2\/media?parent=20068"}],"wp:term":[{"taxonomy":"item","embeddable":true,"href":"https:\/\/cutismedical.shop\/et\/wp-json\/wp\/v2\/item?post=20068"},{"taxonomy":"product_cat","embeddable":true,"href":"https:\/\/cutismedical.shop\/et\/wp-json\/wp\/v2\/product_cat?post=20068"},{"taxonomy":"product_tag","embeddable":true,"href":"https:\/\/cutismedical.shop\/et\/wp-json\/wp\/v2\/product_tag?post=20068"}],"curies":[{"name":"wp","href":"https:\/\/api.w.org\/{rel}","templated":true}]}}