{"id":20067,"date":"2021-01-05T15:34:36","date_gmt":"2021-01-05T13:34:36","guid":{"rendered":"https:\/\/cutismedical.com\/shop\/maaratlemata\/neauvia-organic-intense-flux-11ml\/"},"modified":"2024-11-14T23:18:35","modified_gmt":"2024-11-14T21:18:35","slug":"neauvia-organic-intense-flux-11ml","status":"publish","type":"product","link":"https:\/\/cutismedical.shop\/et\/shop-es\/fillerid-et\/neauvia-organic-intense-flux-11ml\/","title":{"rendered":"Neauvia organic. Intense Flux (1*1 ml)"},"content":{"rendered":"<p><strong>Pakendi sisu:<\/strong><\/p>\n<ul>\n<li>1 s\u00fcstal mahuga 1 ml<\/li>\n<\/ul>\n<p> <strong>Toote koostis:<\/strong> <\/p>\n<ul>\n<li>26 mg\/ml h\u00fcaluroonhapet, ristsidestatud PEG-pol\u00fcmeeriga<\/li>\n<li>Gl\u00fctsiin ja L-proliin<\/li>\n<\/ul>\n<p> <strong>Neauvia Organic Intense Flux eelised:<\/strong> <\/p>\n<ul>\n<li>K\u00f5rge h\u00fcaluroonhappe kontsentratsioon ja madal viskoelastsus<\/li>\n<li>S\u00fcgav koemahtude taastamine<\/li>\n<li>Tasakaalustatud ristsidumise tase ja k\u00f5rge kohanemisv\u00f5ime kudedega<\/li>\n<li>Ravialad: nasolabiaalvoltide t\u00e4itmine, huulte suurendamine, n\u00e4o kontuuride t\u00f5stmine, l\u00f5ua modelleerimine, p\u00f5skede modelleerimine<\/li>\n<\/ul>\n<p> <strong>Kaua tulemus kestab?<\/strong><br \/>\nTulemused on n\u00e4htavad kohe p\u00e4rast esimest protseduuri. Aeglane biodegradeerimine tagab pikaajalise efekti.<\/p>\n","protected":false},"excerpt":{"rendered":"<p><span style=\"color: #ed1c24;\"><strong>Ei ole mu\u0308u\u0308giks ELis!<\/strong><\/span><\/p>\n<p>Neauvia Organic Intense Flux on orgaaniline t\u00e4iteaine, millel on madal viskoelastsus ja k\u00f5rge biointegratsioon. Neauvia\u00ae Organic Intense Flux on m\u00f5eldud s\u00fcgavate kudede mahu taastamiseks m\u00f5\u00f5duka ja tugeva vananemisega naha puhul. Sobib s\u00fcstimiseks dermakihti. Tasakaalustatud ristsidumise tase muudab Intense Fluxi h\u00e4sti kudedega kohanduvaks, mis aitab anatoomilises piirkonnas mahtu suurendada.<\/p>\n","protected":false},"featured_media":19370,"template":"","meta":{"_seopress_robots_primary_cat":"none","_seopress_titles_title":"","_seopress_titles_desc":"","_seopress_robots_index":""},"item":[1678],"product_cat":[154],"product_tag":[],"class_list":{"0":"post-20067","1":"product","2":"type-product","3":"status-publish","4":"has-post-thumbnail","6":"item-neauvia-organic-et","7":"product_cat-fillerid-et","8":"pa_product_main_cat-professionaalne-hooldus","10":"first","11":"instock","12":"taxable","13":"shipping-taxable","14":"purchasable","15":"product-type-simple"},"_links":{"self":[{"href":"https:\/\/cutismedical.shop\/et\/wp-json\/wp\/v2\/product\/20067","targetHints":{"allow":["GET"]}}],"collection":[{"href":"https:\/\/cutismedical.shop\/et\/wp-json\/wp\/v2\/product"}],"about":[{"href":"https:\/\/cutismedical.shop\/et\/wp-json\/wp\/v2\/types\/product"}],"wp:featuredmedia":[{"embeddable":true,"href":"https:\/\/cutismedical.shop\/et\/wp-json\/wp\/v2\/media\/19370"}],"wp:attachment":[{"href":"https:\/\/cutismedical.shop\/et\/wp-json\/wp\/v2\/media?parent=20067"}],"wp:term":[{"taxonomy":"item","embeddable":true,"href":"https:\/\/cutismedical.shop\/et\/wp-json\/wp\/v2\/item?post=20067"},{"taxonomy":"product_cat","embeddable":true,"href":"https:\/\/cutismedical.shop\/et\/wp-json\/wp\/v2\/product_cat?post=20067"},{"taxonomy":"product_tag","embeddable":true,"href":"https:\/\/cutismedical.shop\/et\/wp-json\/wp\/v2\/product_tag?post=20067"}],"curies":[{"name":"wp","href":"https:\/\/api.w.org\/{rel}","templated":true}]}}