{"id":20061,"date":"2021-01-05T12:32:49","date_gmt":"2021-01-05T10:32:49","guid":{"rendered":"https:\/\/cutismedical.com\/shop\/maaratlemata\/aqualyx-10pcs8ml\/"},"modified":"2024-12-25T14:19:39","modified_gmt":"2024-12-25T12:19:39","slug":"aqualyx-10pcs8ml","status":"publish","type":"product","link":"https:\/\/cutismedical.shop\/et\/shop-es\/mesoteraapia-et\/body-mesotherapy-et\/aqualyx-10pcs8ml\/","title":{"rendered":"Aqualyx (10tk*8ml)"},"content":{"rendered":"<p>Aqualyx\u00ae t\u00f6\u00f6tas v\u00e4lja tuntud esteetiline kirurg, professor Motolese. Toode on rahvusvaheliselt saadaval alates 2009. aastast ja enam kui 2 000 000 viaali on kasutatud patsientide raviks 49 riigis \u00fcle kogu maailma.<\/p>\n<p>Professor Motolese t\u00f6\u00f6tas v\u00e4lja tehnika, mida nimetatakse &#8220;Aqual\u00fc\u00fcs\u2122&#8221; v\u00f5i &#8220;Akvaplastika\u2122&#8221; ja mida teostatakse t\u00e4pse protokolli alusel. Aqual\u00fc\u00fcs\u2122 v\u00f5i Akvaplastika\u2122 seisneb lahuse s\u00fcstimises lokaliseeritud rasvapiirkondadesse, nagu reied, k\u00f5ht, l\u00f5ug ja p\u00f5lved. Seda saab kasutada ka meeste pseudog\u00fcnekomastia raviks. Aqualyx\u00ae vedeldab rasvarakke, h\u00e4vitades need j\u00e4\u00e4davalt ning vabastades lipiide, mis seej\u00e4rel eemaldatakse l\u00fcmfis\u00fcsteemi kaudu.<\/p>\n<p>Aqual\u00fc\u00fcs\u2122 v\u00f5ib kombineerida ultraheliseadmega, et h\u00f5lbustada Aqualyx\u00ae levimist lokaliseeritud rasvarakkudesse.<\/p>\n<hr \/>\n<p><strong>Milleks kasutatakse Aqualyx\u00ae-i?<\/strong><\/p>\n<p>Seda kasutatakse Aqual\u00fc\u00fcs- v\u00f5i Akvaplastika-raviks, et v\u00e4hendada lokaliseeritud, kangekaelseid rasvavarusid sellistes piirkondades nagu l\u00f5ug, k\u00f5ht, reite sisemine ja v\u00e4limine k\u00fclg, puusad, p\u00f5lved jne.<\/p>\n<p><a href=\"https:\/\/cutismedical.com\/wp-content\/uploads\/2021\/01\/zpa_ju91dl4.jpg\"><img loading=\"lazy\" decoding=\"async\" class=\"alignnone size-full wp-image-35254\" src=\"https:\/\/cutismedical.com\/wp-content\/uploads\/2021\/01\/zpa_ju91dl4.jpg\" alt=\"\" width=\"800\" height=\"393\" srcset=\"https:\/\/cutismedical.shop\/wp-content\/uploads\/2021\/01\/zpa_ju91dl4.jpg 800w, https:\/\/cutismedical.shop\/wp-content\/uploads\/2021\/01\/zpa_ju91dl4-150x74.jpg 150w, https:\/\/cutismedical.shop\/wp-content\/uploads\/2021\/01\/zpa_ju91dl4-592x291.jpg 592w, https:\/\/cutismedical.shop\/wp-content\/uploads\/2021\/01\/zpa_ju91dl4-768x377.jpg 768w, https:\/\/cutismedical.shop\/wp-content\/uploads\/2021\/01\/zpa_ju91dl4-510x251.jpg 510w\" sizes=\"auto, (max-width: 800px) 100vw, 800px\" \/><\/a><\/p>\n<p><strong>Kui kiiresti on tulemusi n\u00e4ha?<\/strong><\/p>\n<p>Rasvavarude v\u00e4henemist on tavaliselt n\u00e4ha juba p\u00e4rast esimest protseduuri, kuid optimaalse efekti saavutamiseks on vajalikud kolm kuni kaheksa seanssi. Tulemuse ilmnemise kiirus s\u00f5ltub rakkude membraanide stabiilsusest; noorematel patsientidel v\u00f5ivad tulemused ilmneda hiljem. Tulemused v\u00f5ivad arstiti ja patsiendi vanusest varieeruda.<\/p>\n<p><strong>Kellele on protseduur sobilik?<\/strong><\/p>\n<p>Protseduur sobib patsientidele, kes ei soovi invasiivsemaid meetodeid nagu rasvaimu v\u00f5i laserlipo, kellel pole palju eemaldatavat rasva ja kes on \u00fcle 18 ning alla 60 aasta vanad. Protseduur ei sobi rasedatele v\u00f5i imetavatele naistele ega patsientidele patoloogiliste seisunditega.<\/p>\n<p><strong>Kas protseduur sobib \u00fclekaalulistele patsientidele kui kaalulangetamise meetod?<\/strong><\/p>\n<p>Ei, Aqualyx\u00ae ja Aqual\u00fc\u00fcs on suunatud kangekaelsete rasvakogumite v\u00e4hendamisele.<\/p>\n<p><strong>Millised on k\u00f5rvaltoimed?<\/strong><\/p>\n<p>Alates toote turule tulekust on globaalselt registreeritud minimaalsed k\u00f5rvaltoimed, kuid patsientidel v\u00f5ib esineda kerget naha\u00e4rritust, sinikaid ja turset, mis taanduvad m\u00f5ne p\u00e4evaga.<\/p>\n<hr \/>\n<h4>ENNE JA P\u00c4RAST FOTOD:<\/h4>\n<p><a href=\"https:\/\/cutismedical.com\/wp-content\/uploads\/2021\/01\/prof_m_1.jpg\"><img loading=\"lazy\" decoding=\"async\" class=\"alignnone size-full wp-image-35239\" src=\"https:\/\/cutismedical.com\/wp-content\/uploads\/2021\/01\/prof_m_1.jpg\" alt=\"\" width=\"951\" height=\"305\" srcset=\"https:\/\/cutismedical.shop\/wp-content\/uploads\/2021\/01\/prof_m_1.jpg 951w, https:\/\/cutismedical.shop\/wp-content\/uploads\/2021\/01\/prof_m_1-150x48.jpg 150w, https:\/\/cutismedical.shop\/wp-content\/uploads\/2021\/01\/prof_m_1-592x190.jpg 592w, https:\/\/cutismedical.shop\/wp-content\/uploads\/2021\/01\/prof_m_1-800x257.jpg 800w, https:\/\/cutismedical.shop\/wp-content\/uploads\/2021\/01\/prof_m_1-768x246.jpg 768w, https:\/\/cutismedical.shop\/wp-content\/uploads\/2021\/01\/prof_m_1-510x164.jpg 510w\" sizes=\"auto, (max-width: 951px) 100vw, 951px\" \/><\/a> <a href=\"https:\/\/cutismedical.com\/wp-content\/uploads\/2021\/01\/prof_m_2.jpg\"><img loading=\"lazy\" decoding=\"async\" class=\"alignnone size-full wp-image-35242\" src=\"https:\/\/cutismedical.com\/wp-content\/uploads\/2021\/01\/prof_m_2.jpg\" alt=\"\" width=\"951\" height=\"305\" srcset=\"https:\/\/cutismedical.shop\/wp-content\/uploads\/2021\/01\/prof_m_2.jpg 951w, https:\/\/cutismedical.shop\/wp-content\/uploads\/2021\/01\/prof_m_2-150x48.jpg 150w, https:\/\/cutismedical.shop\/wp-content\/uploads\/2021\/01\/prof_m_2-592x190.jpg 592w, https:\/\/cutismedical.shop\/wp-content\/uploads\/2021\/01\/prof_m_2-800x257.jpg 800w, https:\/\/cutismedical.shop\/wp-content\/uploads\/2021\/01\/prof_m_2-768x246.jpg 768w, https:\/\/cutismedical.shop\/wp-content\/uploads\/2021\/01\/prof_m_2-510x164.jpg 510w\" sizes=\"auto, (max-width: 951px) 100vw, 951px\" \/><\/a> <a href=\"https:\/\/cutismedical.com\/wp-content\/uploads\/2021\/01\/vw_ba_3.jpg\"><img loading=\"lazy\" decoding=\"async\" class=\"alignnone size-full wp-image-35245\" src=\"https:\/\/cutismedical.com\/wp-content\/uploads\/2021\/01\/vw_ba_3.jpg\" alt=\"\" width=\"951\" height=\"305\" srcset=\"https:\/\/cutismedical.shop\/wp-content\/uploads\/2021\/01\/vw_ba_3.jpg 951w, https:\/\/cutismedical.shop\/wp-content\/uploads\/2021\/01\/vw_ba_3-150x48.jpg 150w, https:\/\/cutismedical.shop\/wp-content\/uploads\/2021\/01\/vw_ba_3-592x190.jpg 592w, https:\/\/cutismedical.shop\/wp-content\/uploads\/2021\/01\/vw_ba_3-800x257.jpg 800w, https:\/\/cutismedical.shop\/wp-content\/uploads\/2021\/01\/vw_ba_3-768x246.jpg 768w, https:\/\/cutismedical.shop\/wp-content\/uploads\/2021\/01\/vw_ba_3-510x164.jpg 510w\" sizes=\"auto, (max-width: 951px) 100vw, 951px\" \/><\/a> <a href=\"https:\/\/cutismedical.com\/wp-content\/uploads\/2021\/01\/vw_ba1.jpg\"><img loading=\"lazy\" decoding=\"async\" class=\"alignnone size-full wp-image-35248\" src=\"https:\/\/cutismedical.com\/wp-content\/uploads\/2021\/01\/vw_ba1.jpg\" alt=\"\" width=\"951\" height=\"305\" srcset=\"https:\/\/cutismedical.shop\/wp-content\/uploads\/2021\/01\/vw_ba1.jpg 951w, https:\/\/cutismedical.shop\/wp-content\/uploads\/2021\/01\/vw_ba1-150x48.jpg 150w, https:\/\/cutismedical.shop\/wp-content\/uploads\/2021\/01\/vw_ba1-592x190.jpg 592w, https:\/\/cutismedical.shop\/wp-content\/uploads\/2021\/01\/vw_ba1-800x257.jpg 800w, https:\/\/cutismedical.shop\/wp-content\/uploads\/2021\/01\/vw_ba1-768x246.jpg 768w, https:\/\/cutismedical.shop\/wp-content\/uploads\/2021\/01\/vw_ba1-510x164.jpg 510w\" sizes=\"auto, (max-width: 951px) 100vw, 951px\" \/><\/a> <a href=\"https:\/\/cutismedical.com\/wp-content\/uploads\/2021\/01\/vw_ba2.jpg\"><img loading=\"lazy\" decoding=\"async\" class=\"alignnone size-full wp-image-35251\" src=\"https:\/\/cutismedical.com\/wp-content\/uploads\/2021\/01\/vw_ba2.jpg\" alt=\"\" width=\"951\" height=\"305\" srcset=\"https:\/\/cutismedical.shop\/wp-content\/uploads\/2021\/01\/vw_ba2.jpg 951w, https:\/\/cutismedical.shop\/wp-content\/uploads\/2021\/01\/vw_ba2-150x48.jpg 150w, https:\/\/cutismedical.shop\/wp-content\/uploads\/2021\/01\/vw_ba2-592x190.jpg 592w, https:\/\/cutismedical.shop\/wp-content\/uploads\/2021\/01\/vw_ba2-800x257.jpg 800w, https:\/\/cutismedical.shop\/wp-content\/uploads\/2021\/01\/vw_ba2-768x246.jpg 768w, https:\/\/cutismedical.shop\/wp-content\/uploads\/2021\/01\/vw_ba2-510x164.jpg 510w\" sizes=\"auto, (max-width: 951px) 100vw, 951px\" \/><\/a><\/p>\n","protected":false},"excerpt":{"rendered":"<h4><span style=\"color: #ed1c24;\"><strong>Ei ole mu\u0308u\u0308giks ELis!<\/strong><\/span><\/h4>\n<p>Aqualyx\u00ae on deoks\u00fckolaadi perekonna \u00fchendlahus, mis on f\u00fc\u00fcsiliselt modifitseeritud, luues aeglase vabanemise s\u00fcsteemi suhkru baasil, mis v\u00e4hendab bioloogilist poolv\u00e4\u00e4rtusaega ja viib minimaalsete k\u00f5rvaltoimeteni.<\/p>\n","protected":false},"featured_media":19348,"template":"","meta":{"_seopress_robots_primary_cat":"none","_seopress_titles_title":"","_seopress_titles_desc":"","_seopress_robots_index":""},"item":[1533],"product_cat":[155,1131],"product_tag":[1906],"class_list":{"0":"post-20061","1":"product","2":"type-product","3":"status-publish","4":"has-post-thumbnail","6":"item-marllor-et","7":"product_cat-mesoteraapia-et","8":"product_cat-body-mesotherapy-et","9":"product_tag-tselluliit","10":"pa_product_main_cat-professionaalne-hooldus","12":"first","13":"instock","14":"sale","15":"taxable","16":"shipping-taxable","17":"purchasable","18":"product-type-simple"},"_links":{"self":[{"href":"https:\/\/cutismedical.shop\/et\/wp-json\/wp\/v2\/product\/20061","targetHints":{"allow":["GET"]}}],"collection":[{"href":"https:\/\/cutismedical.shop\/et\/wp-json\/wp\/v2\/product"}],"about":[{"href":"https:\/\/cutismedical.shop\/et\/wp-json\/wp\/v2\/types\/product"}],"wp:featuredmedia":[{"embeddable":true,"href":"https:\/\/cutismedical.shop\/et\/wp-json\/wp\/v2\/media\/19348"}],"wp:attachment":[{"href":"https:\/\/cutismedical.shop\/et\/wp-json\/wp\/v2\/media?parent=20061"}],"wp:term":[{"taxonomy":"item","embeddable":true,"href":"https:\/\/cutismedical.shop\/et\/wp-json\/wp\/v2\/item?post=20061"},{"taxonomy":"product_cat","embeddable":true,"href":"https:\/\/cutismedical.shop\/et\/wp-json\/wp\/v2\/product_cat?post=20061"},{"taxonomy":"product_tag","embeddable":true,"href":"https:\/\/cutismedical.shop\/et\/wp-json\/wp\/v2\/product_tag?post=20061"}],"curies":[{"name":"wp","href":"https:\/\/api.w.org\/{rel}","templated":true}]}}