{"id":20032,"date":"2021-01-12T12:15:16","date_gmt":"2021-01-12T10:15:16","guid":{"rendered":"https:\/\/cutismedical.com\/shop\/maaratlemata\/filorga-fillmed-hab5-hydra-serum-30-ml\/"},"modified":"2024-11-15T00:09:43","modified_gmt":"2024-11-14T22:09:43","slug":"filorga-fillmed-hab5-hydra-serum-30-ml","status":"publish","type":"product","link":"https:\/\/cutismedical.shop\/et\/shop-es\/nahahooldus-nahatuubi-jargi\/kortsud\/filorga-fillmed-hab5-hydra-serum-30-ml\/","title":{"rendered":"Fillmed | HAB5-Hydra Serum 30 ml"},"content":{"rendered":"<p><strong>Pakendi sisu:<\/strong><\/p>\n<ul>\n<li>30 ml<\/li>\n<\/ul>\n<p><strong>Fillmed HAB5 HYDRA SERUM 30ML eelised:<\/strong><\/p>\n<ul>\n<li>24-tunnine niisutus<\/li>\n<li>Intensiivne niisutav hooldus<\/li>\n<li>V\u00e4hendab kortsude n\u00e4htavust<\/li>\n<\/ul>\n<p><strong>Kuidas toodet kasutada?<\/strong> Kandke Fillmed HAB5-Hydra seerumit igap\u00e4evaselt enne tavalise niisutaja kasutamist.<\/p>\n","protected":false},"excerpt":{"rendered":"<p>Fillmed HAB5-Hydra Serum on intensiivne niisutav hooldus k\u00f5ikidele nahat\u00fc\u00fcpidele. Kasutage Fillmed HAB5-Hydra Serumi, et parandada naha niiskustaset, v\u00e4hendada kortsude ja kareda naha n\u00e4htavust, leevendada p\u00f5letikku ja pakkuda 24-tunnist niisutust.<\/p>\n","protected":false},"featured_media":19850,"template":"","meta":{"_seopress_robots_primary_cat":"none","_seopress_titles_title":"","_seopress_titles_desc":"","_seopress_robots_index":""},"item":[1257],"product_cat":[1813,363,1849,1853,1858],"product_tag":[1885,1900],"class_list":{"0":"post-20032","1":"product","2":"type-product","3":"status-publish","4":"has-post-thumbnail","6":"item-fillmed-et-2","7":"product_cat-otstarve","8":"product_cat-seerum-et","9":"product_cat-nahahooldus-nahatuubi-jargi","10":"product_cat-kortsud","11":"product_cat-lotvunud-nahk","12":"product_tag-kortsud","13":"product_tag-lotvunud-nahk","15":"first","16":"instock","17":"taxable","18":"shipping-taxable","19":"purchasable","20":"product-type-simple"},"_links":{"self":[{"href":"https:\/\/cutismedical.shop\/et\/wp-json\/wp\/v2\/product\/20032","targetHints":{"allow":["GET"]}}],"collection":[{"href":"https:\/\/cutismedical.shop\/et\/wp-json\/wp\/v2\/product"}],"about":[{"href":"https:\/\/cutismedical.shop\/et\/wp-json\/wp\/v2\/types\/product"}],"wp:featuredmedia":[{"embeddable":true,"href":"https:\/\/cutismedical.shop\/et\/wp-json\/wp\/v2\/media\/19850"}],"wp:attachment":[{"href":"https:\/\/cutismedical.shop\/et\/wp-json\/wp\/v2\/media?parent=20032"}],"wp:term":[{"taxonomy":"item","embeddable":true,"href":"https:\/\/cutismedical.shop\/et\/wp-json\/wp\/v2\/item?post=20032"},{"taxonomy":"product_cat","embeddable":true,"href":"https:\/\/cutismedical.shop\/et\/wp-json\/wp\/v2\/product_cat?post=20032"},{"taxonomy":"product_tag","embeddable":true,"href":"https:\/\/cutismedical.shop\/et\/wp-json\/wp\/v2\/product_tag?post=20032"}],"curies":[{"name":"wp","href":"https:\/\/api.w.org\/{rel}","templated":true}]}}