{"id":19963,"date":"2021-01-18T14:06:33","date_gmt":"2021-01-18T12:06:33","guid":{"rendered":"https:\/\/cutismedical.com\/shop\/maaratlemata\/t-lab-prx-tubes-24-pcs-box\/"},"modified":"2024-11-15T00:06:09","modified_gmt":"2024-11-14T22:06:09","slug":"t-lab-prx-tubes-24-pcs-box","status":"publish","type":"product","link":"https:\/\/cutismedical.shop\/et\/shop-es\/plasmolifting-et\/t-lab-prx-tubes-24-pcs-box\/","title":{"rendered":"T-LAB PRX torud (24 tk\/kast)"},"content":{"rendered":"<div class=\"product-info-detailed\">\n<div class=\"tab-content\">\n<div id=\"tab-description\" class=\"tab-pane active\">\n<p><strong>01 T\u00e4iuslik ja sile sisepind<\/strong><\/p>\n<p>T\u00e4nu mikrolihvitehnoloogiale on toru sisepind ideaalselt sile, mis takistab trombots\u00fc\u00fctide agregatsiooni ja v\u00f5imaldab saada t\u00e4ielikult antikoagulandivaba I-PRF ja A-PRF.<\/p>\n<p><strong>02 I-PRF saamine pole kunagi olnud nii lihtne<\/strong><\/p>\n<p>PRF fraktsioneerub vaid 2 minutiga, kasutades 500G (2000RPM) \u00fcksiktsentrifuugi, ja j\u00e4\u00e4b s\u00fcstitavaks 30 minutiks. Saate 3-4 ml PRP mahtu.<\/p>\n<p><strong>03 Avastage meie puhas A-PRF<\/strong><\/p>\n<p>T-LAB puhas A-PRF meetod k\u00f5rvaldab vajaduse PRF- ja RBC-kihtide eraldamiseks v\u00f5i segamiseks. Kasutades 2 PRX toru ja topelt tsentrifuugimist, on v\u00f5imalik saada puhast fibriinkudet vaid 16 minutiga.<\/p>\n<p><a href=\"https:\/\/cutismedical.com\/wp-content\/uploads\/2021\/01\/prxx.jpg\"><img loading=\"lazy\" decoding=\"async\" class=\"alignnone size-full wp-image-27426\" src=\"https:\/\/cutismedical.com\/wp-content\/uploads\/2021\/01\/prxx.jpg\" alt=\"\" width=\"700\" height=\"823\" srcset=\"https:\/\/cutismedical.shop\/wp-content\/uploads\/2021\/01\/prxx.jpg 700w, https:\/\/cutismedical.shop\/wp-content\/uploads\/2021\/01\/prxx-150x176.jpg 150w, https:\/\/cutismedical.shop\/wp-content\/uploads\/2021\/01\/prxx-592x696.jpg 592w, https:\/\/cutismedical.shop\/wp-content\/uploads\/2021\/01\/prxx-340x400.jpg 340w, https:\/\/cutismedical.shop\/wp-content\/uploads\/2021\/01\/prxx-680x800.jpg 680w, https:\/\/cutismedical.shop\/wp-content\/uploads\/2021\/01\/prxx-510x600.jpg 510w\" sizes=\"auto, (max-width: 700px) 100vw, 700px\" \/><\/a><br \/>\n&nbsp;<\/p>\n<\/div>\n<\/div>\n<\/div>\n","protected":false},"excerpt":{"rendered":"<p><span style=\"color: #d83131;\"><strong>Ei ole mu\u0308u\u0308giks ELis!<\/strong><\/span><\/p>\n<p><strong>Antikoagulandivaba PRP, I-PRF ja A-PRF jaoks<\/strong><\/p>\n<p><strong>&#8220;T-LAB PRX Tubes&#8221;<\/strong><\/p>\n<p>T-LAB PRX toru pakub keemilise aktivaatori vormi s\u00fcstitava PRF-i jaoks. PRX-toru siseseina struktuur tagab t\u00e4nu mikrolihvimise tehnoloogiale suurep\u00e4rase siledusastme. Sile struktuur takistab trombots\u00fc\u00fctide agregatsiooni ja v\u00f5imaldab saada I-PRF ilma antikoagulantideta. Seda saab s\u00fcstida kuni 30 minutit. Samuti pakub see uuenduslikku protokolli puhta A-PRF-i jaoks.<\/p>\n<p><strong>PRX = PRP + PRF<\/strong><\/p>\n","protected":false},"featured_media":19959,"template":"","meta":{"_seopress_robots_primary_cat":"none","_seopress_titles_title":"","_seopress_titles_desc":"","_seopress_robots_index":""},"item":[1226],"product_cat":[1862,157],"product_tag":[],"class_list":{"0":"post-19963","1":"product","2":"type-product","3":"status-publish","4":"has-post-thumbnail","6":"item-t-lab-et-2","7":"product_cat-seadmed","8":"product_cat-plasmolifting-et","9":"pa_product_main_cat-professionaalne-hooldus","11":"first","12":"instock","13":"taxable","14":"shipping-taxable","15":"purchasable","16":"product-type-simple"},"_links":{"self":[{"href":"https:\/\/cutismedical.shop\/et\/wp-json\/wp\/v2\/product\/19963","targetHints":{"allow":["GET"]}}],"collection":[{"href":"https:\/\/cutismedical.shop\/et\/wp-json\/wp\/v2\/product"}],"about":[{"href":"https:\/\/cutismedical.shop\/et\/wp-json\/wp\/v2\/types\/product"}],"wp:featuredmedia":[{"embeddable":true,"href":"https:\/\/cutismedical.shop\/et\/wp-json\/wp\/v2\/media\/19959"}],"wp:attachment":[{"href":"https:\/\/cutismedical.shop\/et\/wp-json\/wp\/v2\/media?parent=19963"}],"wp:term":[{"taxonomy":"item","embeddable":true,"href":"https:\/\/cutismedical.shop\/et\/wp-json\/wp\/v2\/item?post=19963"},{"taxonomy":"product_cat","embeddable":true,"href":"https:\/\/cutismedical.shop\/et\/wp-json\/wp\/v2\/product_cat?post=19963"},{"taxonomy":"product_tag","embeddable":true,"href":"https:\/\/cutismedical.shop\/et\/wp-json\/wp\/v2\/product_tag?post=19963"}],"curies":[{"name":"wp","href":"https:\/\/api.w.org\/{rel}","templated":true}]}}