{"id":19155,"date":"2020-12-08T12:12:15","date_gmt":"2020-12-08T10:12:15","guid":{"rendered":"https:\/\/cutismedical.com\/shop\/maaratlemata\/mc-dermapen\/"},"modified":"2024-11-14T23:31:23","modified_gmt":"2024-11-14T21:31:23","slug":"mc-dermapen","status":"publish","type":"product","link":"https:\/\/cutismedical.shop\/et\/shop-es\/seadmed\/beauty-machine-et\/mc-dermapen\/","title":{"rendered":"MC. Dermapen"},"content":{"rendered":"<h4><strong>PIKAJALINE TULEMUS<\/strong><\/h4>\n<ul>\n<li>Saadud tulemused tagavad pideva naha noorendamise.<\/li>\n<li>Ravib probleemseid piirkondi, nagu peened jooned huulte, silmade ja lauba \u00fcmber.<\/li>\n<li>V\u00e4hendab armide ja nahakahjustuste, nagu aknearmid ja venitusarmid, n\u00e4htavust n\u00e4ol v\u00f5i kehal.<\/li>\n<li>Minimeerib laienenud pooride, mustade t\u00e4ppide ja miiliumide n\u00e4htavust.<\/li>\n<li>T\u00e4idab s\u00fcgavaid kortse ja jooni.<\/li>\n<li>Parandab naha tekstuuri.<\/li>\n<li>Ravib ja v\u00e4hendab &#8220;kanavarbaid&#8221; ja naerujooni.<\/li>\n<li>Ravib ja v\u00e4hendab akne- ja tuuler\u00f5ugete arme.<\/li>\n<li>V\u00e4hendab h\u00fcperpigmentatsiooni.<\/li>\n<li>Eemaldab vanuselaigud ja p\u00e4ikesekahjustatud naha.<\/li>\n<li>Parandab oluliselt venitusarmide v\u00e4limust.<\/li>\n<li>Parandab kollageenikiude kuni 100%.<\/li>\n<li>Suurendab toodete imendumist nahale\/juustele kuni 100%, muutes need t\u00f5husamaks.<\/li>\n<li>Taastumisaeg puudub.<\/li>\n<\/ul>\n","protected":false},"excerpt":{"rendered":"<p><strong>DERMAPEN Auto Microneedle System<\/strong> on revolutsiooniline mikroaugustusseade, mille eesm\u00e4rk on naha pinguldamine ja noorendamine j\u00e4rgmiste eelistega:<\/p>\n<ul>\n<li>Parandatud puurimisohutus ja efektiivsus v\u00f5rreldes traditsiooniliste rullidega;<\/li>\n<li>Tagab suurep\u00e4rase efekti kollageeni ja elastiini noorendamisel; mitme kiiruse ja reguleeritava n\u00f5ela s\u00fcgavusega;<\/li>\n<li>Suurem t\u00f5husus;<\/li>\n<li>T\u00f5hus raskesti ligip\u00e4\u00e4setavate kohtade ravis;<\/li>\n<li>Toetab haavade paranemist ja loodusliku kollageeni tootmist.<\/li>\n<\/ul>\n","protected":false},"featured_media":19153,"template":"","meta":{"_seopress_robots_primary_cat":"none","_seopress_titles_title":"","_seopress_titles_desc":"","_seopress_robots_index":""},"item":[1149],"product_cat":[1862,1166],"product_tag":[],"class_list":{"0":"post-19155","1":"product","2":"type-product","3":"status-publish","4":"has-post-thumbnail","6":"item-mccosmetics-et","7":"product_cat-seadmed","8":"product_cat-beauty-machine-et","9":"pa_product_main_cat-professionaalne-hooldus","11":"first","12":"instock","13":"taxable","14":"shipping-taxable","15":"purchasable","16":"product-type-simple"},"_links":{"self":[{"href":"https:\/\/cutismedical.shop\/et\/wp-json\/wp\/v2\/product\/19155","targetHints":{"allow":["GET"]}}],"collection":[{"href":"https:\/\/cutismedical.shop\/et\/wp-json\/wp\/v2\/product"}],"about":[{"href":"https:\/\/cutismedical.shop\/et\/wp-json\/wp\/v2\/types\/product"}],"wp:featuredmedia":[{"embeddable":true,"href":"https:\/\/cutismedical.shop\/et\/wp-json\/wp\/v2\/media\/19153"}],"wp:attachment":[{"href":"https:\/\/cutismedical.shop\/et\/wp-json\/wp\/v2\/media?parent=19155"}],"wp:term":[{"taxonomy":"item","embeddable":true,"href":"https:\/\/cutismedical.shop\/et\/wp-json\/wp\/v2\/item?post=19155"},{"taxonomy":"product_cat","embeddable":true,"href":"https:\/\/cutismedical.shop\/et\/wp-json\/wp\/v2\/product_cat?post=19155"},{"taxonomy":"product_tag","embeddable":true,"href":"https:\/\/cutismedical.shop\/et\/wp-json\/wp\/v2\/product_tag?post=19155"}],"curies":[{"name":"wp","href":"https:\/\/api.w.org\/{rel}","templated":true}]}}