{"id":18977,"date":"2020-12-02T23:15:07","date_gmt":"2020-12-02T21:15:07","guid":{"rendered":"https:\/\/cutismedical.com\/shop\/maaratlemata\/mc-oligoelements-105ml\/"},"modified":"2025-07-03T19:31:41","modified_gmt":"2025-07-03T17:31:41","slug":"mc-oligoelements-105ml","status":"publish","type":"product","link":"https:\/\/cutismedical.shop\/et\/shop-es\/mesoteraapia-et\/body-mesotherapy-et\/mc-oligoelements-105ml\/","title":{"rendered":"MC. Oligoelemendid (10*5 ml)"},"content":{"rendered":"<p class=\"font_8\"><strong>SOOVITATAV KASUTAMISEKS<\/strong><\/p>\n<ul>\n<li class=\"font_8\">Nahavananemine<\/li>\n<li class=\"font_8\">Rasvap\u00f5letus<\/li>\n<\/ul>\n<p class=\"font_8\"><strong>AKTIIVSED KOOSTISOSAD<\/strong><\/p>\n<p class=\"font_8\">Koobalti gl\u00fckonaat, tsingi gl\u00fckonaat, nikkli gl\u00fckonaat<\/p>\n<p class=\"font_8\"><strong>KASUTUSJUHEND<\/strong><\/p>\n<p class=\"font_8\">Elektroporatsioon, iontoforees, ultraheli, termoteraapia, VAC-teraapia, pidev galvaaniline vool, dermaroller jne.<\/p>\n<p class=\"font_8\"><strong>ESITLUS<\/strong><\/p>\n<p class=\"font_8\">5 ml x 10 ampulli<\/p>\n","protected":false},"excerpt":{"rendered":"<h4><span style=\"color: #ed1c24;\"><strong>Ei ole mu\u0308u\u0308giks ELis!<\/strong><\/span><\/h4>\n<p>Oligoelemendid on olulised naha tervislikuks toimimiseks ja sisaldavad noorusliku v\u00e4limuse s\u00e4ilitamiseks vajalikke omadusi. Oligoelementide ampullid sisaldavad koostisosi, mis reguleerivad ja tasakaalustavad naha seisundit, aitavad lagundada rasvarakke siduvat keemilist \u00fchendit, v\u00f5itlevad vabade radikaalide ja l\u00f5tvusega. Kasutatakse abivahendina tselluliidi, lokaliseeritud rasva, l\u00f5tvuse, naha vananemise ja kahjustuste raviks.<\/p>\n","protected":false},"featured_media":18975,"template":"","meta":{"_seopress_robots_primary_cat":"none","_seopress_titles_title":"","_seopress_titles_desc":"","_seopress_robots_index":""},"item":[1149],"product_cat":[155,1131],"product_tag":[1906],"class_list":{"0":"post-18977","1":"product","2":"type-product","3":"status-publish","4":"has-post-thumbnail","6":"item-mccosmetics-et","7":"product_cat-mesoteraapia-et","8":"product_cat-body-mesotherapy-et","9":"product_tag-tselluliit","10":"pa_product_main_cat-professionaalne-hooldus","12":"first","13":"instock","14":"taxable","15":"shipping-taxable","16":"purchasable","17":"product-type-simple"},"_links":{"self":[{"href":"https:\/\/cutismedical.shop\/et\/wp-json\/wp\/v2\/product\/18977","targetHints":{"allow":["GET"]}}],"collection":[{"href":"https:\/\/cutismedical.shop\/et\/wp-json\/wp\/v2\/product"}],"about":[{"href":"https:\/\/cutismedical.shop\/et\/wp-json\/wp\/v2\/types\/product"}],"wp:featuredmedia":[{"embeddable":true,"href":"https:\/\/cutismedical.shop\/et\/wp-json\/wp\/v2\/media\/18975"}],"wp:attachment":[{"href":"https:\/\/cutismedical.shop\/et\/wp-json\/wp\/v2\/media?parent=18977"}],"wp:term":[{"taxonomy":"item","embeddable":true,"href":"https:\/\/cutismedical.shop\/et\/wp-json\/wp\/v2\/item?post=18977"},{"taxonomy":"product_cat","embeddable":true,"href":"https:\/\/cutismedical.shop\/et\/wp-json\/wp\/v2\/product_cat?post=18977"},{"taxonomy":"product_tag","embeddable":true,"href":"https:\/\/cutismedical.shop\/et\/wp-json\/wp\/v2\/product_tag?post=18977"}],"curies":[{"name":"wp","href":"https:\/\/api.w.org\/{rel}","templated":true}]}}