{"id":18935,"date":"2020-12-02T22:01:18","date_gmt":"2020-12-02T20:01:18","guid":{"rendered":"https:\/\/cutismedical.com\/shop\/maaratlemata\/mc-collagen-pyruvate-102ml\/"},"modified":"2024-11-14T16:33:42","modified_gmt":"2024-11-14T14:33:42","slug":"mc-collagen-pyruvate-102ml","status":"publish","type":"product","link":"https:\/\/cutismedical.shop\/et\/shop-es\/mesoteraapia-et\/nagu-et\/mc-collagen-pyruvate-102ml\/","title":{"rendered":"MC. Collagen pyruvate (10*2ml)"},"content":{"rendered":"<p class=\"font_8\"><strong>SOOVITATAV KASUTAMISEKS<\/strong><\/p>\n<ul>\n<li class=\"font_8\">Nahavananemine<\/li>\n<li class=\"font_8\">Venitusarmid<\/li>\n<li class=\"font_8\">L\u00f5tvus<\/li>\n<\/ul>\n<p class=\"font_8\"><strong>AKTIIVSED KOOSTISOSAD<\/strong><\/p>\n<p class=\"font_8\">P\u00fcruviinhape<\/p>\n<p class=\"font_8\"><strong>KASUTUSJUHEND<\/strong><\/p>\n<p class=\"font_8\">Elektroporatsioon, iontoforees, ultraheli, termoteraapia, VAC-teraapia, pidev galvaaniline vool, dermaroller jne.<\/p>\n<p class=\"font_8\"><strong>ESITLUS<\/strong><\/p>\n<p class=\"font_8\">2 ml x 10 ampulli<\/p>\n","protected":false},"excerpt":{"rendered":"<h4><span style=\"color: #ed1c24;\"><strong>Ei ole mu\u0308u\u0308giks ELis!<\/strong><\/span><\/h4>\n<p>Kollageeni ja p\u00fcruvaadi ampullide koostisosad, millel on regenereerivad omadused, stimuleerivad kollageeni s\u00fcnteesi ja fibroblastide aktiivsust. Lahus sobib vananemisvastasteks protseduurideks, venitusarmide, juuste v\u00e4ljalangemise ja naha l\u00f5tvuse v\u00e4hendamiseks. Samuti kiirendab lipol\u00fc\u00fcsi ja on t\u00f5hus tselluliidivastastes kokteilides. Parandab naha elastsust ja niisutust.<\/p>\n","protected":false},"featured_media":18930,"template":"","meta":{"_seopress_robots_primary_cat":"none","_seopress_titles_title":"","_seopress_titles_desc":"","_seopress_robots_index":""},"item":[1149],"product_cat":[155,1188,1865,1866,1190],"product_tag":[1900,1906],"class_list":{"0":"post-18935","1":"product","2":"type-product","3":"status-publish","4":"has-post-thumbnail","6":"item-mccosmetics-et","7":"product_cat-mesoteraapia-et","8":"product_cat-nagu-et","9":"product_cat-tugevdamine-naha-pinguldamine","10":"product_cat-liftingu-efekt-pinguldav-toime","11":"product_cat-hair-et","12":"product_tag-lotvunud-nahk","13":"product_tag-tselluliit","14":"pa_product_main_cat-professionaalne-hooldus","16":"first","17":"instock","18":"taxable","19":"shipping-taxable","20":"purchasable","21":"product-type-simple"},"_links":{"self":[{"href":"https:\/\/cutismedical.shop\/et\/wp-json\/wp\/v2\/product\/18935","targetHints":{"allow":["GET"]}}],"collection":[{"href":"https:\/\/cutismedical.shop\/et\/wp-json\/wp\/v2\/product"}],"about":[{"href":"https:\/\/cutismedical.shop\/et\/wp-json\/wp\/v2\/types\/product"}],"wp:featuredmedia":[{"embeddable":true,"href":"https:\/\/cutismedical.shop\/et\/wp-json\/wp\/v2\/media\/18930"}],"wp:attachment":[{"href":"https:\/\/cutismedical.shop\/et\/wp-json\/wp\/v2\/media?parent=18935"}],"wp:term":[{"taxonomy":"item","embeddable":true,"href":"https:\/\/cutismedical.shop\/et\/wp-json\/wp\/v2\/item?post=18935"},{"taxonomy":"product_cat","embeddable":true,"href":"https:\/\/cutismedical.shop\/et\/wp-json\/wp\/v2\/product_cat?post=18935"},{"taxonomy":"product_tag","embeddable":true,"href":"https:\/\/cutismedical.shop\/et\/wp-json\/wp\/v2\/product_tag?post=18935"}],"curies":[{"name":"wp","href":"https:\/\/api.w.org\/{rel}","templated":true}]}}