{"id":18850,"date":"2020-12-02T15:13:47","date_gmt":"2020-12-02T13:13:47","guid":{"rendered":"https:\/\/cutismedical.com\/shop\/maaratlemata\/mc-topical-ampoule-musk-rose-oil-101ml\/"},"modified":"2024-11-14T16:47:34","modified_gmt":"2024-11-14T14:47:34","slug":"mc-topical-ampoule-musk-rose-oil-101ml","status":"publish","type":"product","link":"https:\/\/cutismedical.shop\/et\/shop-es\/mesoteraapia-et\/nagu-et\/mc-topical-ampoule-musk-rose-oil-101ml\/","title":{"rendered":"MC. Muskusroosi \u00f5li (10*1 ml)"},"content":{"rendered":"<p><strong>SOOVITATAV KASUTAMISEKS<\/strong><\/p>\n<ul>\n<li>Koe regeneratsioon<\/li>\n<li>Kuiv nahk<\/li>\n<\/ul>\n<p class=\"font_8\"><strong>AKTIIVSED KOOSTISOSAD<\/strong> Rosa Moschata seemne\u00f5li.<\/p>\n<p class=\"font_8\"><strong>KASUTUSVIIS<\/strong> Elektroporatsioon, iontoforees, ultraheli, termoteraapia, VAC-teraapia, pidev galvaaniline vool, dermaroller jne.<\/p>\n<p class=\"font_8\"><strong>ESITLUS<\/strong> 1 ml x 10 ampulli<\/p>\n","protected":false},"excerpt":{"rendered":"<h4><span style=\"color: #ed1c24;\"><strong>Ei ole mu\u0308u\u0308giks ELis!<\/strong><\/span><\/h4>\n<p>Muskusroosi \u00f5li koostisosad on oma taastavate ja niisutavate omaduste t\u00f5ttu eriti soovitatavad koe taastamiseks, armide ja venitusarmide v\u00e4hendamiseks, miimiliste kortsude ja enneaegse vananemise ennetamiseks. Ei soovitata aknele kalduvale nahale.<\/p>\n","protected":false},"featured_media":18847,"template":"","meta":{"_seopress_robots_primary_cat":"none","_seopress_titles_title":"","_seopress_titles_desc":"","_seopress_robots_index":""},"item":[1149],"product_cat":[155,1188,1869],"product_tag":[1882,1900],"class_list":{"0":"post-18850","1":"product","2":"type-product","3":"status-publish","4":"has-post-thumbnail","6":"item-mccosmetics-et","7":"product_cat-mesoteraapia-et","8":"product_cat-nagu-et","9":"product_cat-naha-taastamine","10":"product_tag-kuiv-veetustunud-nahk","11":"product_tag-lotvunud-nahk","12":"pa_product_main_cat-professionaalne-hooldus","14":"first","15":"instock","16":"taxable","17":"shipping-taxable","18":"purchasable","19":"product-type-simple"},"_links":{"self":[{"href":"https:\/\/cutismedical.shop\/et\/wp-json\/wp\/v2\/product\/18850","targetHints":{"allow":["GET"]}}],"collection":[{"href":"https:\/\/cutismedical.shop\/et\/wp-json\/wp\/v2\/product"}],"about":[{"href":"https:\/\/cutismedical.shop\/et\/wp-json\/wp\/v2\/types\/product"}],"wp:featuredmedia":[{"embeddable":true,"href":"https:\/\/cutismedical.shop\/et\/wp-json\/wp\/v2\/media\/18847"}],"wp:attachment":[{"href":"https:\/\/cutismedical.shop\/et\/wp-json\/wp\/v2\/media?parent=18850"}],"wp:term":[{"taxonomy":"item","embeddable":true,"href":"https:\/\/cutismedical.shop\/et\/wp-json\/wp\/v2\/item?post=18850"},{"taxonomy":"product_cat","embeddable":true,"href":"https:\/\/cutismedical.shop\/et\/wp-json\/wp\/v2\/product_cat?post=18850"},{"taxonomy":"product_tag","embeddable":true,"href":"https:\/\/cutismedical.shop\/et\/wp-json\/wp\/v2\/product_tag?post=18850"}],"curies":[{"name":"wp","href":"https:\/\/api.w.org\/{rel}","templated":true}]}}