{"id":18833,"date":"2020-12-01T12:00:49","date_gmt":"2020-12-01T10:00:49","guid":{"rendered":"https:\/\/cutismedical.com\/shop\/maaratlemata\/mc-topical-ampoule-glycolic-acid-vit-e-and-f-102ml\/"},"modified":"2024-11-14T16:58:18","modified_gmt":"2024-11-14T14:58:18","slug":"mc-topical-ampoule-glycolic-acid-vit-e-and-f-102ml","status":"publish","type":"product","link":"https:\/\/cutismedical.shop\/et\/shop-es\/mesoteraapia-et\/nagu-et\/mc-topical-ampoule-glycolic-acid-vit-e-and-f-102ml\/","title":{"rendered":"MC. Gl\u00fckoolhape + vit. E ja F (10*2 ml)"},"content":{"rendered":"<p><strong>SOOVITATAV KASUTAMISEKS<\/strong><\/p>\n<ul>\n<li>Akne<\/li>\n<li>Vananev nahk<\/li>\n<li>Kuiv nahk<\/li>\n<\/ul>\n<p class=\"font_8\"><strong>AKTIIVSED KOOSTISOSAD<\/strong><\/p>\n<p class=\"font_8\">Gl\u00fckoolhape, vitamiin E, vitamiin F.<\/p>\n<p class=\"font_8\"><strong>KASUTUSVIIS<\/strong><\/p>\n<p class=\"font_8\">Elektroporatsioon, iontoforees, ultraheli, termoteraapia, VAC-teraapia, pidev galvaaniline vool, dermaroller jne.<\/p>\n<p class=\"font_8\"><strong>ESITLUS<\/strong><\/p>\n<p class=\"font_8\">2 ml x 10 ampulli<\/p>\n","protected":false},"excerpt":{"rendered":"<h4><span style=\"color: #ed1c24;\"><strong>Ei ole mu\u0308u\u0308giks ELis!<\/strong><\/span><\/h4>\n<p>Koostisosad stimuleerivad kollageeni ja elastiini tootmist, soodustades naha uuenemist, aidates v\u00e4hendada laike ja h\u00fcperpigmentatsiooni, peeneid kortse, arme ja muid vananemise m\u00e4rke. Lahus eemaldab surnud rakud, kiirendades rakkude uuenemist ning andes nahale s\u00e4rava ja noorusliku v\u00e4limuse. Vitamiinid E ja F kaitsevad nahka v\u00e4lism\u00f5jude eest ja v\u00e4hendavad peenikesi kortse, parandades elastsust ja niisutust. Samuti kaitsevad need nahka gl\u00fckoolhappe toime eest.<\/p>\n","protected":false},"featured_media":18831,"template":"","meta":{"_seopress_robots_primary_cat":"none","_seopress_titles_title":"","_seopress_titles_desc":"","_seopress_robots_index":""},"item":[1149],"product_cat":[155,1188,1866,1867,1870],"product_tag":[1876,1882,1897],"class_list":{"0":"post-18833","1":"product","2":"type-product","3":"status-publish","4":"has-post-thumbnail","6":"item-mccosmetics-et","7":"product_cat-mesoteraapia-et","8":"product_cat-nagu-et","9":"product_cat-liftingu-efekt-pinguldav-toime","10":"product_cat-post-akne-et","11":"product_cat-pigmentatsioon","12":"product_tag-akne-post-akne","13":"product_tag-kuiv-veetustunud-nahk","14":"product_tag-pigmendilaigud","15":"pa_product_main_cat-professionaalne-hooldus","17":"first","18":"instock","19":"taxable","20":"shipping-taxable","21":"purchasable","22":"product-type-simple"},"_links":{"self":[{"href":"https:\/\/cutismedical.shop\/et\/wp-json\/wp\/v2\/product\/18833","targetHints":{"allow":["GET"]}}],"collection":[{"href":"https:\/\/cutismedical.shop\/et\/wp-json\/wp\/v2\/product"}],"about":[{"href":"https:\/\/cutismedical.shop\/et\/wp-json\/wp\/v2\/types\/product"}],"wp:featuredmedia":[{"embeddable":true,"href":"https:\/\/cutismedical.shop\/et\/wp-json\/wp\/v2\/media\/18831"}],"wp:attachment":[{"href":"https:\/\/cutismedical.shop\/et\/wp-json\/wp\/v2\/media?parent=18833"}],"wp:term":[{"taxonomy":"item","embeddable":true,"href":"https:\/\/cutismedical.shop\/et\/wp-json\/wp\/v2\/item?post=18833"},{"taxonomy":"product_cat","embeddable":true,"href":"https:\/\/cutismedical.shop\/et\/wp-json\/wp\/v2\/product_cat?post=18833"},{"taxonomy":"product_tag","embeddable":true,"href":"https:\/\/cutismedical.shop\/et\/wp-json\/wp\/v2\/product_tag?post=18833"}],"curies":[{"name":"wp","href":"https:\/\/api.w.org\/{rel}","templated":true}]}}