{"id":18818,"date":"2020-12-01T11:37:52","date_gmt":"2020-12-01T09:37:52","guid":{"rendered":"https:\/\/cutismedical.com\/shop\/maaratlemata\/mc-ata-10-l-30-l-50-510ml-peel\/"},"modified":"2024-11-14T17:52:33","modified_gmt":"2024-11-14T15:52:33","slug":"mc-ata-10-l-30-l-50-510ml-peel","status":"publish","type":"product","link":"https:\/\/cutismedical.shop\/et\/shop-es\/keemilised-piilingud-et\/mc-ata-10-l-30-l-50-510ml-peel\/","title":{"rendered":"MC. ATA 10% | 30% | 50% (5*10 ml) \/ koorimine"},"content":{"rendered":"<p><strong>Rakendused:<\/strong><\/p>\n<ul>\n<li>elektroporatsioon<\/li>\n<li>iontoforees<\/li>\n<li>ultraheli<\/li>\n<li>termoteraapia<\/li>\n<li>vakuumteraapia<\/li>\n<li>galvaanilised ja pidevad voolud<\/li>\n<li>dermaroller<\/li>\n<li>jne.<\/li>\n<\/ul>\n","protected":false},"excerpt":{"rendered":"<p><span style=\"color: #ed1c24;\"><strong>Ei ole mu\u0308u\u0308giks ELis!<\/strong><\/span><\/p>\n<p>ATA koorimine eemaldab surnud naharakud, paljastades uue naha kihi, mis tundub siledam ja s\u00e4ravam. See pehmendab peeneid jooni, v\u00e4hendab pindmisi \u201evanaduslaike\u201c ja muid naha v\u00e4rvimuutusi ning v\u00e4hendab akne armide n\u00e4htavust.<\/p>\n","protected":false},"featured_media":18813,"template":"","meta":{"_seopress_robots_primary_cat":"","_seopress_titles_title":"","_seopress_titles_desc":"","_seopress_robots_index":""},"item":[1149],"product_cat":[153],"product_tag":[1876,1903,1897],"class_list":{"0":"post-18818","1":"product","2":"type-product","3":"status-publish","4":"has-post-thumbnail","6":"item-mccosmetics-et","7":"product_cat-keemilised-piilingud-et","8":"product_tag-akne-post-akne","9":"product_tag-laienenud-poorid-ja-mustpead","10":"product_tag-pigmendilaigud","11":"pa_product_main_cat-professionaalne-hooldus","13":"first","14":"instock","15":"taxable","16":"shipping-taxable","17":"purchasable","18":"product-type-variable"},"_links":{"self":[{"href":"https:\/\/cutismedical.shop\/et\/wp-json\/wp\/v2\/product\/18818","targetHints":{"allow":["GET"]}}],"collection":[{"href":"https:\/\/cutismedical.shop\/et\/wp-json\/wp\/v2\/product"}],"about":[{"href":"https:\/\/cutismedical.shop\/et\/wp-json\/wp\/v2\/types\/product"}],"wp:featuredmedia":[{"embeddable":true,"href":"https:\/\/cutismedical.shop\/et\/wp-json\/wp\/v2\/media\/18813"}],"wp:attachment":[{"href":"https:\/\/cutismedical.shop\/et\/wp-json\/wp\/v2\/media?parent=18818"}],"wp:term":[{"taxonomy":"item","embeddable":true,"href":"https:\/\/cutismedical.shop\/et\/wp-json\/wp\/v2\/item?post=18818"},{"taxonomy":"product_cat","embeddable":true,"href":"https:\/\/cutismedical.shop\/et\/wp-json\/wp\/v2\/product_cat?post=18818"},{"taxonomy":"product_tag","embeddable":true,"href":"https:\/\/cutismedical.shop\/et\/wp-json\/wp\/v2\/product_tag?post=18818"}],"curies":[{"name":"wp","href":"https:\/\/api.w.org\/{rel}","templated":true}]}}