{"id":18800,"date":"2020-12-01T11:10:52","date_gmt":"2020-12-01T09:10:52","guid":{"rendered":"https:\/\/cutismedical.com\/shop\/maaratlemata\/mc-gsh-acid-50ml-spray-50ml-peel\/"},"modified":"2024-11-14T18:02:02","modified_gmt":"2024-11-14T16:02:02","slug":"mc-gsh-acid-50ml-spray-50ml-peel","status":"publish","type":"product","link":"https:\/\/cutismedical.shop\/et\/shop-es\/keemilised-piilingud-et\/mc-gsh-acid-50ml-spray-50ml-peel\/","title":{"rendered":"MC. GSH hape (50 ml + sprei 50 ml) \/ koorimine"},"content":{"rendered":"<p class=\"font_8\"><strong>SOOVITATUD KASUTAMISEKS<\/strong><\/p>\n<ul>\n<li class=\"font_8\">H\u00fcperpigmentatsioon<\/li>\n<li class=\"font_8\">Melasma<\/li>\n<li class=\"font_8\">Kortsud ja miimilised jooned<\/li>\n<li class=\"font_8\">Akne ja armid<\/li>\n<\/ul>\n<p class=\"font_8\"><strong>AKTIIVSED KOOSTISOSAD<\/strong><\/p>\n<p class=\"font_8\">Glutatioon<\/p>\n<p class=\"font_8\"><strong>KOOSTIS<\/strong> Gsh hape \u2014 50 ml J\u00e4relhooldus p\u00e4rast koorimist \u2014 50 ml<\/p>\n","protected":false},"excerpt":{"rendered":"<h4><span style=\"color: #ed1c24;\"><strong>Ei ole mu\u0308u\u0308giks ELis!<\/strong><\/span><\/h4>\n<p>Gsh hape annab nahale s\u00e4rava kuma, ahendab poore, parandab naha h\u00fcperpigmentatsiooni, v\u00e4hendab melasma, miimilisi jooni ja kortse ning k\u00f5rvaldab ja ennetab aknearme.<\/p>\n","protected":false},"featured_media":18798,"template":"","meta":{"_seopress_robots_primary_cat":"none","_seopress_titles_title":"","_seopress_titles_desc":"","_seopress_robots_index":""},"item":[1149],"product_cat":[153],"product_tag":[1876,1885,1897],"class_list":{"0":"post-18800","1":"product","2":"type-product","3":"status-publish","4":"has-post-thumbnail","6":"item-mccosmetics-et","7":"product_cat-keemilised-piilingud-et","8":"product_tag-akne-post-akne","9":"product_tag-kortsud","10":"product_tag-pigmendilaigud","11":"pa_product_main_cat-professionaalne-hooldus","13":"first","14":"instock","15":"taxable","16":"shipping-taxable","17":"purchasable","18":"product-type-simple"},"_links":{"self":[{"href":"https:\/\/cutismedical.shop\/et\/wp-json\/wp\/v2\/product\/18800","targetHints":{"allow":["GET"]}}],"collection":[{"href":"https:\/\/cutismedical.shop\/et\/wp-json\/wp\/v2\/product"}],"about":[{"href":"https:\/\/cutismedical.shop\/et\/wp-json\/wp\/v2\/types\/product"}],"wp:featuredmedia":[{"embeddable":true,"href":"https:\/\/cutismedical.shop\/et\/wp-json\/wp\/v2\/media\/18798"}],"wp:attachment":[{"href":"https:\/\/cutismedical.shop\/et\/wp-json\/wp\/v2\/media?parent=18800"}],"wp:term":[{"taxonomy":"item","embeddable":true,"href":"https:\/\/cutismedical.shop\/et\/wp-json\/wp\/v2\/item?post=18800"},{"taxonomy":"product_cat","embeddable":true,"href":"https:\/\/cutismedical.shop\/et\/wp-json\/wp\/v2\/product_cat?post=18800"},{"taxonomy":"product_tag","embeddable":true,"href":"https:\/\/cutismedical.shop\/et\/wp-json\/wp\/v2\/product_tag?post=18800"}],"curies":[{"name":"wp","href":"https:\/\/api.w.org\/{rel}","templated":true}]}}