{"id":18794,"date":"2020-12-01T10:56:58","date_gmt":"2020-12-01T08:56:58","guid":{"rendered":"https:\/\/cutismedical.com\/shop\/maaratlemata\/mc-glycolic-acid-50ml-spray-50ml-peel\/"},"modified":"2024-11-14T18:09:28","modified_gmt":"2024-11-14T16:09:28","slug":"mc-glycolic-acid-50ml-spray-50ml-peel","status":"publish","type":"product","link":"https:\/\/cutismedical.shop\/et\/shop-es\/keemilised-piilingud-et\/mc-glycolic-acid-50ml-spray-50ml-peel\/","title":{"rendered":"MC. Gl\u00fckoolhape (30 ml + sprei 50 ml) \/ koorimine"},"content":{"rendered":"<p class=\"font_8\"><strong>SOOVITATUD KASUTAMISEKS<\/strong><\/p>\n<ul>\n<li class=\"font_8\">Akne armid<\/li>\n<li class=\"font_8\">S\u00fcgavad kortsud<\/li>\n<li class=\"font_8\">Foto-vananemine<\/li>\n<\/ul>\n<p class=\"font_8\"><strong>AKTIIVSED KOOSTISOSAD<\/strong><\/p>\n<p class=\"font_8\">Gl\u00fckoolhape<\/p>\n<p class=\"font_8\"><strong>KOOSTIS<\/strong> Gl\u00fckoolhape \u2014 30 ml J\u00e4relhooldus p\u00e4rast koorimist \u2014 50 ml<\/p>\n","protected":false},"excerpt":{"rendered":"<h4><span style=\"color: #ed1c24;\"><strong>Ei ole mu\u0308u\u0308giks ELis!<\/strong><\/span><\/h4>\n<p><span style=\"color: #ed1c24;\"><strong>Aegumiskuup\u00e4ev: 10.2024<\/strong><\/span><\/p>\n<p>N\u00e4idustatud miimikakortsude, foto-vananemise, nahalaikude, akne ja armide korral. Gl\u00fckoolhappe aktiivsed koostisosad eemaldavad surnud rakud naha pinnalt, stimuleerides rakuuuendust. J\u00e4tab naha noorusliku, sileda ja \u00fchtlase v\u00e4limusega.<\/p>\n","protected":false},"featured_media":18792,"template":"","meta":{"_seopress_robots_primary_cat":"none","_seopress_titles_title":"","_seopress_titles_desc":"","_seopress_robots_index":""},"item":[1149],"product_cat":[153],"product_tag":[1876,1885,1897],"class_list":{"0":"post-18794","1":"product","2":"type-product","3":"status-publish","4":"has-post-thumbnail","6":"item-mccosmetics-et","7":"product_cat-keemilised-piilingud-et","8":"product_tag-akne-post-akne","9":"product_tag-kortsud","10":"product_tag-pigmendilaigud","11":"pa_product_main_cat-professionaalne-hooldus","13":"first","14":"instock","15":"sale","16":"taxable","17":"shipping-taxable","18":"purchasable","19":"product-type-simple"},"_links":{"self":[{"href":"https:\/\/cutismedical.shop\/et\/wp-json\/wp\/v2\/product\/18794","targetHints":{"allow":["GET"]}}],"collection":[{"href":"https:\/\/cutismedical.shop\/et\/wp-json\/wp\/v2\/product"}],"about":[{"href":"https:\/\/cutismedical.shop\/et\/wp-json\/wp\/v2\/types\/product"}],"wp:featuredmedia":[{"embeddable":true,"href":"https:\/\/cutismedical.shop\/et\/wp-json\/wp\/v2\/media\/18792"}],"wp:attachment":[{"href":"https:\/\/cutismedical.shop\/et\/wp-json\/wp\/v2\/media?parent=18794"}],"wp:term":[{"taxonomy":"item","embeddable":true,"href":"https:\/\/cutismedical.shop\/et\/wp-json\/wp\/v2\/item?post=18794"},{"taxonomy":"product_cat","embeddable":true,"href":"https:\/\/cutismedical.shop\/et\/wp-json\/wp\/v2\/product_cat?post=18794"},{"taxonomy":"product_tag","embeddable":true,"href":"https:\/\/cutismedical.shop\/et\/wp-json\/wp\/v2\/product_tag?post=18794"}],"curies":[{"name":"wp","href":"https:\/\/api.w.org\/{rel}","templated":true}]}}