{"id":18776,"date":"2020-11-30T17:56:51","date_gmt":"2020-11-30T15:56:51","guid":{"rendered":"https:\/\/cutismedical.com\/shop\/maaratlemata\/mc-azelaic-acid-30ml-spray-50ml-peel\/"},"modified":"2024-11-14T18:16:38","modified_gmt":"2024-11-14T16:16:38","slug":"mc-azelaic-acid-30ml-spray-50ml-peel","status":"publish","type":"product","link":"https:\/\/cutismedical.shop\/et\/shop-es\/keemilised-piilingud-et\/mc-azelaic-acid-30ml-spray-50ml-peel\/","title":{"rendered":"MC. Aselaiinhape (30 ml + sprei 50 ml) \/ koorimine"},"content":{"rendered":"<p class=\"font_8\"><strong>SOOVITATUD KASUTAMISEKS<\/strong><\/p>\n<p class=\"font_8\">Akne H\u00fcperpigmentatsioon Rosaatsea Tundlik nahk<\/p>\n<p class=\"font_8\"><strong>AKTIIVSED KOOSTISOSAD<\/strong><\/p>\n<p class=\"font_8\">Aselaiinhape<\/p>\n<p class=\"font_8\"><strong>KOOSTIS<\/strong> Aselaiinhape \u2014 30 ml J\u00e4relhooldus p\u00e4rast koorimist \u2014 50 ml<\/p>\n","protected":false},"excerpt":{"rendered":"<h4><span style=\"color: #ed1c24;\"><strong>Ei ole mu\u0308u\u0308giks ELis!<\/strong><\/span><\/h4>\n<p>V\u00e4lja t\u00f6\u00f6tatud akne ja naha h\u00fcperpigmentatsiooni raviks. Aselaiinhappe aktiivsed komponendid omavad bakteriostaatilisi omadusi ja p\u00e4rsivad t\u00fcrosinaasi tootmist, v\u00e4hendades melaniini s\u00fcnteesi.<\/p>\n","protected":false},"featured_media":18774,"template":"","meta":{"_seopress_robots_primary_cat":"none","_seopress_titles_title":"","_seopress_titles_desc":"","_seopress_robots_index":""},"item":[1149],"product_cat":[153],"product_tag":[1876,1897],"class_list":{"0":"post-18776","1":"product","2":"type-product","3":"status-publish","4":"has-post-thumbnail","6":"item-mccosmetics-et","7":"product_cat-keemilised-piilingud-et","8":"product_tag-akne-post-akne","9":"product_tag-pigmendilaigud","10":"pa_product_main_cat-professionaalne-hooldus","12":"first","13":"instock","14":"taxable","15":"shipping-taxable","16":"purchasable","17":"product-type-simple"},"_links":{"self":[{"href":"https:\/\/cutismedical.shop\/et\/wp-json\/wp\/v2\/product\/18776","targetHints":{"allow":["GET"]}}],"collection":[{"href":"https:\/\/cutismedical.shop\/et\/wp-json\/wp\/v2\/product"}],"about":[{"href":"https:\/\/cutismedical.shop\/et\/wp-json\/wp\/v2\/types\/product"}],"wp:featuredmedia":[{"embeddable":true,"href":"https:\/\/cutismedical.shop\/et\/wp-json\/wp\/v2\/media\/18774"}],"wp:attachment":[{"href":"https:\/\/cutismedical.shop\/et\/wp-json\/wp\/v2\/media?parent=18776"}],"wp:term":[{"taxonomy":"item","embeddable":true,"href":"https:\/\/cutismedical.shop\/et\/wp-json\/wp\/v2\/item?post=18776"},{"taxonomy":"product_cat","embeddable":true,"href":"https:\/\/cutismedical.shop\/et\/wp-json\/wp\/v2\/product_cat?post=18776"},{"taxonomy":"product_tag","embeddable":true,"href":"https:\/\/cutismedical.shop\/et\/wp-json\/wp\/v2\/product_tag?post=18776"}],"curies":[{"name":"wp","href":"https:\/\/api.w.org\/{rel}","templated":true}]}}