{"id":18770,"date":"2020-11-30T17:45:23","date_gmt":"2020-11-30T15:45:23","guid":{"rendered":"https:\/\/cutismedical.com\/shop\/maaratlemata\/mc-salicylic-acid-pack-30ml-spray-50ml-peel\/"},"modified":"2025-05-06T16:44:41","modified_gmt":"2025-05-06T14:44:41","slug":"mc-salicylic-acid-pack-30ml-spray-50ml-peel","status":"publish","type":"product","link":"https:\/\/cutismedical.shop\/et\/shop-es\/keemilised-piilingud-et\/mc-salicylic-acid-pack-30ml-spray-50ml-peel\/","title":{"rendered":"MC. Salits\u00fc\u00fclhappe komplekt (30 ml + sprei 50 ml) \/ koorimine"},"content":{"rendered":"<h4 class=\"font_8\"><strong>SOOVITATUD KASUTAMISEKS<\/strong> Aknele kalduv nahk V\u00e4ga rasune nahk Ummistunud folliikulid<\/h4>\n<p class=\"font_8\"><strong>AKTIIVSED KOOSTISOSAD<\/strong> Salits\u00fc\u00fclhape<\/p>\n<p class=\"font_8\"><strong>KOOSTIS<\/strong> Salits\u00fc\u00fclhape \u2014 30 ml J\u00e4relhooldus p\u00e4rast koorimist \u2014 50 ml<\/p>\n","protected":false},"excerpt":{"rendered":"<p>Sobib rasusele ja aknele kalduvale nahale, ummistunud folliikulite puhastamiseks ja kortsude v\u00e4hendamiseks. Salits\u00fc\u00fclhappe aktiivsed komponendid parandavad kahjustatud ja vananeva naha v\u00e4ljan\u00e4gemist. T\u00e4nu koorivale, p\u00f5letikuvastasele, aknevastasele ja vananemisvastasele toimele kiirendab see surnud rakkude eemaldamist ja uuendab nahka, tagades n\u00e4htava noorendava efekti.<\/p>\n<p><span style=\"color: #ed1c24;\"><strong>Kogus on piiratud!<\/strong><\/span><\/p>\n<p><span style=\"color: #ed1c24;\"><strong>Aegumiskuup\u00e4ev: 07.25<\/strong><\/span><\/p>\n","protected":false},"featured_media":18768,"template":"","meta":{"_seopress_robots_primary_cat":"none","_seopress_titles_title":"","_seopress_titles_desc":"","_seopress_robots_index":""},"item":[1149],"product_cat":[153],"product_tag":[1900,1897],"class_list":{"0":"post-18770","1":"product","2":"type-product","3":"status-publish","4":"has-post-thumbnail","6":"item-mccosmetics-et","7":"product_cat-keemilised-piilingud-et","8":"product_tag-lotvunud-nahk","9":"product_tag-pigmendilaigud","10":"pa_product_main_cat-professionaalne-hooldus","12":"first","13":"instock","14":"sale","15":"taxable","16":"shipping-taxable","17":"purchasable","18":"product-type-simple"},"_links":{"self":[{"href":"https:\/\/cutismedical.shop\/et\/wp-json\/wp\/v2\/product\/18770","targetHints":{"allow":["GET"]}}],"collection":[{"href":"https:\/\/cutismedical.shop\/et\/wp-json\/wp\/v2\/product"}],"about":[{"href":"https:\/\/cutismedical.shop\/et\/wp-json\/wp\/v2\/types\/product"}],"wp:featuredmedia":[{"embeddable":true,"href":"https:\/\/cutismedical.shop\/et\/wp-json\/wp\/v2\/media\/18768"}],"wp:attachment":[{"href":"https:\/\/cutismedical.shop\/et\/wp-json\/wp\/v2\/media?parent=18770"}],"wp:term":[{"taxonomy":"item","embeddable":true,"href":"https:\/\/cutismedical.shop\/et\/wp-json\/wp\/v2\/item?post=18770"},{"taxonomy":"product_cat","embeddable":true,"href":"https:\/\/cutismedical.shop\/et\/wp-json\/wp\/v2\/product_cat?post=18770"},{"taxonomy":"product_tag","embeddable":true,"href":"https:\/\/cutismedical.shop\/et\/wp-json\/wp\/v2\/product_tag?post=18770"}],"curies":[{"name":"wp","href":"https:\/\/api.w.org\/{rel}","templated":true}]}}