{"id":18761,"date":"2020-11-29T18:40:01","date_gmt":"2020-11-29T16:40:01","guid":{"rendered":"https:\/\/cutismedical.com\/shop\/maaratlemata\/centrifuge-elmi-cm-7s-plus-benchtop\/"},"modified":"2024-11-14T18:22:10","modified_gmt":"2024-11-14T16:22:10","slug":"centrifuge-elmi-cm-7s-plus-benchtop","status":"publish","type":"product","link":"https:\/\/cutismedical.shop\/et\/shop-es\/seadmed\/tsentrifugid-et\/centrifuge-elmi-cm-7s-plus-benchtop\/","title":{"rendered":"Centrifuug ELMI CM-7S Plus lauapealne"},"content":{"rendered":"<ul>\n<li>Kompaktne ja mitmek\u00fclgne. CM-7S Plus on oma erakordselt \u00f5hukese disainiga \u00fcks turu k\u00f5ige kompaktsemaid ja mitmek\u00fclgsemaid pendelrotoriga tsentrifuuge.<\/li>\n<li>Kavandatud turvalisusega silmas pidades. See tsentrifuu\u017e on varustatud uue roostevabast terasest sisemiskausi, mootori katte ning t\u00f5husa passiivse jahutuss\u00fcsteemiga. CM-7S Plus on k\u00fclmruumis ja k\u00fclmkapis kasutamiseks ohutu, sellel on l\u00e4bipaistev kaas ja automaatne kaanelukk t\u00e4iendava mugavuse ja ohutuse tagamiseks.<\/li>\n<li>Meditsiiniliste ja PRP-rakenduste jaoks loodud. Uus mudel sisaldab reguleeritavat pidurikiirust, <strong>2300 RCF (3500 RPM)<\/strong>, tundide loendurit, rootori tasakaalustust ja palju muud.<\/li>\n<li>CM-7S Plus&#8217;il on lai valik rootoreid ja adaptreid, mis sobivad peaaegu igas suuruses torudele.<\/li>\n<li><strong>Sertifikaadid: FDA, CE, IEC 61010-1 ja ISO 13485<\/strong><\/li>\n<\/ul>\n<p> <strong>Edasiarendatud tehnoloogia<\/strong> <\/p>\n<ul>\n<li>Patenteeritud SkySpinTM mootori kontroller.<\/li>\n<li>Sensorless Accu-Logic arhitektuur.<\/li>\n<li>Digitaalne kiiruse ja tasakaalu kontroller.<\/li>\n<li>Suurenenud vastupidavus.<\/li>\n<li>Sile, vaikne ja soojuseta t\u00f6\u00f6.<\/li>\n<\/ul>\n<p> Roostevabast terasest sisemine kauss ja mootori kate. Kuus erinevat pidurikiirust. RPM ja G-j\u00f5u samaaegne kuvamine LCD-ekraanil. FDA registreeritud. Kohandatud programmeerimisv\u00f5imalused, kohandatud rootorid ja PRP komplekti tootjatega \u00fchisbr\u00e4nding. Kavandatud USA-s, toodetud Euroopas ja toetatud \u00fcle kogu maailma!<\/p>\n","protected":false},"excerpt":{"rendered":"<p><span style=\"color: #d83131;\"><strong>Ei ole mu\u0308u\u0308giks ELis!<\/strong><\/span><\/p>\n<p>Uus ELMI CM-7S Plus on meie populaarse CM-lauaseeria j\u00e4rgmine p\u00f5lvkond. Meie patenteeritud ja t\u00e4ielikult \u00fcmber kujundatud SkySpin mootori kontroller ja suur v\u00e4rviline LCD-ekraan toovad CM-7S Plus&#8217;ile uue taseme kontrolli ja kohandamisv\u00f5imalusi. Uuendatud roostevabast terasest sisemiskauss ja mootori kate tagavad uue ohutuse, t\u00f6\u00f6kindluse ja kasutusmugavuse taseme. CM-7S Plus on teie ideaalne seade PRP, PRF, kliiniliste, meditsiiniliste, teaduslike v\u00f5i mis tahes muude rakenduste jaoks.<\/p>\n","protected":false},"featured_media":18759,"template":"","meta":{"_seopress_robots_primary_cat":"none","_seopress_titles_title":"","_seopress_titles_desc":"","_seopress_robots_index":""},"item":[1506],"product_cat":[1862,488],"product_tag":[],"class_list":{"0":"post-18761","1":"product","2":"type-product","3":"status-publish","4":"has-post-thumbnail","6":"item-elmi-et-2","7":"product_cat-seadmed","8":"product_cat-tsentrifugid-et","9":"pa_product_main_cat-professionaalne-hooldus","11":"first","12":"instock","13":"taxable","14":"shipping-taxable","15":"purchasable","16":"product-type-simple"},"_links":{"self":[{"href":"https:\/\/cutismedical.shop\/et\/wp-json\/wp\/v2\/product\/18761","targetHints":{"allow":["GET"]}}],"collection":[{"href":"https:\/\/cutismedical.shop\/et\/wp-json\/wp\/v2\/product"}],"about":[{"href":"https:\/\/cutismedical.shop\/et\/wp-json\/wp\/v2\/types\/product"}],"wp:featuredmedia":[{"embeddable":true,"href":"https:\/\/cutismedical.shop\/et\/wp-json\/wp\/v2\/media\/18759"}],"wp:attachment":[{"href":"https:\/\/cutismedical.shop\/et\/wp-json\/wp\/v2\/media?parent=18761"}],"wp:term":[{"taxonomy":"item","embeddable":true,"href":"https:\/\/cutismedical.shop\/et\/wp-json\/wp\/v2\/item?post=18761"},{"taxonomy":"product_cat","embeddable":true,"href":"https:\/\/cutismedical.shop\/et\/wp-json\/wp\/v2\/product_cat?post=18761"},{"taxonomy":"product_tag","embeddable":true,"href":"https:\/\/cutismedical.shop\/et\/wp-json\/wp\/v2\/product_tag?post=18761"}],"curies":[{"name":"wp","href":"https:\/\/api.w.org\/{rel}","templated":true}]}}