{"id":18712,"date":"2020-11-25T12:10:59","date_gmt":"2020-11-25T10:10:59","guid":{"rendered":"https:\/\/cutismedical.com\/shop\/maaratlemata\/princess-croma-saypha-rich-11ml\/"},"modified":"2024-11-14T18:28:04","modified_gmt":"2024-11-14T16:28:04","slug":"princess-croma-saypha-rich-11ml","status":"publish","type":"product","link":"https:\/\/cutismedical.shop\/et\/shop-es\/biorevitalisant-et\/princess-croma-saypha-rich-11ml\/","title":{"rendered":"Princess (Croma) \/ Saypha Rich (1*1 ml)"},"content":{"rendered":"<p>PRINCESS RICH 1 ml on m\u00f5eldud pindmise dermakihi (epidermis) v\u00f5i s\u00fcgavamate kihtide s\u00fcstimiseks ja toimib v\u00e4ikeste kortsude t\u00e4itjana:<\/p>\n<ul>\n<li>niisutab ja elustab nahka s\u00fcgavalt,<\/li>\n<li>aitab s\u00e4ilitada naha loomulikku tooni, elastsust ja nooruslikku v\u00e4limust,<\/li>\n<li>parandab naha tihedust,<\/li>\n<li>eemaldab \u201ekanavarbad\u201c kortsud,<\/li>\n<li>naeratusjooned v\u00f5i suitsutamisjooned,<\/li>\n<li>silub kortse suu \u00fcmber,<\/li>\n<li>k\u00f5rvaldab tumedad silmaalused ringid.<\/li>\n<\/ul>\n<p> Mesoteraapia protseduurides n\u00e4ole, kaelale ja dekolteele kasutatav stabiliseerimata h\u00fcaluroonhape. Sisaldab 18 mg\/ml h\u00fcaluroonhapet ja turul k\u00f5rgeimat gl\u00fctseriini kontsentratsiooni (20 mg\/ml), mis parandab ravi kvaliteeti ja efektiivsust. Tooted annavad loomuliku ja kauakestva efekti, mis kestab 6 kuni 12 kuud.<\/p>\n","protected":false},"excerpt":{"rendered":"<p><span style=\"color: #d83131;\"><strong>Ei ole mu\u0308u\u0308giks ELis!<\/strong><\/span><\/p>\n<p>Saypha\u00ae Rich on eelmise Princess Rich&#8217;i asendaja. See on geelimplantaat, mis sisaldab k\u00f5rge h\u00fcaluroonhappe kontsentratsiooni, mida stabiliseerib gl\u00fctseriin \u2014 looduslik niisutaja, mis s\u00e4ilitab vee ja niisutuse. Saypha\u00ae Rich parandab naha elastsust, tooni ja niiskust, andes loomuliku s\u00e4ra. Geel s\u00fcstitakse pindmisse dermakihisse.<\/p>\n","protected":false},"featured_media":18707,"template":"","meta":{"_seopress_robots_primary_cat":"none","_seopress_titles_title":"","_seopress_titles_desc":"","_seopress_robots_index":""},"item":[1504],"product_cat":[315],"product_tag":[],"class_list":{"0":"post-18712","1":"product","2":"type-product","3":"status-publish","4":"has-post-thumbnail","6":"item-princess-croma-et","7":"product_cat-biorevitalisant-et","8":"pa_product_main_cat-professionaalne-hooldus","10":"first","11":"instock","12":"taxable","13":"shipping-taxable","14":"purchasable","15":"product-type-simple"},"_links":{"self":[{"href":"https:\/\/cutismedical.shop\/et\/wp-json\/wp\/v2\/product\/18712","targetHints":{"allow":["GET"]}}],"collection":[{"href":"https:\/\/cutismedical.shop\/et\/wp-json\/wp\/v2\/product"}],"about":[{"href":"https:\/\/cutismedical.shop\/et\/wp-json\/wp\/v2\/types\/product"}],"wp:featuredmedia":[{"embeddable":true,"href":"https:\/\/cutismedical.shop\/et\/wp-json\/wp\/v2\/media\/18707"}],"wp:attachment":[{"href":"https:\/\/cutismedical.shop\/et\/wp-json\/wp\/v2\/media?parent=18712"}],"wp:term":[{"taxonomy":"item","embeddable":true,"href":"https:\/\/cutismedical.shop\/et\/wp-json\/wp\/v2\/item?post=18712"},{"taxonomy":"product_cat","embeddable":true,"href":"https:\/\/cutismedical.shop\/et\/wp-json\/wp\/v2\/product_cat?post=18712"},{"taxonomy":"product_tag","embeddable":true,"href":"https:\/\/cutismedical.shop\/et\/wp-json\/wp\/v2\/product_tag?post=18712"}],"curies":[{"name":"wp","href":"https:\/\/api.w.org\/{rel}","templated":true}]}}