{"id":18661,"date":"2020-11-24T09:58:27","date_gmt":"2020-11-24T07:58:28","guid":{"rendered":"https:\/\/cutismedical.com\/?post_type=product&#038;p=18661"},"modified":"2024-11-14T18:30:33","modified_gmt":"2024-11-14T16:30:33","slug":"pluryal-volume-lid-11ml","status":"publish","type":"product","link":"https:\/\/cutismedical.shop\/et\/shop-es\/fillerid-et\/pluryal-volume-lid-11ml\/","title":{"rendered":"Pluryal Volume Lid (1*1 ml)"},"content":{"rendered":"<p class=\"FB-product-descr-p\">Tulemused s\u00f5ltuvad kasutatud t\u00e4iteaine kogusest ja patsiendi naha omadustest, kuid kestavad tavaliselt 12-16 kuud.<\/p>\n<div class=\"FB-product-descr-package-cont\">\n<h4 class=\"FB-product-descr-h3-package\"><strong>Pakk sisaldab:<\/strong><\/h4>\n<ul>\n<li>1 s\u00fcstal x 1 ml<\/li>\n<\/ul><\/div>\n<div class=\"FB-product-descr-intended-for-cont\">\n<h4 class=\"FB-product-descr-h3-intended\"><strong>M\u00f5eldud:<\/strong><\/h4>\n<ul>\n<li>Erinevate vananemisilmingute ja mahu kadumise korrigeerimiseks<\/li>\n<li>N\u00e4o kontuuride taastamiseks<\/li>\n<li>L\u00f5ua ja p\u00f5skede kuju taastamiseks<\/li>\n<li>Nina kuju muutmiseks<\/li>\n<li>Huulte mahu suurendamiseks<\/li>\n<li>Alal\u00f5ua korrigeerimiseks<\/li>\n<li>K\u00e4te tagapoolne nahk<\/li>\n<\/ul><\/div>\n","protected":false},"excerpt":{"rendered":"<p><span style=\"color: #d83131;\"><strong>Ei ole mu\u0308u\u0308giks ELis!<\/strong><\/span><\/p>\n<p>Pluryal\u00ae Volume Lid on uuenduslik dermal filler, mis p\u00f5hineb monophasic sildatud h\u00fcaluroonhappel, komponendil, mis on loomulikult inimese kehas olemas ja millel on suurep\u00e4rased niisutavad omadused. S\u00fcstla s\u00fcgav dermakiht tagab kohese ja pikaajalise loomuliku tulemuse. Pluryal Volume Lid taastab n\u00e4o struktuuri, kontuurib n\u00e4gu, l\u00f5uga ja p\u00f5ski. Seda saab kasutada ka huulte mahu suurendamiseks ja k\u00e4te tagak\u00fcljel oleva naha hooldamiseks. Lidokaiin toimib valuvaigistina, pakkudes patsientidele mugavamat ja valutumat kogemust. See on steriilne ja koheselt kasutusvalmis preparaat. Pluryal sarja ohutust on testitud enam kui 40 riigis.<\/p>\n","protected":false},"featured_media":34044,"template":"","meta":{"_seopress_robots_primary_cat":"none","_seopress_titles_title":"","_seopress_titles_desc":"","_seopress_robots_index":""},"item":[1501],"product_cat":[154],"product_tag":[],"class_list":{"0":"post-18661","1":"product","2":"type-product","3":"status-publish","4":"has-post-thumbnail","6":"item-pluryal-et","7":"product_cat-fillerid-et","8":"pa_product_main_cat-professionaalne-hooldus","10":"first","11":"instock","12":"taxable","13":"shipping-taxable","14":"purchasable","15":"product-type-simple"},"_links":{"self":[{"href":"https:\/\/cutismedical.shop\/et\/wp-json\/wp\/v2\/product\/18661","targetHints":{"allow":["GET"]}}],"collection":[{"href":"https:\/\/cutismedical.shop\/et\/wp-json\/wp\/v2\/product"}],"about":[{"href":"https:\/\/cutismedical.shop\/et\/wp-json\/wp\/v2\/types\/product"}],"wp:featuredmedia":[{"embeddable":true,"href":"https:\/\/cutismedical.shop\/et\/wp-json\/wp\/v2\/media\/34044"}],"wp:attachment":[{"href":"https:\/\/cutismedical.shop\/et\/wp-json\/wp\/v2\/media?parent=18661"}],"wp:term":[{"taxonomy":"item","embeddable":true,"href":"https:\/\/cutismedical.shop\/et\/wp-json\/wp\/v2\/item?post=18661"},{"taxonomy":"product_cat","embeddable":true,"href":"https:\/\/cutismedical.shop\/et\/wp-json\/wp\/v2\/product_cat?post=18661"},{"taxonomy":"product_tag","embeddable":true,"href":"https:\/\/cutismedical.shop\/et\/wp-json\/wp\/v2\/product_tag?post=18661"}],"curies":[{"name":"wp","href":"https:\/\/api.w.org\/{rel}","templated":true}]}}