{"id":18641,"date":"2020-11-23T20:13:35","date_gmt":"2020-11-23T18:13:35","guid":{"rendered":"https:\/\/cutismedical.com\/?post_type=product&#038;p=18641"},"modified":"2024-11-14T18:36:12","modified_gmt":"2024-11-14T16:36:12","slug":"pluryal-classic-lid-11ml-filling-wrinkles-lip-augmentation","status":"publish","type":"product","link":"https:\/\/cutismedical.shop\/et\/shop-es\/fillerid-et\/pluryal-classic-lid-11ml-filling-wrinkles-lip-augmentation\/","title":{"rendered":"Pluryal Classic Lid (1*1 ml) \/ Kortsude t\u00e4itmine \/ Huulte suurendamine"},"content":{"rendered":"<p><strong>Pakk sisaldab:<\/strong><\/p>\n<ul>\n<li>1 s\u00fcstal x 1 ml<\/li>\n<li>23 mg\/ml naatriumh\u00fcaluronaat<\/li>\n<li>0,3% Lidokaiin<\/li>\n<\/ul>\n<p> <strong>Pluryal<sup>\u00ae<\/sup> Classic Lid eelised:<\/strong><br \/>\nPluryal&#8217;i saab kasutada kortsude k\u00f5rvaldamiseks, eriti:<\/p>\n<ul>\n<li>Kulmudevahelistel jooned<\/li>\n<li>Naso-labiaalvoltidel<\/li>\n<li>Marionetijooned<\/li>\n<li>Huuletel<\/li>\n<\/ul>\n<p> <strong>Kaua tulemus kestab?<\/strong><br \/>\nTulemused on koheselt n\u00e4htavad juba esimesest protseduurist. Tavaliselt kestab efekt 6 kuni 9 kuud. M\u00f5nel juhul v\u00f5ib tulemus p\u00fcsida kuni aasta, s\u00f5ltuvalt nahat\u00fc\u00fcbist, vanusest, eluviisist ja spetsialisti kasutatud tehnikast.<\/p>\n","protected":false},"excerpt":{"rendered":"<p>Pluryal<sup>\u00ae<\/sup> Classic Lid on uuenduslik h\u00fcaluroonhape sisaldav dermal filler, mida kasutatakse kortsude, naha murdejoonte korrigeerimiseks ja huulte kuju muutmiseks keskmises dermakihtis. Kasutage Pluryal Classic Lid kortsude silumiseks ja kaotatud mahu taastamiseks. Toode sisaldab lidokaiini, t\u00f5husat anesteetikumi, et pakkuda patsiendile mugavamat s\u00fcstimist.<\/p>\n","protected":false},"featured_media":34032,"template":"","meta":{"_seopress_robots_primary_cat":"none","_seopress_titles_title":"","_seopress_titles_desc":"","_seopress_robots_index":""},"item":[1501],"product_cat":[154],"product_tag":[],"class_list":{"0":"post-18641","1":"product","2":"type-product","3":"status-publish","4":"has-post-thumbnail","6":"item-pluryal-et","7":"product_cat-fillerid-et","8":"pa_product_main_cat-professionaalne-hooldus","10":"first","11":"instock","12":"taxable","13":"shipping-taxable","14":"purchasable","15":"product-type-simple"},"_links":{"self":[{"href":"https:\/\/cutismedical.shop\/et\/wp-json\/wp\/v2\/product\/18641","targetHints":{"allow":["GET"]}}],"collection":[{"href":"https:\/\/cutismedical.shop\/et\/wp-json\/wp\/v2\/product"}],"about":[{"href":"https:\/\/cutismedical.shop\/et\/wp-json\/wp\/v2\/types\/product"}],"wp:featuredmedia":[{"embeddable":true,"href":"https:\/\/cutismedical.shop\/et\/wp-json\/wp\/v2\/media\/34032"}],"wp:attachment":[{"href":"https:\/\/cutismedical.shop\/et\/wp-json\/wp\/v2\/media?parent=18641"}],"wp:term":[{"taxonomy":"item","embeddable":true,"href":"https:\/\/cutismedical.shop\/et\/wp-json\/wp\/v2\/item?post=18641"},{"taxonomy":"product_cat","embeddable":true,"href":"https:\/\/cutismedical.shop\/et\/wp-json\/wp\/v2\/product_cat?post=18641"},{"taxonomy":"product_tag","embeddable":true,"href":"https:\/\/cutismedical.shop\/et\/wp-json\/wp\/v2\/product_tag?post=18641"}],"curies":[{"name":"wp","href":"https:\/\/api.w.org\/{rel}","templated":true}]}}