{"id":18560,"date":"2020-11-19T20:22:33","date_gmt":"2020-11-19T18:22:33","guid":{"rendered":"https:\/\/cutismedical.com\/shop\/maaratlemata\/chemi-pharm-chemisept-g-100ml-500ml\/"},"modified":"2024-11-14T19:04:51","modified_gmt":"2024-11-14T17:04:51","slug":"chemi-pharm-chemisept-g-100ml-500ml","status":"publish","type":"product","link":"https:\/\/cutismedical.shop\/et\/shop-es\/kulumaterjalid\/sanitizer-et\/chemi-pharm-chemisept-g-100ml-500ml\/","title":{"rendered":"Chemi-Pharm. Chemisept G. Naha antiseptik | 100 ml \/ 250 ml \/ 500 ml \/ 1000 ml"},"content":{"rendered":"<p>Pindmiste kriimustuste ja v\u00e4ikeste haavade desinfitseerimiseks, naha desinfitseerimiseks enne s\u00fcstimist ja vereproovide v\u00f5tmist: pihustage Chemisept G s\u00fcsti v\u00f5i vereproovi piirkonnale, puhastage ja kuivatage steriilse tampooniga, teisel pihustamisel laske lahusel kuivada. Toimeaeg on 30 sekundit.<\/p>\n<p>Naha operatsioonieelseks t\u00f6\u00f6tlemiseks, operatsioonipiirkonna desinfitseerimiseks viige l\u00e4bi kaks korda (m\u00f5lemal korral 1,5 minutit). Laske lahusel m\u00f5juda 3 minutit.<\/p>\n<p>Operatsioonij\u00e4rgne haavade t\u00f6\u00f6tlemine: desinfitseerige \u00f5mblustega ala Chemisept G lahusega, puhastage ja kuivatage steriilse tampooniga, pihustage Chemisept G teist korda ja katke koheselt sidemega, ilma lahust kuivatamata.<\/p>\n<p><strong>ETTEVAATUSABIN\u00d5UD:<\/strong><br \/>\nSisaldab biotsiidi! J\u00e4rgige alkoholi sisaldavate desinfektsioonivahendite kasutusjuhiseid ja ohutusn\u00f5udeid.<br \/>\nV\u00e4ga tuleohtlik vedelik!<br \/>\nHoida eemal lahtisest leegist ja kuumadest pindadest. Suitsetamine keelatud!<br \/>\nSilma sattumisel loputage rohke veega ja vajadusel p\u00f6\u00f6rduge arsti poole.<\/p>\n<p>Chemisept G vastab standarditele EN 12054, EN 14348 ja EN 12791.<\/p>\n<p>pH 6,5 \u2013 7,5<\/p>\n","protected":false},"excerpt":{"rendered":"<h4><span style=\"color: #ed1c24;\"><strong>Ei ole mu\u0308u\u0308giks ELis!<\/strong><\/span><\/h4>\n<p>Chemisept G omab laia toimespektriga fungitsiidset ja bakteritsiidset toimet, h\u00e4vitades grampositiivseid ja gramnegatiivseid baktereid (sh Mycobacterium terrae) ja seeni, deaktiveerides viiruseid (HBV, HIV, HCV, vaktsiiniviirus, herpes simplex viirus, adenoviirus, rotaviirus). Toime kestab 3 tundi.<\/p>\n","protected":false},"featured_media":18556,"template":"","meta":{"_seopress_robots_primary_cat":"","_seopress_titles_title":"","_seopress_titles_desc":"","_seopress_robots_index":""},"item":[1498],"product_cat":[1872,1298],"product_tag":[],"class_list":{"0":"post-18560","1":"product","2":"type-product","3":"status-publish","4":"has-post-thumbnail","6":"item-chemi-pharm-et","7":"product_cat-kulumaterjalid","8":"product_cat-sanitizer-et","9":"pa_product_main_cat-kodune-hooldus","10":"pa_product_main_cat-professionaalne-hooldus","12":"first","13":"instock","14":"taxable","15":"shipping-taxable","16":"purchasable","17":"product-type-variable"},"_links":{"self":[{"href":"https:\/\/cutismedical.shop\/et\/wp-json\/wp\/v2\/product\/18560","targetHints":{"allow":["GET"]}}],"collection":[{"href":"https:\/\/cutismedical.shop\/et\/wp-json\/wp\/v2\/product"}],"about":[{"href":"https:\/\/cutismedical.shop\/et\/wp-json\/wp\/v2\/types\/product"}],"wp:featuredmedia":[{"embeddable":true,"href":"https:\/\/cutismedical.shop\/et\/wp-json\/wp\/v2\/media\/18556"}],"wp:attachment":[{"href":"https:\/\/cutismedical.shop\/et\/wp-json\/wp\/v2\/media?parent=18560"}],"wp:term":[{"taxonomy":"item","embeddable":true,"href":"https:\/\/cutismedical.shop\/et\/wp-json\/wp\/v2\/item?post=18560"},{"taxonomy":"product_cat","embeddable":true,"href":"https:\/\/cutismedical.shop\/et\/wp-json\/wp\/v2\/product_cat?post=18560"},{"taxonomy":"product_tag","embeddable":true,"href":"https:\/\/cutismedical.shop\/et\/wp-json\/wp\/v2\/product_tag?post=18560"}],"curies":[{"name":"wp","href":"https:\/\/api.w.org\/{rel}","templated":true}]}}