{"id":18307,"date":"2020-11-18T13:16:33","date_gmt":"2020-11-18T11:16:33","guid":{"rendered":"https:\/\/cutismedical.com\/shop\/maaratlemata\/dermaheal-dark-circle-solution-5pcs15ml-for-eyes\/"},"modified":"2024-11-11T17:44:32","modified_gmt":"2024-11-11T15:44:32","slug":"dermaheal-dark-circle-solution-5pcs15ml-for-eyes","status":"publish","type":"product","link":"https:\/\/cutismedical.shop\/et\/shop-es\/mesoteraapia-et\/mesotherapy-for-eyes-et\/dermaheal-dark-circle-solution-5pcs15ml-for-eyes\/","title":{"rendered":"Dermaheal Dark Circle Solution (5tk*1,5ml) \/ Silmadele"},"content":{"rendered":"<p>Biomimeetilised peptiidid v\u00f5itlevad silmaaluste tumedate ringide vastu, helendavad pigmentatsiooni ja hoiavad \u00e4ra uute pigmentlaikude tekke. Dermaheal Dark Circle Solution sisaldab aktiivseid koostisosi, nagu Oligopeptiid-34, millel on helendavad omadused, mis aitavad nahka helendada ja tasakaalustada nahatooni. Oligopeptiid-24, millel on tugevdavad omadused, aitab parandada naha \u00fcldist seisundit ja avaldab pinguldavat efekti. Dekapeptiid-4, millel on vananemisvastased omadused, aitab suurendada rakkude regenereerimist ning kollageeni ja elastiini tootmist.<\/p>\n<p>Lisaks parandab Dermaheal Dark Circle Solution silmade \u00fcmbruse naha seisundit, andes s\u00e4rava ja v\u00e4rskendatud v\u00e4limuse.<\/p>\n<p><span style=\"color: #282828;\"><strong>Aktiivsed koostisosad:<\/strong><\/span><\/p>\n<ul>\n<li><span style=\"color: #282828;\">Oligopeptiid-34 (CG-TGP2)<\/span><\/li>\n<li><span style=\"color: #282828;\">Oligopeptiid-24 (CG-EDP3)<\/span><\/li>\n<li><span style=\"color: #282828;\">Dekapeptiid-4 (CG-IDP2)<\/span><\/li>\n<\/ul>\n<p> <span style=\"color: #282828;\"><strong>Dermaheal Dark Circle Solution eelised:<\/strong><\/span> <\/p>\n<ul>\n<li><span style=\"color: #282828;\">Helendab tumedaid ringe ja pigmentlaike<\/span><\/li>\n<li><span style=\"color: #282828;\">Normaliseerib mikrotsirkulatsiooni<\/span><\/li>\n<li><span style=\"color: #282828;\">V\u00e4hendab peeneid kortse<\/span><\/li>\n<li><span style=\"color: #282828;\">Stimuleerib naha pinguldumist<\/span><\/li>\n<\/ul>\n<p> <span style=\"color: #282828;\"><strong>Kuidas toodet kasutada:<\/strong><\/span><br \/>\n<span style=\"color: #282828;\">Dermaheal Dark Circle Solution&#8217;i seanss tuleks l\u00e4bi viia kord n\u00e4dalas, \u00fcks viaal iga seansi jaoks, kokku 4-5 seanssi.<\/span><\/p>\n","protected":false},"excerpt":{"rendered":"<h4><span style=\"color: #ed1c24;\"><strong>Ei ole mu\u0308u\u0308giks ELis!<\/strong><\/span><\/h4>\n<p>Dermaheal Dark Circle Solution on mesoteraapia toode, mis on m\u00f5eldud silmaaluse piirkonna helendamiseks ja naha niisutamiseks, et eemaldada tumedad ringid ja v\u00e4simuse tunnused.<\/p>\n","protected":false},"featured_media":18302,"template":"","meta":{"_seopress_robots_primary_cat":"none","_seopress_titles_title":"","_seopress_titles_desc":"","_seopress_robots_index":""},"item":[1482],"product_cat":[155,1122],"product_tag":[1897,1888],"class_list":{"0":"post-18307","1":"product","2":"type-product","3":"status-publish","4":"has-post-thumbnail","6":"item-dermaheal-et","7":"product_cat-mesoteraapia-et","8":"product_cat-mesotherapy-for-eyes-et","9":"product_tag-pigmendilaigud","10":"product_tag-tundlik-nahk","11":"pa_product_main_cat-professionaalne-hooldus","13":"first","14":"instock","15":"taxable","16":"shipping-taxable","17":"purchasable","18":"product-type-simple"},"_links":{"self":[{"href":"https:\/\/cutismedical.shop\/et\/wp-json\/wp\/v2\/product\/18307","targetHints":{"allow":["GET"]}}],"collection":[{"href":"https:\/\/cutismedical.shop\/et\/wp-json\/wp\/v2\/product"}],"about":[{"href":"https:\/\/cutismedical.shop\/et\/wp-json\/wp\/v2\/types\/product"}],"wp:featuredmedia":[{"embeddable":true,"href":"https:\/\/cutismedical.shop\/et\/wp-json\/wp\/v2\/media\/18302"}],"wp:attachment":[{"href":"https:\/\/cutismedical.shop\/et\/wp-json\/wp\/v2\/media?parent=18307"}],"wp:term":[{"taxonomy":"item","embeddable":true,"href":"https:\/\/cutismedical.shop\/et\/wp-json\/wp\/v2\/item?post=18307"},{"taxonomy":"product_cat","embeddable":true,"href":"https:\/\/cutismedical.shop\/et\/wp-json\/wp\/v2\/product_cat?post=18307"},{"taxonomy":"product_tag","embeddable":true,"href":"https:\/\/cutismedical.shop\/et\/wp-json\/wp\/v2\/product_tag?post=18307"}],"curies":[{"name":"wp","href":"https:\/\/api.w.org\/{rel}","templated":true}]}}