{"id":18182,"date":"2020-11-04T12:19:17","date_gmt":"2020-11-04T10:19:17","guid":{"rendered":"https:\/\/cutismedical.com\/shop\/maaratlemata\/hyalual-electri-15ml\/"},"modified":"2024-11-11T21:42:00","modified_gmt":"2024-11-11T19:42:00","slug":"hyalual-electri-15ml","status":"publish","type":"product","link":"https:\/\/cutismedical.shop\/et\/shop-es\/biorevitalisant-et\/hyalual-electri-15ml\/","title":{"rendered":"Hyalual. ELECTRI 1,5 ml. 0,55% \/ Silmadele"},"content":{"rendered":"<p><strong>N\u00e4idustused:<\/strong><\/p>\n<ul>\n<li>Naha deh\u00fcdratsioon<\/li>\n<li>Dermise veresoonte mikrotsirkulatsiooni h\u00e4ired<\/li>\n<li>Naha turgori v\u00e4henemine<\/li>\n<li>V\u00e4sinud nahk<\/li>\n<li>Pigmentatsioon<\/li>\n<\/ul>\n<p> <strong>Tulemus:<\/strong> <\/p>\n<ul>\n<li>Parandab naha niisutust kuni 56%* juba p\u00e4rast \u00fchte protseduuri<\/li>\n<li>Parandab naha tooni ja tekstuuri<\/li>\n<li>Tagab intensiivse niisutuse<\/li>\n<li>Omab antioks\u00fcdantset toimet<\/li>\n<\/ul>\n<p> <em>Tulemus on individuaalne ja s\u00f5ltub konkreetse inimese organismi f\u00fcsioloogilistest omadustest.<\/em><br \/>\n<strong>Kasutamine:<\/strong><\/p>\n<p>ELECTRI on soovitatav enneaegse naha vananemise ennetamiseks, mis on p\u00f5hjustatud deh\u00fcdratsioonist ja vabade radikaalide pidevast m\u00f5just. Toode soodustab naha v\u00e4limuse kiiret ja t\u00f5husat paranemist nii meestel kui naistel igas vanuses.<\/p>\n<p><strong>Koostis:<\/strong><\/p>\n<ul>\n<li>Naatriumsuktsinaat (suktsiinhape) (1,6%)<\/li>\n<li>K\u00f5rge molekulmassiga h\u00fcaluroonhape 5,5 mg\/ml (0,55%)<\/li>\n<\/ul>\n<p> Pakend sisaldab \u00fchte s\u00fcstalt ja komplekti 30G n\u00f5elu.<\/p>\n","protected":false},"excerpt":{"rendered":"<p><strong>S\u00fcstimiseks m\u00f5eldud toode, mis p\u00f5hineb mitte-sillastatud h\u00fcaluroon- ja suktsiinhappel ning annab esmase s\u00fcstimisega kiire tulemuse.<\/strong><\/p>\n<p>ELECTRI on loodud intensiivseks naha taastamiseks, pakkudes \u00fche protseduuriga kiireimat tulemust l\u00fchikese aja jooksul. T\u00e4nu k\u00f5rge molekulmassiga h\u00fcaluroonhappe (0,55%) f\u00fcsioloogilisele kontsentratsioonile ei j\u00e4ta see papule ja sobib ideaalselt naistele ja meestele, kes on valmis esimesele \u00fchekorra noorendamisprotseduurile ilma pika taastumisajata.<\/p>\n","protected":false},"featured_media":17305,"template":"","meta":{"_seopress_robots_primary_cat":"none","_seopress_titles_title":"","_seopress_titles_desc":"","_seopress_robots_index":""},"item":[1461],"product_cat":[315],"product_tag":[],"class_list":{"0":"post-18182","1":"product","2":"type-product","3":"status-publish","4":"has-post-thumbnail","6":"item-hyalual-et","7":"product_cat-biorevitalisant-et","8":"pa_product_main_cat-professionaalne-hooldus","10":"first","11":"instock","12":"taxable","13":"shipping-taxable","14":"purchasable","15":"product-type-simple"},"_links":{"self":[{"href":"https:\/\/cutismedical.shop\/et\/wp-json\/wp\/v2\/product\/18182","targetHints":{"allow":["GET"]}}],"collection":[{"href":"https:\/\/cutismedical.shop\/et\/wp-json\/wp\/v2\/product"}],"about":[{"href":"https:\/\/cutismedical.shop\/et\/wp-json\/wp\/v2\/types\/product"}],"wp:featuredmedia":[{"embeddable":true,"href":"https:\/\/cutismedical.shop\/et\/wp-json\/wp\/v2\/media\/17305"}],"wp:attachment":[{"href":"https:\/\/cutismedical.shop\/et\/wp-json\/wp\/v2\/media?parent=18182"}],"wp:term":[{"taxonomy":"item","embeddable":true,"href":"https:\/\/cutismedical.shop\/et\/wp-json\/wp\/v2\/item?post=18182"},{"taxonomy":"product_cat","embeddable":true,"href":"https:\/\/cutismedical.shop\/et\/wp-json\/wp\/v2\/product_cat?post=18182"},{"taxonomy":"product_tag","embeddable":true,"href":"https:\/\/cutismedical.shop\/et\/wp-json\/wp\/v2\/product_tag?post=18182"}],"curies":[{"name":"wp","href":"https:\/\/api.w.org\/{rel}","templated":true}]}}