{"id":18180,"date":"2020-11-17T11:33:09","date_gmt":"2020-11-17T09:33:09","guid":{"rendered":"https:\/\/cutismedical.com\/?post_type=product&#038;p=18180"},"modified":"2024-11-11T19:22:19","modified_gmt":"2024-11-11T17:22:19","slug":"hyalual-xela-rederm-2-2-2ml","status":"publish","type":"product","link":"https:\/\/cutismedical.shop\/et\/shop-es\/biorevitalisant-et\/hyalual-xela-rederm-2-2-2ml\/","title":{"rendered":"Hyalual. Xela Rederm 2,2% 2 ml"},"content":{"rendered":"<p><strong>N\u00e4idustused:<\/strong><\/p>\n<ul>\n<li>S\u00fcgavad naha voldid ja jooned<\/li>\n<li>Akne armid<\/li>\n<li>H\u00fcperpigmentatsioon<\/li>\n<\/ul>\n<p> <strong>Tulemus:<\/strong> <\/p>\n<ul>\n<li>Lifting-efekt<\/li>\n<li>Parandab naha kvaliteeti, tugevdades dermist<\/li>\n<li>V\u00e4hendab voltide s\u00fcgavust<\/li>\n<li>Parandab huulte kontuuri<\/li>\n<li>Taastab dermise veetasakaalu<em>Tulemus on individuaalne ja s\u00f5ltub konkreetse inimese organismi f\u00fcsioloogilistest omadustest.<\/em><\/li>\n<\/ul>\n<p> <strong>Rakendus:<\/strong><br \/>\nSee ainulaadne kahekomponentne valem tagab v\u00e4ljendunud ja p\u00fcsiva efekti. Juba p\u00e4rast esimest redermalisatsiooni protseduuri suureneb fibroblastide arv, mis vastutavad elastiini ja kollageeni tootmise eest, ning taastatakse dermise mikrotsirkulatsioon ja maatriks.<\/p>\n<p>Tehnika: papulaarne, lineaarne tehnika.<\/p>\n<p>Individuaalne kuur 14-p\u00e4evase intervalliga.<\/p>\n<p><strong>Koostis:<\/strong><\/p>\n<ul>\n<li>K\u00f5rgmolekulaarne h\u00fcaluroonhape \u2013 2,2%<\/li>\n<li>Amberhape (naatriumsuktsinaat) \u2013 1,6%<\/li>\n<\/ul>\n<p> <em>Pakk sisaldab \u00fchte s\u00fcstalt ja komplekti n\u00f5elu.<\/em><\/p>\n","protected":false},"excerpt":{"rendered":"<p><span style=\"color: #d83131;\"><strong>Ei ole mu\u0308u\u0308giks ELis!<\/strong><\/span><\/p>\n<p><strong>Toode, mis p\u00f5hineb sidumata h\u00fcaluroon- ja amberhappel, et saavutada redermalisatsiooni efekt.<\/strong> Seda toodet kasutatakse naha terviklikuks noorendamiseks, gravitatsioonilise ptoosi korrigeerimiseks ning perioraalse ala ja huulte taastamiseks.<\/p>\n<p><a href=\"https:\/\/www.dropbox.com\/s\/91fod5nhdwhcg8z\/Instructions%20for%20use.%20Xela%20Rederm.pdf?dl=0\"><strong>Kasutusjuhised<\/strong><\/a><\/p>\n","protected":false},"featured_media":17301,"template":"","meta":{"_seopress_robots_primary_cat":"none","_seopress_titles_title":"","_seopress_titles_desc":"","_seopress_robots_index":""},"item":[1461],"product_cat":[315],"product_tag":[],"class_list":{"0":"post-18180","1":"product","2":"type-product","3":"status-publish","4":"has-post-thumbnail","6":"item-hyalual-et","7":"product_cat-biorevitalisant-et","8":"pa_product_main_cat-professionaalne-hooldus","10":"first","11":"instock","12":"taxable","13":"shipping-taxable","14":"purchasable","15":"product-type-simple"},"_links":{"self":[{"href":"https:\/\/cutismedical.shop\/et\/wp-json\/wp\/v2\/product\/18180","targetHints":{"allow":["GET"]}}],"collection":[{"href":"https:\/\/cutismedical.shop\/et\/wp-json\/wp\/v2\/product"}],"about":[{"href":"https:\/\/cutismedical.shop\/et\/wp-json\/wp\/v2\/types\/product"}],"wp:featuredmedia":[{"embeddable":true,"href":"https:\/\/cutismedical.shop\/et\/wp-json\/wp\/v2\/media\/17301"}],"wp:attachment":[{"href":"https:\/\/cutismedical.shop\/et\/wp-json\/wp\/v2\/media?parent=18180"}],"wp:term":[{"taxonomy":"item","embeddable":true,"href":"https:\/\/cutismedical.shop\/et\/wp-json\/wp\/v2\/item?post=18180"},{"taxonomy":"product_cat","embeddable":true,"href":"https:\/\/cutismedical.shop\/et\/wp-json\/wp\/v2\/product_cat?post=18180"},{"taxonomy":"product_tag","embeddable":true,"href":"https:\/\/cutismedical.shop\/et\/wp-json\/wp\/v2\/product_tag?post=18180"}],"curies":[{"name":"wp","href":"https:\/\/api.w.org\/{rel}","templated":true}]}}