{"id":18156,"date":"2020-11-17T09:36:38","date_gmt":"2020-11-17T07:36:38","guid":{"rendered":"https:\/\/cutismedical.com\/shop\/maaratlemata\/juvederm-volux-lid-21ml\/"},"modified":"2024-11-11T20:20:38","modified_gmt":"2024-11-11T18:20:38","slug":"juvederm-volux-lid-21ml","status":"publish","type":"product","link":"https:\/\/cutismedical.shop\/et\/shop-es\/fillerid-et\/juvederm-volux-lid-21ml\/","title":{"rendered":"Juvederm Volux Lid (2*1 ml)"},"content":{"rendered":"<p>Juv\u00e9derm Volux on steriliseeritud, p\u00fcrogeenivaba geel, mis p\u00f5hineb loomset p\u00e4ritolu mitte sisaldaval ristseotud h\u00fcaluroonhappel (HA). Lisaks sisaldab Juv\u00e9derm Volux lidokaiini, et muuta protseduur mugavamaks.<\/p>\n<p><strong>Pakk koosneb:<\/strong><\/p>\n<ul>\n<li>2 x 1 ml s\u00fcstal<\/li>\n<li>4 x 27G 1\/2&#8243; n\u00f5el<\/li>\n<\/ul>\n<p> <strong>Peamised koostisosad:<\/strong> <\/p>\n<ul>\n<li>25 mg\/ml h\u00fcaluroonhape<\/li>\n<li>0,3% lidokaiin<\/li>\n<\/ul>\n<p> <strong>Juv\u00e9derm Volux Lid eelised:<\/strong> <\/p>\n<ul>\n<li>Taastab ja loob n\u00e4o vol\u00fc\u00fcmi<\/li>\n<li>Silub glabellaarsed jooned ja kortsud<\/li>\n<li>Parandab n\u00e4o \u00fcldist kuju<\/li>\n<li>Looduslik ja pikaajaline tulemus<\/li>\n<\/ul>\n","protected":false},"excerpt":{"rendered":"<p><span style=\"color: #d83131;\"><strong>Ei ole mu\u0308u\u0308giks ELis!<\/strong><\/span><\/p>\n<p>Juv\u00e9derm Volux Lid on resorbeeruv mittealaline t\u00e4iteaine, mis kuulub Juv\u00e9derm VYCROSS\u00ae sarja ja on v\u00e4lja t\u00f6\u00f6tatud Allergan Laboratories poolt. K\u00f5rge tihedusega t\u00e4iteaine on spetsiaalselt formuleeritud n\u00e4o vol\u00fc\u00fcmi taastamiseks ja loomiseks. Toode sobib ideaalselt glabellaarsete joonte, kortsude ja naha as\u00fcmmeetriate korrigeerimiseks. Ainulaadset t\u00e4iteainet saab kasutada ka l\u00f5ua ja l\u00f5uajooni vol\u00fc\u00fcmi kaotuse raviks. Juv\u00e9derm Volux&#8217;iga saavutatud tulemused on loomulikud ja v\u00f5ivad kesta 18 kuni 24 kuud.<\/p>\n<p>&nbsp;<\/p>\n","protected":false},"featured_media":18159,"template":"","meta":{"_seopress_robots_primary_cat":"none","_seopress_titles_title":"","_seopress_titles_desc":"","_seopress_robots_index":""},"item":[1264],"product_cat":[154],"product_tag":[],"class_list":{"0":"post-18156","1":"product","2":"type-product","3":"status-publish","4":"has-post-thumbnail","6":"item-juvederm-et-2","7":"product_cat-fillerid-et","8":"pa_product_main_cat-professionaalne-hooldus","10":"first","11":"instock","12":"taxable","13":"shipping-taxable","14":"purchasable","15":"product-type-simple"},"_links":{"self":[{"href":"https:\/\/cutismedical.shop\/et\/wp-json\/wp\/v2\/product\/18156","targetHints":{"allow":["GET"]}}],"collection":[{"href":"https:\/\/cutismedical.shop\/et\/wp-json\/wp\/v2\/product"}],"about":[{"href":"https:\/\/cutismedical.shop\/et\/wp-json\/wp\/v2\/types\/product"}],"wp:featuredmedia":[{"embeddable":true,"href":"https:\/\/cutismedical.shop\/et\/wp-json\/wp\/v2\/media\/18159"}],"wp:attachment":[{"href":"https:\/\/cutismedical.shop\/et\/wp-json\/wp\/v2\/media?parent=18156"}],"wp:term":[{"taxonomy":"item","embeddable":true,"href":"https:\/\/cutismedical.shop\/et\/wp-json\/wp\/v2\/item?post=18156"},{"taxonomy":"product_cat","embeddable":true,"href":"https:\/\/cutismedical.shop\/et\/wp-json\/wp\/v2\/product_cat?post=18156"},{"taxonomy":"product_tag","embeddable":true,"href":"https:\/\/cutismedical.shop\/et\/wp-json\/wp\/v2\/product_tag?post=18156"}],"curies":[{"name":"wp","href":"https:\/\/api.w.org\/{rel}","templated":true}]}}