{"id":176848,"date":"2026-04-17T18:42:51","date_gmt":"2026-04-17T16:42:51","guid":{"rendered":"https:\/\/cutismedical.shop\/?post_type=product&#038;p=176848"},"modified":"2026-04-17T18:49:57","modified_gmt":"2026-04-17T16:49:57","slug":"dives-med-hydra-royal-peel-1-viaal-x-5-ml","status":"publish","type":"product","link":"https:\/\/cutismedical.shop\/et\/shop-es\/keemilised-piilingud-et\/dives-med-hydra-royal-peel-1-viaal-x-5-ml\/","title":{"rendered":"DIVES MED | Hydra Royal Peel (1 viaal \u00d7 5 ml.)"},"content":{"rendered":"<p data-start=\"337\" data-end=\"579\">Valem toimib pehme stimulaatorina, aidates parandada naha tekstuuri ja elastsust ning toetades niiskuse s\u00e4ilitamist ja v\u00e4rskemat v\u00e4limust. Sobib naha \u00fcldise kvaliteedi parandamiseks ja ettevalmistuseks teisteks esteetilisteks protseduurideks.<\/p>\n<hr data-start=\"581\" data-end=\"584\" \/>\n<h3 data-section-id=\"1kftkq9\" data-start=\"586\" data-end=\"599\">Eelised<\/h3>\n<p data-start=\"601\" data-end=\"818\">\u2022 Toetab naha niisutamist ja revitaliseerimist<br data-start=\"647\" data-end=\"650\" \/>\u2022 Aitab parandada naha elastsust ja tugevust<br data-start=\"694\" data-end=\"697\" \/>\u2022 Parandab nahatooni ja annab s\u00e4ra<br data-start=\"731\" data-end=\"734\" \/>\u2022 Pakub kerget t\u00f5stvat efekti<br data-start=\"763\" data-end=\"766\" \/>\u2022 V\u00f5imendab teiste esteetiliste protseduuride m\u00f5ju<\/p>\n<hr data-start=\"820\" data-end=\"823\" \/>\n<h3 data-section-id=\"16nnpdg\" data-start=\"825\" data-end=\"842\">N\u00e4idustused<\/h3>\n<p data-start=\"844\" data-end=\"1016\">\u2022 Kuiv ja deh\u00fcdreeritud nahk<br data-start=\"872\" data-end=\"875\" \/>\u2022 Tuhm ja v\u00e4sinud nahk<br data-start=\"897\" data-end=\"900\" \/>\u2022 Eba\u00fchtlane nahatoon<br data-start=\"921\" data-end=\"924\" \/>\u2022 Naha elastsuse v\u00e4henemine<br data-start=\"951\" data-end=\"954\" \/>\u2022 Nahk, mida on m\u00f5jutanud keskkonnategurid ja fotovananemine<\/p>\n<hr data-start=\"1018\" data-end=\"1021\" \/>\n<h3 data-section-id=\"zqbkz4\" data-start=\"1023\" data-end=\"1036\">Koostis<\/h3>\n<p data-start=\"1038\" data-end=\"1187\">\u2022 Piimhape<br data-start=\"1048\" data-end=\"1051\" \/>\u2022 Sidrunhape<br data-start=\"1063\" data-end=\"1066\" \/>\u2022 Feruulhape<br data-start=\"1078\" data-end=\"1081\" \/>\u2022 Traneksaamhape<br data-start=\"1097\" data-end=\"1100\" \/>\u2022 Piimhappe sool<br data-start=\"1116\" data-end=\"1119\" \/>\u2022 Lagritsaekstrakt<br data-start=\"1137\" data-end=\"1140\" \/>\u2022 Valge mooruspuu juure ekstrakt<br data-start=\"1172\" data-end=\"1175\" \/>\u2022 Arginiin<\/p>\n<hr data-start=\"1189\" data-end=\"1192\" \/>\n<h3 data-section-id=\"1lmam9w\" data-start=\"1194\" data-end=\"1216\">Kasutamisjuhised<\/h3>\n<p data-start=\"1218\" data-end=\"1354\">Toode on m\u00f5eldud ainult professionaalseks kasutamiseks. Kasutada vastavalt keemilise koorimise standardsetele protseduuriprotokollidele.<\/p>\n<p data-start=\"1356\" data-end=\"1414\">Soovitatav kuur: 4\u20136 protseduuri intervalliga 10\u201314 p\u00e4eva.<\/p>\n<hr data-start=\"1416\" data-end=\"1419\" \/>\n<h3 data-section-id=\"u6n0h2\" data-start=\"1421\" data-end=\"1435\">Omadused<\/h3>\n<p data-start=\"1437\" data-end=\"1618\">\u2022 Toote t\u00fc\u00fcp: \u00f5rn keemiline koorimine<br data-start=\"1474\" data-end=\"1477\" \/>\u2022 Formaat: viaal 1 \u00d7 5 ml<br data-start=\"1502\" data-end=\"1505\" \/>\u2022 P\u00f5hitoime: niisutamine, revitaliseerimine ja kerge lifting-efekt<br data-start=\"1571\" data-end=\"1574\" \/>\u2022 Kasutuspiirkond: n\u00e4gu ja muud piirkonnad<\/p>\n<hr data-start=\"1620\" data-end=\"1623\" \/>\n<h3 data-section-id=\"w6hwfx\" data-start=\"1625\" data-end=\"1644\">Oluline teave<\/h3>\n<p data-start=\"1646\" data-end=\"1959\" data-is-last-node=\"\" data-is-only-node=\"\">\u2022 Ainult professionaalseks kasutamiseks<br data-start=\"1685\" data-end=\"1688\" \/>\u2022 Ainult v\u00e4lispidiseks kasutamiseks<br data-start=\"1723\" data-end=\"1726\" \/>\u2022 V\u00e4ltida kokkupuudet silmade ja limaskestadega<br data-start=\"1773\" data-end=\"1776\" \/>\u2022 Kasutada vastavalt professionaalsetele protokollidele<br data-start=\"1831\" data-end=\"1834\" \/>\u2022 Hoida vastavalt tootja soovitustele<br data-start=\"1871\" data-end=\"1874\" \/>\u2022 Hoida lastele k\u00e4ttesaamatus kohas<br data-start=\"1909\" data-end=\"1912\" \/>\u2022 Ei ole soovitatav raseduse ega imetamise ajal<\/p>\n","protected":false},"excerpt":{"rendered":"<p>Piimhappe koorimine on \u00f5rn keemiline koorimisvalem, mis on loodud naha revitaliseerimiseks, niisutuse suurendamiseks ja nahatooni parandamiseks. Koostis \u00fchendab orgaanilisi happeid, aminohappeid ja taimseid ekstrakte, pakkudes nahale tasakaalustatud toimet.<\/p>\n","protected":false},"featured_media":176837,"template":"","meta":{"_seopress_robots_primary_cat":"none","_seopress_titles_title":"","_seopress_titles_desc":"","_seopress_robots_index":""},"item":[2267],"product_cat":[153],"product_tag":[],"class_list":{"0":"post-176848","1":"product","2":"type-product","3":"status-publish","4":"has-post-thumbnail","6":"item-dives-med-et","7":"product_cat-keemilised-piilingud-et","9":"first","10":"instock","11":"taxable","12":"shipping-taxable","13":"purchasable","14":"product-type-variable"},"_links":{"self":[{"href":"https:\/\/cutismedical.shop\/et\/wp-json\/wp\/v2\/product\/176848","targetHints":{"allow":["GET"]}}],"collection":[{"href":"https:\/\/cutismedical.shop\/et\/wp-json\/wp\/v2\/product"}],"about":[{"href":"https:\/\/cutismedical.shop\/et\/wp-json\/wp\/v2\/types\/product"}],"wp:featuredmedia":[{"embeddable":true,"href":"https:\/\/cutismedical.shop\/et\/wp-json\/wp\/v2\/media\/176837"}],"wp:attachment":[{"href":"https:\/\/cutismedical.shop\/et\/wp-json\/wp\/v2\/media?parent=176848"}],"wp:term":[{"taxonomy":"item","embeddable":true,"href":"https:\/\/cutismedical.shop\/et\/wp-json\/wp\/v2\/item?post=176848"},{"taxonomy":"product_cat","embeddable":true,"href":"https:\/\/cutismedical.shop\/et\/wp-json\/wp\/v2\/product_cat?post=176848"},{"taxonomy":"product_tag","embeddable":true,"href":"https:\/\/cutismedical.shop\/et\/wp-json\/wp\/v2\/product_tag?post=176848"}],"curies":[{"name":"wp","href":"https:\/\/api.w.org\/{rel}","templated":true}]}}