{"id":176824,"date":"2026-04-17T15:56:13","date_gmt":"2026-04-17T13:56:13","guid":{"rendered":"https:\/\/cutismedical.shop\/?post_type=product&#038;p=176824"},"modified":"2026-04-17T17:21:56","modified_gmt":"2026-04-17T15:21:56","slug":"dives-med-set-mandelic-peel-40-mandelhape-50-ml","status":"publish","type":"product","link":"https:\/\/cutismedical.shop\/et\/shop-es\/keemilised-piilingud-et\/dives-med-set-mandelic-peel-40-mandelhape-50-ml\/","title":{"rendered":"DIVES MED | SET Mandelic Peel 40% &#8211; Mandelhape (50 ml.)"},"content":{"rendered":"<p data-start=\"326\" data-end=\"590\">T\u00e4nu suure molekuliga mandelhappele tungib aine nahka j\u00e4rk-j\u00e4rgult, tagades kontrollitud toime ja kumulatiivse efekti kuurina kasutamisel. Koorimine aitab normaliseerida keratinisatsiooniprotsesse, v\u00e4hendades ebatasasuste teket ja parandades naha \u00fcldist seisundit.<\/p>\n<p data-start=\"592\" data-end=\"801\">Valemil on ka niisutav ja v\u00e4rskendav toime, mist\u00f5ttu kasutatakse toodet sageli ettevalmistava etapina enne teisi esteetilisi protseduure. See aitab taastada naha sileda, tasakaalustatud ja tervisliku v\u00e4limuse.<\/p>\n<hr data-start=\"803\" data-end=\"806\" \/>\n<h3 data-section-id=\"1kftkq9\" data-start=\"808\" data-end=\"821\">Eelised<\/h3>\n<p data-start=\"823\" data-end=\"1126\">\u2022 Tagab \u00f5rna eksfoliatsiooni minimaalse \u00e4rritusega<br data-start=\"873\" data-end=\"876\" \/>\u2022 Toetab naha niisutust ja v\u00e4rskust<br data-start=\"911\" data-end=\"914\" \/>\u2022 Parandab naha tekstuuri ja siledust<br data-start=\"951\" data-end=\"954\" \/>\u2022 Aitab \u00fchtlustada nahatooni<br data-start=\"982\" data-end=\"985\" \/>\u2022 V\u00e4hendab ebatasasusi ja liigset rasu tootmist<br data-start=\"1032\" data-end=\"1035\" \/>\u2022 Omab antibakteriaalset ja reguleerivat toimet<br data-start=\"1082\" data-end=\"1085\" \/>\u2022 Aitab v\u00e4hendada naha vananemise m\u00e4rke<\/p>\n<hr data-start=\"1128\" data-end=\"1131\" \/>\n<h3 data-section-id=\"16nnpdg\" data-start=\"1133\" data-end=\"1150\">N\u00e4idustused<\/h3>\n<p data-start=\"1152\" data-end=\"1368\">\u2022 Aknele kalduv nahk<br data-start=\"1172\" data-end=\"1175\" \/>\u2022 Tundlik nahk vananemism\u00e4rkidega<br data-start=\"1208\" data-end=\"1211\" \/>\u2022 Fotovananemine<br data-start=\"1227\" data-end=\"1230\" \/>\u2022 Pigmentatsioon ja p\u00f5letikuj\u00e4rgsed muutused<br data-start=\"1274\" data-end=\"1277\" \/>\u2022 H\u00fcperkeratoos<br data-start=\"1292\" data-end=\"1295\" \/>\u2022 Follikuliit<br data-start=\"1308\" data-end=\"1311\" \/>\u2022 Ettevalmistus teisteks esteetilisteks protseduurideks<\/p>\n<hr data-start=\"1370\" data-end=\"1373\" \/>\n<h3 data-section-id=\"zqbkz4\" data-start=\"1375\" data-end=\"1388\">Koostis<\/h3>\n<p data-start=\"1390\" data-end=\"1417\">\u2022 Mandelhape 40% (pH 2.3)<\/p>\n<hr data-start=\"1419\" data-end=\"1422\" \/>\n<h3 data-section-id=\"1lmam9w\" data-start=\"1424\" data-end=\"1446\">Kasutamisjuhised<\/h3>\n<p data-start=\"1448\" data-end=\"1614\">Toode on m\u00f5eldud ainult professionaalseks kasutamiseks. Kasutada vastavalt pindmise koorimise standardsetele protseduuriprotokollidele. Detailne juhend on komplektis.<\/p>\n<p data-start=\"1616\" data-end=\"1674\">Soovitatav kuur: 4\u20138 protseduuri intervalliga 10\u201314 p\u00e4eva.<\/p>\n<hr data-start=\"1676\" data-end=\"1679\" \/>\n<h3 data-section-id=\"u6n0h2\" data-start=\"1681\" data-end=\"1695\">Omadused<\/h3>\n<p data-start=\"1697\" data-end=\"1904\">\u2022 pH: 2.3<br data-start=\"1706\" data-end=\"1709\" \/>\u2022 Toote t\u00fc\u00fcp: pindmine mandelhappel p\u00f5hinev koorimine<br data-start=\"1762\" data-end=\"1765\" \/>\u2022 Kasutuspiirkond: n\u00e4gu ja muud piirkonnad<br data-start=\"1807\" data-end=\"1810\" \/>\u2022 S\u00e4ilitamistingimused: 15\u00b0C\u201325\u00b0C<br data-start=\"1843\" data-end=\"1846\" \/>\u2022 Protseduuride arv: umbes 20\u201330, s\u00f5ltuvalt kasutusalast<\/p>\n<hr data-start=\"1906\" data-end=\"1909\" \/>\n<h3 data-section-id=\"idqq0s\" data-start=\"1911\" data-end=\"1931\">Komplekti sisu<\/h3>\n<p data-start=\"1933\" data-end=\"2110\">\u2022 Mandelic Peel 50 ml (pH 2.3)<br data-start=\"1963\" data-end=\"1966\" \/>\u2022 Pre-peel (ettevalmistav preparaat) 50 ml<br data-start=\"2008\" data-end=\"2011\" \/>\u2022 Neutralizer (neutraliseeriv preparaat) 50 ml<br data-start=\"2057\" data-end=\"2060\" \/>\u2022 Pealekandmispintsel<br data-start=\"2081\" data-end=\"2084\" \/>\u2022 M\u00f5\u00f5teskaalaga dosaator<\/p>\n<hr data-start=\"2112\" data-end=\"2115\" \/>\n<h3 data-section-id=\"w6hwfx\" data-start=\"2117\" data-end=\"2136\">Oluline teave<\/h3>\n<p data-start=\"2138\" data-end=\"2451\" data-is-last-node=\"\" data-is-only-node=\"\">\u2022 Ainult professionaalseks kasutamiseks<br data-start=\"2177\" data-end=\"2180\" \/>\u2022 Ainult v\u00e4lispidiseks kasutamiseks<br data-start=\"2215\" data-end=\"2218\" \/>\u2022 V\u00e4ltida kokkupuudet silmade ja limaskestadega<br data-start=\"2265\" data-end=\"2268\" \/>\u2022 Kasutada vastavalt professionaalsetele protokollidele<br data-start=\"2323\" data-end=\"2326\" \/>\u2022 Hoida vastavalt tootja soovitustele<br data-start=\"2363\" data-end=\"2366\" \/>\u2022 Hoida lastele k\u00e4ttesaamatus kohas<br data-start=\"2401\" data-end=\"2404\" \/>\u2022 Ei ole soovitatav raseduse ega imetamise ajal<\/p>\n","protected":false},"excerpt":{"rendered":"<p>DIVES MED Mandelic Peel 40% on professionaalne pindmine koorimine, mis on m\u00f5eldud naha aastaringseks revitaliseerimiseks. Valem p\u00f5hineb mandelhappel ning tagab \u00f5rna eksfoliatsiooni minimaalse \u00e4rritusega, toetades naha uuenemisprotsesse.<\/p>\n","protected":false},"featured_media":176813,"template":"","meta":{"_seopress_robots_primary_cat":"none","_seopress_titles_title":"","_seopress_titles_desc":"","_seopress_robots_index":""},"item":[2267],"product_cat":[153],"product_tag":[],"class_list":{"0":"post-176824","1":"product","2":"type-product","3":"status-publish","4":"has-post-thumbnail","6":"item-dives-med-et","7":"product_cat-keemilised-piilingud-et","9":"first","10":"instock","11":"taxable","12":"shipping-taxable","13":"purchasable","14":"product-type-variable"},"_links":{"self":[{"href":"https:\/\/cutismedical.shop\/et\/wp-json\/wp\/v2\/product\/176824","targetHints":{"allow":["GET"]}}],"collection":[{"href":"https:\/\/cutismedical.shop\/et\/wp-json\/wp\/v2\/product"}],"about":[{"href":"https:\/\/cutismedical.shop\/et\/wp-json\/wp\/v2\/types\/product"}],"wp:featuredmedia":[{"embeddable":true,"href":"https:\/\/cutismedical.shop\/et\/wp-json\/wp\/v2\/media\/176813"}],"wp:attachment":[{"href":"https:\/\/cutismedical.shop\/et\/wp-json\/wp\/v2\/media?parent=176824"}],"wp:term":[{"taxonomy":"item","embeddable":true,"href":"https:\/\/cutismedical.shop\/et\/wp-json\/wp\/v2\/item?post=176824"},{"taxonomy":"product_cat","embeddable":true,"href":"https:\/\/cutismedical.shop\/et\/wp-json\/wp\/v2\/product_cat?post=176824"},{"taxonomy":"product_tag","embeddable":true,"href":"https:\/\/cutismedical.shop\/et\/wp-json\/wp\/v2\/product_tag?post=176824"}],"curies":[{"name":"wp","href":"https:\/\/api.w.org\/{rel}","templated":true}]}}