{"id":176803,"date":"2026-04-17T13:30:19","date_gmt":"2026-04-17T11:30:19","guid":{"rendered":"https:\/\/cutismedical.shop\/?post_type=product&#038;p=176803"},"modified":"2026-04-17T13:36:16","modified_gmt":"2026-04-17T11:36:16","slug":"dives-med-set-anti-age-soft-peel-noorendav-happekompleks-50-ml","status":"publish","type":"product","link":"https:\/\/cutismedical.shop\/et\/shop-es\/keemilised-piilingud-et\/dives-med-set-anti-age-soft-peel-noorendav-happekompleks-50-ml\/","title":{"rendered":"DIVES MED | SET Anti-Age Soft Peel \u2013 Noorendav happekompleks (50 ml.)"},"content":{"rendered":"<p data-start=\"317\" data-end=\"533\">Koostis p\u00f5hineb noorendavatel aminohapetel ja piimhappel ning on rikastatud uurea, aloe vera ja allantoiiniga. Valem toetab naha niisutamist, parandab tekstuuri ning aitab taastada v\u00e4rske ja tasakaalustatud v\u00e4limuse.<\/p>\n<p data-start=\"535\" data-end=\"790\">T\u00e4nu oma \u00f5rnale toimele ja niisutavatele omadustele kasutatakse toodet sageli ettevalmistava etapina enne teisi esteetilisi protseduure. See parandab naha seisundit ja aitab taastada selle v\u00e4limust, mida on m\u00f5jutanud keskkonnategurid ja igap\u00e4evane stress.<\/p>\n<hr data-start=\"792\" data-end=\"795\" \/>\n<h3 data-section-id=\"1kftkq9\" data-start=\"797\" data-end=\"810\">Eelised<\/h3>\n<ul data-start=\"812\" data-end=\"1121\">\n<li data-section-id=\"1yw8o4m\" data-start=\"812\" data-end=\"860\">Toetab naha revitaliseerimist ja niisutamist<\/li>\n<li data-section-id=\"1wi3hs6\" data-start=\"861\" data-end=\"898\">Aitab parandada nahatooni ja s\u00e4ra<\/li>\n<li data-section-id=\"wofmxy\" data-start=\"899\" data-end=\"937\">V\u00e4hendab v\u00e4simuse ja tuhmuse m\u00e4rke<\/li>\n<li data-section-id=\"4lwqpa\" data-start=\"938\" data-end=\"978\">Toetab naha regeneratsiooniprotsesse<\/li>\n<li data-section-id=\"rhku3k\" data-start=\"979\" data-end=\"1018\">Parandab naha elastsust ja tugevust<\/li>\n<li data-section-id=\"1lc2260\" data-start=\"1019\" data-end=\"1064\">Aitab v\u00e4hendada peente kortsude n\u00e4htavust<\/li>\n<li data-section-id=\"1k7ba7x\" data-start=\"1065\" data-end=\"1121\">V\u00f5imendab teiste esteetiliste protseduuride tulemusi<\/li>\n<\/ul>\n<hr data-start=\"1123\" data-end=\"1126\" \/>\n<h3 data-section-id=\"16nnpdg\" data-start=\"1128\" data-end=\"1145\">N\u00e4idustused<\/h3>\n<ul data-start=\"1147\" data-end=\"1359\">\n<li data-section-id=\"paw33t\" data-start=\"1147\" data-end=\"1174\">Nahk vananemism\u00e4rkidega<\/li>\n<li data-section-id=\"od2cfv\" data-start=\"1175\" data-end=\"1199\">Tuhm ja v\u00e4sinud nahk<\/li>\n<li data-section-id=\"1o2li6r\" data-start=\"1200\" data-end=\"1223\">Eba\u00fchtlane nahatoon<\/li>\n<li data-section-id=\"nyfn8\" data-start=\"1224\" data-end=\"1254\">Kuiv ja deh\u00fcdreeritud nahk<\/li>\n<li data-section-id=\"9a6f74\" data-start=\"1255\" data-end=\"1273\">Peened kortsud<\/li>\n<li data-section-id=\"4f5uph\" data-start=\"1274\" data-end=\"1323\">Nahk, mis on kokku puutunud keskkonnam\u00f5judega<\/li>\n<li data-section-id=\"1cwdw5j\" data-start=\"1324\" data-end=\"1359\">Tundlik ja veresoonterikas nahk<\/li>\n<\/ul>\n<hr data-start=\"1361\" data-end=\"1364\" \/>\n<h3 data-section-id=\"zqbkz4\" data-start=\"1366\" data-end=\"1379\">Koostis<\/h3>\n<ul data-start=\"1381\" data-end=\"1445\">\n<li data-section-id=\"xisb9a\" data-start=\"1381\" data-end=\"1393\">Arginine<\/li>\n<li data-section-id=\"1ia7kwe\" data-start=\"1394\" data-end=\"1406\">Piimhape<\/li>\n<li data-section-id=\"b8tdyx\" data-start=\"1407\" data-end=\"1416\">Uurea<\/li>\n<li data-section-id=\"130fjns\" data-start=\"1417\" data-end=\"1430\">Aloe vera<\/li>\n<li data-section-id=\"oa49p0\" data-start=\"1431\" data-end=\"1445\">Allantoiin<\/li>\n<\/ul>\n<hr data-start=\"1447\" data-end=\"1450\" \/>\n<h3 data-section-id=\"1lmam9w\" data-start=\"1452\" data-end=\"1474\">Kasutamisjuhised<\/h3>\n<p data-start=\"1476\" data-end=\"1642\">Toode on m\u00f5eldud ainult professionaalseks kasutamiseks. Kasutada vastavalt pindmise koorimise standardsetele protseduuriprotokollidele. Detailne juhend on komplektis.<\/p>\n<p data-start=\"1644\" data-end=\"1702\">Soovitatav kuur: 4\u20138 protseduuri intervalliga 10\u201314 p\u00e4eva.<\/p>\n<hr data-start=\"1704\" data-end=\"1707\" \/>\n<h3 data-section-id=\"u6n0h2\" data-start=\"1709\" data-end=\"1723\">Omadused<\/h3>\n<ul data-start=\"1725\" data-end=\"1921\">\n<li data-section-id=\"s6ofqe\" data-start=\"1725\" data-end=\"1736\">pH: 2.7<\/li>\n<li data-section-id=\"d0cemr\" data-start=\"1737\" data-end=\"1781\">Toote t\u00fc\u00fcp: pindmine noorendav koorimine<\/li>\n<li data-section-id=\"1qt0la6\" data-start=\"1782\" data-end=\"1826\">Kasutuspiirkond: n\u00e4gu ja muud piirkonnad<\/li>\n<li data-section-id=\"15mzq2z\" data-start=\"1827\" data-end=\"1862\">S\u00e4ilitamistingimused: 15\u00b0C\u201325\u00b0C<\/li>\n<li data-section-id=\"1pqiz5u\" data-start=\"1863\" data-end=\"1921\">Protseduuride arv: umbes 20\u201330, s\u00f5ltuvalt kasutusalast<\/li>\n<\/ul>\n<hr data-start=\"1923\" data-end=\"1926\" \/>\n<h3 data-section-id=\"idqq0s\" data-start=\"1928\" data-end=\"1948\">Komplekti sisu<\/h3>\n<ul data-start=\"1950\" data-end=\"2123\">\n<li data-section-id=\"1di4e2t\" data-start=\"1950\" data-end=\"1978\">Anti-Age Soft Peel 50 ml<\/li>\n<li data-section-id=\"4jhpib\" data-start=\"1979\" data-end=\"2023\">Pre-peel (ettevalmistav preparaat) 50 ml<\/li>\n<li data-section-id=\"dsjgi1\" data-start=\"2024\" data-end=\"2072\">Neutralizer (neutraliseeriv preparaat) 50 ml<\/li>\n<li data-section-id=\"1czos70\" data-start=\"2073\" data-end=\"2096\">Pealekandmispintsel<\/li>\n<li data-section-id=\"1srloq9\" data-start=\"2097\" data-end=\"2123\">M\u00f5\u00f5teskaalaga dosaator<\/li>\n<\/ul>\n<hr data-start=\"2125\" data-end=\"2128\" \/>\n<h3 data-section-id=\"w6hwfx\" data-start=\"2130\" data-end=\"2149\">Oluline teave<\/h3>\n<ul data-start=\"2151\" data-end=\"2464\" data-is-last-node=\"\" data-is-only-node=\"\">\n<li data-section-id=\"5bntgz\" data-start=\"2151\" data-end=\"2192\">Ainult professionaalseks kasutamiseks<\/li>\n<li data-section-id=\"1hidep5\" data-start=\"2193\" data-end=\"2230\">Ainult v\u00e4lispidiseks kasutamiseks<\/li>\n<li data-section-id=\"1fc4048\" data-start=\"2231\" data-end=\"2280\">V\u00e4ltida kokkupuudet silmade ja limaskestadega<\/li>\n<li data-section-id=\"1vo15dm\" data-start=\"2281\" data-end=\"2338\">Kasutada vastavalt professionaalsetele protokollidele<\/li>\n<li data-section-id=\"2nhmf\" data-start=\"2339\" data-end=\"2378\">Hoida vastavalt tootja soovitustele<\/li>\n<li data-section-id=\"cxcxiz\" data-start=\"2379\" data-end=\"2416\">Hoida lastele k\u00e4ttesaamatus kohas<\/li>\n<li data-section-id=\"1jg09i6\" data-start=\"2417\" data-end=\"2464\" data-is-last-node=\"\">Ei ole soovitatav raseduse ega imetamise ajal<\/li>\n<\/ul>\n","protected":false},"excerpt":{"rendered":"<p>DIVES MED Anti-Age Soft Peel on professionaalne pindmine koorimine, mis on loodud naha aastaringseks revitaliseerimiseks. Valem tagab \u00f5rna eksfoliatsiooni ja k\u00f5rge talutavuse, mist\u00f5ttu sobib ka tundlikule ja veresoonterikkale nahale.<\/p>\n","protected":false},"featured_media":176792,"template":"","meta":{"_seopress_robots_primary_cat":"","_seopress_titles_title":"","_seopress_titles_desc":"","_seopress_robots_index":""},"item":[2267],"product_cat":[153],"product_tag":[],"class_list":{"0":"post-176803","1":"product","2":"type-product","3":"status-publish","4":"has-post-thumbnail","6":"item-dives-med-et","7":"product_cat-keemilised-piilingud-et","9":"first","10":"instock","11":"taxable","12":"shipping-taxable","13":"purchasable","14":"product-type-variable"},"_links":{"self":[{"href":"https:\/\/cutismedical.shop\/et\/wp-json\/wp\/v2\/product\/176803","targetHints":{"allow":["GET"]}}],"collection":[{"href":"https:\/\/cutismedical.shop\/et\/wp-json\/wp\/v2\/product"}],"about":[{"href":"https:\/\/cutismedical.shop\/et\/wp-json\/wp\/v2\/types\/product"}],"wp:featuredmedia":[{"embeddable":true,"href":"https:\/\/cutismedical.shop\/et\/wp-json\/wp\/v2\/media\/176792"}],"wp:attachment":[{"href":"https:\/\/cutismedical.shop\/et\/wp-json\/wp\/v2\/media?parent=176803"}],"wp:term":[{"taxonomy":"item","embeddable":true,"href":"https:\/\/cutismedical.shop\/et\/wp-json\/wp\/v2\/item?post=176803"},{"taxonomy":"product_cat","embeddable":true,"href":"https:\/\/cutismedical.shop\/et\/wp-json\/wp\/v2\/product_cat?post=176803"},{"taxonomy":"product_tag","embeddable":true,"href":"https:\/\/cutismedical.shop\/et\/wp-json\/wp\/v2\/product_tag?post=176803"}],"curies":[{"name":"wp","href":"https:\/\/api.w.org\/{rel}","templated":true}]}}