{"id":176779,"date":"2026-04-17T13:04:35","date_gmt":"2026-04-17T11:04:35","guid":{"rendered":"https:\/\/cutismedical.shop\/?post_type=product&#038;p=176779"},"modified":"2026-04-17T13:13:19","modified_gmt":"2026-04-17T11:13:19","slug":"dives-med-set-acneout-peel-happekompleks-aknele-50-ml","status":"publish","type":"product","link":"https:\/\/cutismedical.shop\/et\/shop-es\/keemilised-piilingud-et\/dives-med-set-acneout-peel-happekompleks-aknele-50-ml\/","title":{"rendered":"DIVES MED | SET Acneout Peel \u2013 Happekompleks aknele (50 ml.)"},"content":{"rendered":"<div class=\"flex flex-col text-sm pb-25\">\n<section class=\"text-token-text-primary w-full focus:outline-none [--shadow-height:45px] has-data-writing-block:pointer-events-none has-data-writing-block:-mt-(--shadow-height) has-data-writing-block:pt-(--shadow-height) [&amp;:has([data-writing-block])&gt;*]:pointer-events-auto scroll-mt-[calc(var(--header-height)+min(200px,max(70px,20svh)))]\" dir=\"auto\" data-turn-id=\"request-69dfac02-6058-832e-8117-953b9e7ee2d5-18\" data-testid=\"conversation-turn-90\" data-scroll-anchor=\"true\" data-turn=\"assistant\">\n<div class=\"text-base my-auto mx-auto pb-10 [--thread-content-margin:var(--thread-content-margin-xs,calc(var(--spacing)*4))] @w-sm\/main:[--thread-content-margin:var(--thread-content-margin-sm,calc(var(--spacing)*6))] @w-lg\/main:[--thread-content-margin:var(--thread-content-margin-lg,calc(var(--spacing)*16))] px-(--thread-content-margin)\">\n<div class=\"[--thread-content-max-width:40rem] @w-lg\/main:[--thread-content-max-width:48rem] mx-auto max-w-(--thread-content-max-width) flex-1 group\/turn-messages focus-visible:outline-hidden relative flex w-full min-w-0 flex-col agent-turn\">\n<div class=\"flex max-w-full flex-col gap-4 grow\">\n<div class=\"min-h-8 text-message relative flex w-full flex-col items-end gap-2 text-start break-words whitespace-normal outline-none keyboard-focused:focus-ring [.text-message+&amp;]:mt-1\" dir=\"auto\" tabindex=\"0\" data-message-author-role=\"assistant\" data-message-id=\"49d84846-76b1-4e36-bc53-cd775e75fdea\" data-message-model-slug=\"gpt-5-3\" data-turn-start-message=\"true\">\n<div class=\"flex w-full flex-col gap-1 empty:hidden\">\n<div class=\"markdown prose dark:prose-invert w-full wrap-break-word light markdown-new-styling\">\n<p data-start=\"378\" data-end=\"628\">Mitmehappeline koostis toimib naha erinevatel tasanditel, aidates \u00fchtlustada tekstuuri, v\u00e4hendada ebatasasusi ja parandada nahatooni. Valem aitab reguleerida ka rasu tootmist ja v\u00e4hendab pooride n\u00e4htavust, muutes naha puhtamaks ja tasakaalustatumaks.<\/p>\n<hr data-start=\"630\" data-end=\"633\" \/>\n<h3 data-section-id=\"1kftkq9\" data-start=\"635\" data-end=\"648\">Eelised<\/h3>\n<ul data-start=\"650\" data-end=\"945\">\n<li data-section-id=\"y9xbh0\" data-start=\"650\" data-end=\"700\">Aitab v\u00e4hendada aknet ja p\u00f5letikulisi elemente<\/li>\n<li data-section-id=\"1v3ggl7\" data-start=\"701\" data-end=\"744\">Tagab s\u00fcgavpuhastuse ja eksfoliatsiooni<\/li>\n<li data-section-id=\"c5kvu1\" data-start=\"745\" data-end=\"773\">Reguleerib rasu tootmist<\/li>\n<li data-section-id=\"1daecew\" data-start=\"774\" data-end=\"811\">Aitab v\u00e4hendada pooride n\u00e4htavust<\/li>\n<li data-section-id=\"12tezby\" data-start=\"812\" data-end=\"866\">Silub nahatekstuuri ja v\u00e4hendab aknej\u00e4rgseid j\u00e4lgi<\/li>\n<li data-section-id=\"1y84tsv\" data-start=\"867\" data-end=\"897\">Aitab \u00fchtlustada nahatooni<\/li>\n<li data-section-id=\"1pznbtq\" data-start=\"898\" data-end=\"945\">Omab antibakteriaalset ja rahustavat toimet<\/li>\n<\/ul>\n<hr data-start=\"947\" data-end=\"950\" \/>\n<h3 data-section-id=\"16nnpdg\" data-start=\"952\" data-end=\"969\">N\u00e4idustused<\/h3>\n<ul data-start=\"971\" data-end=\"1175\">\n<li data-section-id=\"gvl7dw\" data-start=\"971\" data-end=\"1003\">Rasune ja kombineeritud nahk<\/li>\n<li data-section-id=\"153dt9m\" data-start=\"1004\" data-end=\"1026\">Aknele kalduv nahk<\/li>\n<li data-section-id=\"1b4xyno\" data-start=\"1027\" data-end=\"1054\">P\u00f5letikulised elemendid<\/li>\n<li data-section-id=\"w3u4d1\" data-start=\"1055\" data-end=\"1075\">Laienenud poorid<\/li>\n<li data-section-id=\"6fdy6b\" data-start=\"1076\" data-end=\"1088\">Seborr\u00f6a<\/li>\n<li data-section-id=\"1ycnboo\" data-start=\"1089\" data-end=\"1129\">Aknej\u00e4rgsed j\u00e4ljed ja pigmentatsioon<\/li>\n<li data-section-id=\"50jo1y\" data-start=\"1130\" data-end=\"1147\">H\u00fcperkeratoos<\/li>\n<li data-section-id=\"1ph4486\" data-start=\"1148\" data-end=\"1175\">Eba\u00fchtlane nahatekstuur<\/li>\n<\/ul>\n<hr data-start=\"1177\" data-end=\"1180\" \/>\n<h3 data-section-id=\"zqbkz4\" data-start=\"1182\" data-end=\"1195\">Koostis<\/h3>\n<ul data-start=\"1197\" data-end=\"1310\">\n<li data-section-id=\"cd989t\" data-start=\"1197\" data-end=\"1216\">Gl\u00fckoolhape 34%<\/li>\n<li data-section-id=\"11q78yo\" data-start=\"1217\" data-end=\"1235\">Sidrunhape 10%<\/li>\n<li data-section-id=\"1jn5oq\" data-start=\"1236\" data-end=\"1252\">Piimhape 10%<\/li>\n<li data-section-id=\"1non7t3\" data-start=\"1253\" data-end=\"1269\">Kojichape 5%<\/li>\n<li data-section-id=\"1yg3pg8\" data-start=\"1270\" data-end=\"1290\">Salits\u00fc\u00fclhape 2%<\/li>\n<li data-section-id=\"oju65p\" data-start=\"1291\" data-end=\"1310\">Resortsinool 2%<\/li>\n<\/ul>\n<hr data-start=\"1312\" data-end=\"1315\" \/>\n<h3 data-section-id=\"1lmam9w\" data-start=\"1317\" data-end=\"1339\">Kasutamisjuhised<\/h3>\n<p data-start=\"1341\" data-end=\"1503\">Toode on m\u00f5eldud ainult professionaalseks kasutamiseks. Kasutada vastavalt happekoorimise standardsetele protseduuriprotokollidele. Detailne juhend on komplektis.<\/p>\n<p data-start=\"1505\" data-end=\"1563\">Soovitatav kuur: 4\u20138 protseduuri intervalliga 10\u201314 p\u00e4eva.<\/p>\n<hr data-start=\"1565\" data-end=\"1568\" \/>\n<h3 data-section-id=\"u6n0h2\" data-start=\"1570\" data-end=\"1584\">Omadused<\/h3>\n<ul data-start=\"1586\" data-end=\"1814\">\n<li data-section-id=\"s6ogit\" data-start=\"1586\" data-end=\"1597\">pH: 2.4<\/li>\n<li data-section-id=\"lz5scf\" data-start=\"1598\" data-end=\"1662\">Toote t\u00fc\u00fcp: mitmehappeline koorimine aknele kalduvale nahale<\/li>\n<li data-section-id=\"143pf0i\" data-start=\"1663\" data-end=\"1719\">Kasutuspiirkond: n\u00e4gu ja muud probleemsed piirkonnad<\/li>\n<li data-section-id=\"15mzq2z\" data-start=\"1720\" data-end=\"1755\">S\u00e4ilitamistingimused: 15\u00b0C\u201325\u00b0C<\/li>\n<li data-section-id=\"1iuf61z\" data-start=\"1756\" data-end=\"1814\">Protseduuride arv: umbes 25\u201330, s\u00f5ltuvalt kasutusalast<\/li>\n<\/ul>\n<hr data-start=\"1816\" data-end=\"1819\" \/>\n<h3 data-section-id=\"idqq0s\" data-start=\"1821\" data-end=\"1841\">Komplekti sisu<\/h3>\n<ul data-start=\"1843\" data-end=\"2010\">\n<li data-section-id=\"ikax74\" data-start=\"1843\" data-end=\"1865\">Acneout Peel 50 ml<\/li>\n<li data-section-id=\"4jhpib\" data-start=\"1866\" data-end=\"1910\">Pre-peel (ettevalmistav preparaat) 50 ml<\/li>\n<li data-section-id=\"dsjgi1\" data-start=\"1911\" data-end=\"1959\">Neutralizer (neutraliseeriv preparaat) 50 ml<\/li>\n<li data-section-id=\"1czos70\" data-start=\"1960\" data-end=\"1983\">Pealekandmispintsel<\/li>\n<li data-section-id=\"1srloq9\" data-start=\"1984\" data-end=\"2010\">M\u00f5\u00f5teskaalaga dosaator<\/li>\n<\/ul>\n<hr data-start=\"2012\" data-end=\"2015\" \/>\n<h3 data-section-id=\"w6hwfx\" data-start=\"2017\" data-end=\"2036\">Oluline teave<\/h3>\n<ul data-start=\"2038\" data-end=\"2351\" data-is-last-node=\"\" data-is-only-node=\"\">\n<li data-section-id=\"5bntgz\" data-start=\"2038\" data-end=\"2079\">Ainult professionaalseks kasutamiseks<\/li>\n<li data-section-id=\"1hidep5\" data-start=\"2080\" data-end=\"2117\">Ainult v\u00e4lispidiseks kasutamiseks<\/li>\n<li data-section-id=\"1fc4048\" data-start=\"2118\" data-end=\"2167\">V\u00e4ltida kokkupuudet silmade ja limaskestadega<\/li>\n<li data-section-id=\"1vo15dm\" data-start=\"2168\" data-end=\"2225\">Kasutada vastavalt professionaalsetele protokollidele<\/li>\n<li data-section-id=\"2nhmf\" data-start=\"2226\" data-end=\"2265\">Hoida vastavalt tootja soovitustele<\/li>\n<li data-section-id=\"cxcxiz\" data-start=\"2266\" data-end=\"2303\">Hoida lastele k\u00e4ttesaamatus kohas<\/li>\n<li data-section-id=\"1jg09i6\" data-start=\"2304\" data-end=\"2351\" data-is-last-node=\"\">Ei ole soovitatav raseduse ega imetamise ajal<\/li>\n<\/ul>\n<\/div>\n<\/div>\n<\/div>\n<\/div>\n<\/div>\n<\/div>\n<\/section>\n<\/div>\n","protected":false},"excerpt":{"rendered":"<p>DIVES MED Acneout Peel on professionaalne happekompleks, mis on v\u00e4lja t\u00f6\u00f6tatud aknele kalduva, rasuse ja kombineeritud naha hoolduseks. Valem p\u00f5hineb h\u00fcdroks\u00fchapete ja resortsinooli kombinatsioonil ning on suunatud naha puhastamisele, eksfoliatsioonile ja \u00fcldise seisundi parandamisele.<\/p>\n","protected":false},"featured_media":176764,"template":"","meta":{"_seopress_robots_primary_cat":"none","_seopress_titles_title":"","_seopress_titles_desc":"","_seopress_robots_index":""},"item":[2267],"product_cat":[153],"product_tag":[],"class_list":{"0":"post-176779","1":"product","2":"type-product","3":"status-publish","4":"has-post-thumbnail","6":"item-dives-med-et","7":"product_cat-keemilised-piilingud-et","9":"first","10":"instock","11":"taxable","12":"shipping-taxable","13":"purchasable","14":"product-type-variable"},"_links":{"self":[{"href":"https:\/\/cutismedical.shop\/et\/wp-json\/wp\/v2\/product\/176779","targetHints":{"allow":["GET"]}}],"collection":[{"href":"https:\/\/cutismedical.shop\/et\/wp-json\/wp\/v2\/product"}],"about":[{"href":"https:\/\/cutismedical.shop\/et\/wp-json\/wp\/v2\/types\/product"}],"wp:featuredmedia":[{"embeddable":true,"href":"https:\/\/cutismedical.shop\/et\/wp-json\/wp\/v2\/media\/176764"}],"wp:attachment":[{"href":"https:\/\/cutismedical.shop\/et\/wp-json\/wp\/v2\/media?parent=176779"}],"wp:term":[{"taxonomy":"item","embeddable":true,"href":"https:\/\/cutismedical.shop\/et\/wp-json\/wp\/v2\/item?post=176779"},{"taxonomy":"product_cat","embeddable":true,"href":"https:\/\/cutismedical.shop\/et\/wp-json\/wp\/v2\/product_cat?post=176779"},{"taxonomy":"product_tag","embeddable":true,"href":"https:\/\/cutismedical.shop\/et\/wp-json\/wp\/v2\/product_tag?post=176779"}],"curies":[{"name":"wp","href":"https:\/\/api.w.org\/{rel}","templated":true}]}}