{"id":176758,"date":"2026-04-17T12:30:15","date_gmt":"2026-04-17T10:30:15","guid":{"rendered":"https:\/\/cutismedical.shop\/?post_type=product&#038;p=176758"},"modified":"2026-04-17T12:34:21","modified_gmt":"2026-04-17T10:34:21","slug":"retix-c-retinol-4-5-seerumit-x-2-ml-5-maski-x-5-g","status":"publish","type":"product","link":"https:\/\/cutismedical.shop\/et\/shop-es\/keemilised-piilingud-et\/retix-c-retinol-4-5-seerumit-x-2-ml-5-maski-x-5-g\/","title":{"rendered":"Retix.C | Retinol 4% (5 seerumit \u00d7 2 ml. \/ 5 maski \u00d7 5 g.)"},"content":{"rendered":"<div class=\"flex flex-col text-sm pb-25\">\n<section class=\"text-token-text-primary w-full focus:outline-none [--shadow-height:45px] has-data-writing-block:pointer-events-none has-data-writing-block:-mt-(--shadow-height) has-data-writing-block:pt-(--shadow-height) [&amp;:has([data-writing-block])&gt;*]:pointer-events-auto scroll-mt-[calc(var(--header-height)+min(200px,max(70px,20svh)))]\" dir=\"auto\" data-turn-id=\"request-69dfac02-6058-832e-8117-953b9e7ee2d5-12\" data-testid=\"conversation-turn-78\" data-scroll-anchor=\"true\" data-turn=\"assistant\">\n<div class=\"text-base my-auto mx-auto pb-10 [--thread-content-margin:var(--thread-content-margin-xs,calc(var(--spacing)*4))] @w-sm\/main:[--thread-content-margin:var(--thread-content-margin-sm,calc(var(--spacing)*6))] @w-lg\/main:[--thread-content-margin:var(--thread-content-margin-lg,calc(var(--spacing)*16))] px-(--thread-content-margin)\">\n<div class=\"[--thread-content-max-width:40rem] @w-lg\/main:[--thread-content-max-width:48rem] mx-auto max-w-(--thread-content-max-width) flex-1 group\/turn-messages focus-visible:outline-hidden relative flex w-full min-w-0 flex-col agent-turn\">\n<div class=\"flex max-w-full flex-col gap-4 grow\">\n<div class=\"min-h-8 text-message relative flex w-full flex-col items-end gap-2 text-start break-words whitespace-normal outline-none keyboard-focused:focus-ring [.text-message+&amp;]:mt-1\" dir=\"auto\" tabindex=\"0\" data-message-author-role=\"assistant\" data-message-id=\"81da8ba6-92c7-4218-9303-b55dbcf2d25e\" data-message-model-slug=\"gpt-5-3\" data-turn-start-message=\"true\">\n<div class=\"flex w-full flex-col gap-1 empty:hidden\">\n<div class=\"markdown prose dark:prose-invert w-full wrap-break-word light markdown-new-styling\">\n<p data-start=\"286\" data-end=\"423\">Retinooli, C-vitamiini ja antioks\u00fcdantide kombinatsioon aitab parandada naha elastsust ja tihedust, muutes naha siledamaks ja s\u00e4ravamaks.<\/p>\n<hr data-start=\"425\" data-end=\"428\" \/>\n<h2 data-section-id=\"1fnssoi\" data-start=\"430\" data-end=\"442\">Eelised<\/h2>\n<p data-start=\"444\" data-end=\"761\">\u2022 Stimuleerib naharakkude uuenemist.<br data-start=\"480\" data-end=\"483\" \/>\u2022 Toetab kollageeni ja elastiini s\u00fcnteesi.<br data-start=\"525\" data-end=\"528\" \/>\u2022 Silub naha tekstuuri ja v\u00e4hendab ebatasasusi.<br data-start=\"575\" data-end=\"578\" \/>\u2022 Aitab heledamaks muuta pigmentatsiooni ja \u00fchtlustada nahatooni.<br data-start=\"643\" data-end=\"646\" \/>\u2022 Suurendab naha tihedust ja elastsust.<br data-start=\"685\" data-end=\"688\" \/>\u2022 Parandab naha niisutustaset.<br data-start=\"718\" data-end=\"721\" \/>\u2022 Toetab kaitset fotokahjustuste eest.<\/p>\n<hr data-start=\"763\" data-end=\"766\" \/>\n<h2 data-section-id=\"r1hiyf\" data-start=\"768\" data-end=\"784\">N\u00e4idustused<\/h2>\n<p data-start=\"786\" data-end=\"987\">\u2022 Eba\u00fchtlane nahatekstuur.<br data-start=\"812\" data-end=\"815\" \/>\u2022 Pigmentatsioon ja d\u00fcskroomia.<br data-start=\"846\" data-end=\"849\" \/>\u2022 Tuhm ja v\u00e4sinud nahk.<br data-start=\"872\" data-end=\"875\" \/>\u2022 Elastsuse ja tugevuse v\u00e4henemine.<br data-start=\"910\" data-end=\"913\" \/>\u2022 Deh\u00fcdreeritud nahk.<br data-start=\"934\" data-end=\"937\" \/>\u2022 Nahk, mis on kokku puutunud keskkonnam\u00f5judega.<\/p>\n<hr data-start=\"989\" data-end=\"992\" \/>\n<h2 data-section-id=\"4uzwc3\" data-start=\"994\" data-end=\"1006\">Koostis<\/h2>\n<p data-start=\"1008\" data-end=\"1073\">\u2022 Retinol 4%<br data-start=\"1020\" data-end=\"1023\" \/>\u2022 C-vitamiin 8%<br data-start=\"1038\" data-end=\"1041\" \/>\u2022 Antioks\u00fcdantide kompleks 30%<\/p>\n<hr data-start=\"1075\" data-end=\"1078\" \/>\n<h2 data-section-id=\"j0km3r\" data-start=\"1080\" data-end=\"1101\">Kasutamisjuhised<\/h2>\n<p data-start=\"1103\" data-end=\"1325\">Toode on m\u00f5eldud ainult professionaalseks kasutamiseks. Kanda ampulli sisu (C-vitamiini ja antioks\u00fcdantidega seerum) puhastatud ja rasuvabale n\u00e4o-, kaela- ja dekolteepiirkonna nahale, masseerida kuni t\u00e4ieliku imendumiseni.<\/p>\n<p data-start=\"1327\" data-end=\"1523\">Seej\u00e4rel kanda \u00f5huke kiht retinoolimaski ja j\u00e4tta see nahale. \u00dcks kotike on m\u00f5eldud \u00fcheks protseduuriks. Soovitatav toimeaeg on 4\u20138 tundi. P\u00e4rast protseduuri puhastada nahk hoolikalt jaheda veega.<\/p>\n<hr data-start=\"1525\" data-end=\"1528\" \/>\n<h2 data-section-id=\"1dqij5x\" data-start=\"1530\" data-end=\"1543\">Omadused<\/h2>\n<p data-start=\"1545\" data-end=\"1801\">\u2022 Formaat: professionaalne komplekt.<br data-start=\"1581\" data-end=\"1584\" \/>\u2022 Sisu: 5 \u00d7 2 ml seerumit, 5 \u00d7 5 g maski.<br data-start=\"1625\" data-end=\"1628\" \/>\u2022 Toote t\u00fc\u00fcp: retinoolil p\u00f5hinev naha uuendamise s\u00fcsteem.<br data-start=\"1685\" data-end=\"1688\" \/>\u2022 Kasutuspiirkonnad: n\u00e4gu, kael, dekoltee.<br data-start=\"1730\" data-end=\"1733\" \/>\u2022 P\u00f5hitoime: eksfoliatsioon, naha uuendamine ja revitaliseerimine.<\/p>\n<hr data-start=\"1803\" data-end=\"1806\" \/>\n<h2 data-section-id=\"1a5rr0e\" data-start=\"1808\" data-end=\"1826\">Oluline teave<\/h2>\n<p data-start=\"1828\" data-end=\"2132\" data-is-last-node=\"\" data-is-only-node=\"\">\u2022 Ainult professionaalseks kasutamiseks.<br data-start=\"1868\" data-end=\"1871\" \/>\u2022 Ainult v\u00e4lispidiseks kasutamiseks.<br data-start=\"1907\" data-end=\"1910\" \/>\u2022 V\u00e4ltida kokkupuudet silmadega.<br data-start=\"1942\" data-end=\"1945\" \/>\u2022 Kasutada vastavalt professionaalsetele protokollidele.<br data-start=\"2001\" data-end=\"2004\" \/>\u2022 Hoida vastavalt tootja soovitustele.<br data-start=\"2042\" data-end=\"2045\" \/>\u2022 Hoida lastele k\u00e4ttesaamatus kohas.<br data-start=\"2081\" data-end=\"2084\" \/>\u2022 Ei ole soovitatav raseduse ega imetamise ajal.<\/p>\n<\/div>\n<\/div>\n<\/div>\n<\/div>\n<div class=\"z-0 flex min-h-[46px] justify-start\"><\/div>\n<div class=\"mt-3 w-full empty:hidden\">\n<div class=\"text-center\"><\/div>\n<\/div>\n<\/div>\n<\/div>\n<\/section>\n<\/div>\n<div class=\"pointer-events-none h-px w-px absolute bottom-0\" aria-hidden=\"true\" data-edge=\"true\"><\/div>\n","protected":false},"excerpt":{"rendered":"<p>Retix.C Retinol 4% on professionaalne naha uuendamise s\u00fcsteem, mis on suunatud n\u00e4htavate naha ebatasasuste v\u00e4hendamisele ja naha \u00fcldise kvaliteedi parandamisele. Valem toetab aktiivset regeneratsiooni, eemaldab surnud naharakud ning suurendab naha niisutustaset.<\/p>\n","protected":false},"featured_media":176752,"template":"","meta":{"_seopress_robots_primary_cat":"","_seopress_titles_title":"","_seopress_titles_desc":"","_seopress_robots_index":""},"item":[2252],"product_cat":[153],"product_tag":[],"class_list":{"0":"post-176758","1":"product","2":"type-product","3":"status-publish","4":"has-post-thumbnail","6":"item-retix-c-et","7":"product_cat-keemilised-piilingud-et","9":"first","10":"instock","11":"taxable","12":"shipping-taxable","13":"purchasable","14":"product-type-simple"},"_links":{"self":[{"href":"https:\/\/cutismedical.shop\/et\/wp-json\/wp\/v2\/product\/176758","targetHints":{"allow":["GET"]}}],"collection":[{"href":"https:\/\/cutismedical.shop\/et\/wp-json\/wp\/v2\/product"}],"about":[{"href":"https:\/\/cutismedical.shop\/et\/wp-json\/wp\/v2\/types\/product"}],"wp:featuredmedia":[{"embeddable":true,"href":"https:\/\/cutismedical.shop\/et\/wp-json\/wp\/v2\/media\/176752"}],"wp:attachment":[{"href":"https:\/\/cutismedical.shop\/et\/wp-json\/wp\/v2\/media?parent=176758"}],"wp:term":[{"taxonomy":"item","embeddable":true,"href":"https:\/\/cutismedical.shop\/et\/wp-json\/wp\/v2\/item?post=176758"},{"taxonomy":"product_cat","embeddable":true,"href":"https:\/\/cutismedical.shop\/et\/wp-json\/wp\/v2\/product_cat?post=176758"},{"taxonomy":"product_tag","embeddable":true,"href":"https:\/\/cutismedical.shop\/et\/wp-json\/wp\/v2\/product_tag?post=176758"}],"curies":[{"name":"wp","href":"https:\/\/api.w.org\/{rel}","templated":true}]}}