{"id":176645,"date":"2026-04-15T17:34:09","date_gmt":"2026-04-15T15:34:09","guid":{"rendered":"https:\/\/cutismedical.shop\/?post_type=product&#038;p=176645"},"modified":"2026-04-15T18:07:14","modified_gmt":"2026-04-15T16:07:14","slug":"jeuderm-calyra-2-sustalt-x-2-ml-pdrn-polunukleotiidid","status":"publish","type":"product","link":"https:\/\/cutismedical.shop\/et\/shop-es\/biorevitalisant-et\/jeuderm-calyra-2-sustalt-x-2-ml-pdrn-polunukleotiidid\/","title":{"rendered":"Jeuderm | Calyra (2 s\u00fcstalt \u00d7 2 ml) | PDRN | Pol\u00fcnukleotiidid"},"content":{"rendered":"<div class=\"text-base my-auto mx-auto [--thread-content-margin:var(--thread-content-margin-xs,calc(var(--spacing)*4))] @w-sm\/main:[--thread-content-margin:var(--thread-content-margin-sm,calc(var(--spacing)*6))] @w-lg\/main:[--thread-content-margin:var(--thread-content-margin-lg,calc(var(--spacing)*16))] px-(--thread-content-margin)\">\n<div class=\"[--thread-content-max-width:40rem] @w-lg\/main:[--thread-content-max-width:48rem] mx-auto max-w-(--thread-content-max-width) flex-1 group\/turn-messages focus-visible:outline-hidden relative flex w-full min-w-0 flex-col agent-turn\">\n<div class=\"flex max-w-full flex-col gap-4 grow\">\n<div class=\"min-h-8 text-message relative flex w-full flex-col items-end gap-2 text-start break-words whitespace-normal outline-none keyboard-focused:focus-ring [.text-message+&amp;]:mt-1\" dir=\"auto\" data-message-author-role=\"assistant\" data-message-id=\"81dc1c71-821a-48d1-870d-d2f04268e403\" data-message-model-slug=\"gpt-5-3\">\n<div class=\"flex w-full flex-col gap-1 empty:hidden\">\n<div class=\"markdown prose dark:prose-invert w-full wrap-break-word light markdown-new-styling\">\n<p data-start=\"368\" data-end=\"505\">Aktiivsete koostisosade kombinatsioon toetab kollageeni ja elastiini s\u00fcnteesi, aidates kaasa siledama ja vastupidavama naha v\u00e4limusele.<\/p>\n<hr data-start=\"507\" data-end=\"510\" \/>\n<h3 data-section-id=\"1kftkq9\" data-start=\"512\" data-end=\"525\">Eelised<\/h3>\n<p data-start=\"527\" data-end=\"784\">\u2022 Toetab naha taastumist ja revitaliseerimist.<br data-start=\"573\" data-end=\"576\" \/>\u2022 Stimuleerib loomulikku kollageeni ja elastiini tootmist.<br data-start=\"634\" data-end=\"637\" \/>\u2022 Parandab naha elastsust ja tugevust.<br data-start=\"675\" data-end=\"678\" \/>\u2022 \u00dchtlustab naha tekstuuri ja muudab selle siledamaks.<br data-start=\"732\" data-end=\"735\" \/>\u2022 Aitab saavutada tervema ja s\u00e4ravama v\u00e4limuse.<\/p>\n<hr data-start=\"786\" data-end=\"789\" \/>\n<h3 data-section-id=\"16nnpdg\" data-start=\"791\" data-end=\"808\">N\u00e4idustused<\/h3>\n<p data-start=\"810\" data-end=\"967\">\u2022 Naha revitaliseerimise protseduurid.<br data-start=\"848\" data-end=\"851\" \/>\u2022 Tuhm ja v\u00e4sinud nahk.<br data-start=\"874\" data-end=\"877\" \/>\u2022 Elastsuse ja tugevuse v\u00e4henemine.<br data-start=\"912\" data-end=\"915\" \/>\u2022 Deh\u00fcdreeritud nahk.<br data-start=\"936\" data-end=\"939\" \/>\u2022 Eba\u00fchtlane nahatekstuur.<\/p>\n<hr data-start=\"969\" data-end=\"972\" \/>\n<h3 data-section-id=\"zqbkz4\" data-start=\"974\" data-end=\"987\">Koostis<\/h3>\n<p data-start=\"989\" data-end=\"1136\">Aqua, SH-Oligopeptide, PDRN (Sodium DNA), Sodium Hyaluronate, Proline, Sodium Chloride, Sodium Dehydroacetate, Potassium Sorbate, Phenoxyethanol.<\/p>\n<hr data-start=\"1138\" data-end=\"1141\" \/>\n<h3 data-section-id=\"1lmam9w\" data-start=\"1143\" data-end=\"1165\">Kasutamisjuhised<\/h3>\n<p data-start=\"1167\" data-end=\"1294\">Toode on m\u00f5eldud ainult professionaalseks kasutamiseks. Kasutada vastavalt skin booster protseduuride standardprotokollidele.<\/p>\n<hr data-start=\"1296\" data-end=\"1299\" \/>\n<h3 data-section-id=\"u6n0h2\" data-start=\"1301\" data-end=\"1315\">Omadused<\/h3>\n<p data-start=\"1317\" data-end=\"1561\">\u2022 Formaat: 2 \u00d7 2 ml eelt\u00e4idetud s\u00fcstlad.<br data-start=\"1357\" data-end=\"1360\" \/>\u2022 Toote t\u00fc\u00fcp: pol\u00fcnukleotiidide ja h\u00fcaluroonhappega skin booster.<br data-start=\"1425\" data-end=\"1428\" \/>\u2022 Kasutusala: n\u00e4gu ja muud revitaliseerimist vajavad piirkonnad.<br data-start=\"1492\" data-end=\"1495\" \/>\u2022 Sihtgrupp: kosmeetikud ja esteetilise valdkonna spetsialistid.<\/p>\n<hr data-start=\"1563\" data-end=\"1566\" \/>\n<h3 data-section-id=\"w6hwfx\" data-start=\"1568\" data-end=\"1587\">Oluline teave<\/h3>\n<p data-start=\"1589\" data-end=\"1892\" data-is-last-node=\"\" data-is-only-node=\"\">\u2022 Ainult professionaalseks kasutamiseks.<br data-start=\"1629\" data-end=\"1632\" \/>\u2022 Ainult v\u00e4lispidiseks kasutamiseks.<br data-start=\"1668\" data-end=\"1671\" \/>\u2022 Avada ettevaatlikult.<br data-start=\"1694\" data-end=\"1697\" \/>\u2022 V\u00e4ltida kokkupuudet silmadega.<br data-start=\"1729\" data-end=\"1732\" \/>\u2022 Hoida eemal otsesest p\u00e4ikesevalgusest ja k\u00f5rgetest temperatuuridest.<br data-start=\"1802\" data-end=\"1805\" \/>\u2022 Hoida lastele k\u00e4ttesaamatus kohas.<br data-start=\"1841\" data-end=\"1844\" \/>\u2022 Ei ole soovitatav raseduse ega imetamise ajal.<\/p>\n<\/div>\n<\/div>\n<\/div>\n<\/div>\n<\/div>\n<\/div>\n","protected":false},"excerpt":{"rendered":"<p>Calyra Lux 5 on uue p\u00f5lvkonna skin booster, mis on v\u00e4lja t\u00f6\u00f6tatud DNA pol\u00fcnukleotiidide (PDRN) ja h\u00fcaluroonhappe baasil, et toetada naha n\u00e4htavat uuenemist ja parandada selle \u00fcldist kvaliteeti. Valem aitab suurendada niisutustaset ning samal ajal stimuleerib loomulikke regeneratsiooniprotsesse, aidates parandada naha tugevust ja elastsust.<\/p>\n","protected":false},"featured_media":176629,"template":"","meta":{"_seopress_robots_primary_cat":"none","_seopress_titles_title":"","_seopress_titles_desc":"","_seopress_robots_index":""},"item":[2229],"product_cat":[315],"product_tag":[],"class_list":{"0":"post-176645","1":"product","2":"type-product","3":"status-publish","4":"has-post-thumbnail","6":"item-jeuderm-et","7":"product_cat-biorevitalisant-et","9":"first","10":"instock","11":"taxable","12":"shipping-taxable","13":"purchasable","14":"product-type-variable"},"_links":{"self":[{"href":"https:\/\/cutismedical.shop\/et\/wp-json\/wp\/v2\/product\/176645","targetHints":{"allow":["GET"]}}],"collection":[{"href":"https:\/\/cutismedical.shop\/et\/wp-json\/wp\/v2\/product"}],"about":[{"href":"https:\/\/cutismedical.shop\/et\/wp-json\/wp\/v2\/types\/product"}],"wp:featuredmedia":[{"embeddable":true,"href":"https:\/\/cutismedical.shop\/et\/wp-json\/wp\/v2\/media\/176629"}],"wp:attachment":[{"href":"https:\/\/cutismedical.shop\/et\/wp-json\/wp\/v2\/media?parent=176645"}],"wp:term":[{"taxonomy":"item","embeddable":true,"href":"https:\/\/cutismedical.shop\/et\/wp-json\/wp\/v2\/item?post=176645"},{"taxonomy":"product_cat","embeddable":true,"href":"https:\/\/cutismedical.shop\/et\/wp-json\/wp\/v2\/product_cat?post=176645"},{"taxonomy":"product_tag","embeddable":true,"href":"https:\/\/cutismedical.shop\/et\/wp-json\/wp\/v2\/product_tag?post=176645"}],"curies":[{"name":"wp","href":"https:\/\/api.w.org\/{rel}","templated":true}]}}