{"id":176518,"date":"2026-03-06T16:56:07","date_gmt":"2026-03-06T14:56:07","guid":{"rendered":"https:\/\/cutismedical.shop\/?post_type=product&#038;p=176518"},"modified":"2026-03-23T10:10:25","modified_gmt":"2026-03-23T08:10:25","slug":"princess-croma-saypha-taiteaine-lid-ga-11-ml","status":"publish","type":"product","link":"https:\/\/cutismedical.shop\/et\/shop-es\/fillerid-et\/princess-croma-saypha-taiteaine-lid-ga-11-ml\/","title":{"rendered":"Princess (Croma) \/ Saypha t\u00e4iteaine lid-ga (1*1 ml)"},"content":{"rendered":"<p data-start=\"82\" data-end=\"250\"><strong data-start=\"82\" data-end=\"108\">Saypha Filler lid 1 ml<\/strong> \u2014 on ristseotud h\u00fcaluroonhappel p\u00f5hinev dermaalne t\u00e4iteaine lid-ga, mis on v\u00e4lja t\u00f6\u00f6tatud professionaalsete esteetiliste protseduuride jaoks.<\/p>\n<p data-start=\"252\" data-end=\"377\">Toode on m\u00f5eldud m\u00f5\u00f5dukate ja v\u00e4ljendunud kortsude korrigeerimiseks, n\u00e4o mahu taastamiseks ning naha niisutuse parandamiseks.<\/p>\n<p data-start=\"379\" data-end=\"480\">Viskoelastne geel integreerub \u00fchtlaselt dermisse, toetades naha struktuuri ja parandades n\u00e4okontuure.<\/p>\n<p data-start=\"482\" data-end=\"566\">0,3% lid sisaldus v\u00e4hendab s\u00fcstimise ajal ebamugavust, tagades mugavama protseduuri.<\/p>\n<p data-start=\"568\" data-end=\"800\">T\u00e4iteainet kasutatakse laialdaselt esteetilises meditsiinis ja professionaalses kosmetoloogias nasolabiaalvoldi ja marionetijoonte korrigeerimiseks ning huulte vol\u00fc\u00fcmi suurendamiseks, pakkudes loomulikke ja tasakaalustatud tulemusi.<\/p>\n<p data-start=\"802\" data-end=\"929\">Toodet v\u00f5ib kasutada ka rekonstruktiivsetes protseduurides, sealhulgas n\u00e4o lipoatroofia ja teatud t\u00fc\u00fcpi armide korrigeerimisel.<\/p>\n<p data-start=\"931\" data-end=\"1014\">Pakendis: \u00fcks eelnevalt t\u00e4idetud s\u00fcstal (1 ml) ja kaks steriilset \u00fchekordset n\u00f5ela.<\/p>\n<hr data-start=\"1016\" data-end=\"1019\" \/>\n<h4 data-section-id=\"1dzn5gz\" data-start=\"1021\" data-end=\"1041\">Peamised eelised<\/h4>\n<ul data-start=\"1043\" data-end=\"1333\">\n<li data-section-id=\"1nwktio\" data-start=\"1043\" data-end=\"1092\">M\u00f5\u00f5dukate ja s\u00fcgavate kortsude korrigeerimine<\/li>\n<li data-section-id=\"q20mgj\" data-start=\"1093\" data-end=\"1133\">N\u00e4omahu ja naha niisutuse taastamine<\/li>\n<li data-section-id=\"8q1fuu\" data-start=\"1134\" data-end=\"1182\">Sisaldab lid mugavama protseduuri tagamiseks<\/li>\n<li data-section-id=\"lpfkv0\" data-start=\"1183\" data-end=\"1222\">Sobib huulte vol\u00fc\u00fcmi suurendamiseks<\/li>\n<li data-section-id=\"irbvu\" data-start=\"1223\" data-end=\"1250\">\u00dchtlane jaotus dermises<\/li>\n<li data-section-id=\"5fq9po\" data-start=\"1251\" data-end=\"1290\">Loomulik ja tasakaalustatud tulemus<\/li>\n<li data-section-id=\"1ugoh23\" data-start=\"1291\" data-end=\"1333\">M\u00f5eldud professionaalseks kasutamiseks<\/li>\n<\/ul>\n<hr data-start=\"1335\" data-end=\"1338\" \/>\n<h4 data-section-id=\"1dhb65s\" data-start=\"1340\" data-end=\"1355\">Kasutusalad<\/h4>\n<p data-start=\"1357\" data-end=\"1425\"><strong data-start=\"1357\" data-end=\"1378\">Saypha Filler lid<\/strong> kasutatakse professionaalsetes protseduurides:<\/p>\n<ul data-start=\"1427\" data-end=\"1614\">\n<li data-section-id=\"9eo1nn\" data-start=\"1427\" data-end=\"1466\">nasolabiaalvoltide korrigeerimiseks<\/li>\n<li data-section-id=\"433eul\" data-start=\"1467\" data-end=\"1500\">marionetijoonte v\u00e4hendamiseks<\/li>\n<li data-section-id=\"kwnv55\" data-start=\"1501\" data-end=\"1534\">huulte vol\u00fc\u00fcmi suurendamiseks<\/li>\n<li data-section-id=\"1orw7xm\" data-start=\"1535\" data-end=\"1566\">n\u00e4okontuuride parandamiseks<\/li>\n<li data-section-id=\"zd42f3\" data-start=\"1567\" data-end=\"1614\">teatud rekonstruktiivseteks protseduurideks<\/li>\n<\/ul>\n<hr data-start=\"1616\" data-end=\"1619\" \/>\n<h4 data-section-id=\"7xaz1s\" data-start=\"1621\" data-end=\"1632\">Koostis<\/h4>\n<ul data-start=\"1634\" data-end=\"1726\">\n<li data-section-id=\"1cntjn9\" data-start=\"1634\" data-end=\"1673\">Ristseotud h\u00fcaluroonhape \u2014 23 mg\/ml<\/li>\n<li data-section-id=\"gukxkn\" data-start=\"1674\" data-end=\"1688\">lid \u2014 0,3%<\/li>\n<li data-section-id=\"8f5vkc\" data-start=\"1689\" data-end=\"1706\">Fosfaatpuhver<\/li>\n<li data-section-id=\"1g47sfj\" data-start=\"1707\" data-end=\"1726\">Naatriumkloriid<\/li>\n<\/ul>\n<hr data-start=\"1728\" data-end=\"1731\" \/>\n<h4 data-section-id=\"yimpka\" data-start=\"1733\" data-end=\"1754\">Komplekt sisaldab<\/h4>\n<ul data-start=\"1756\" data-end=\"1823\">\n<li data-section-id=\"1a1hy8o\" data-start=\"1756\" data-end=\"1794\">1 eelnevalt t\u00e4idetud s\u00fcstal (1 ml)<\/li>\n<li data-section-id=\"13ihu88\" data-start=\"1795\" data-end=\"1823\">2 steriilset n\u00f5ela 27G \u00bd<\/li>\n<\/ul>\n<hr data-start=\"1825\" data-end=\"1828\" \/>\n<h4 data-section-id=\"mp4twq\" data-start=\"1830\" data-end=\"1850\">Kasutusprotokoll<\/h4>\n<ul data-start=\"1852\" data-end=\"2223\">\n<li data-section-id=\"yg7j9t\" data-start=\"1852\" data-end=\"1927\">Toode tuleb manustada ainult kvalifitseeritud meditsiinit\u00f6\u00f6tajate poolt<\/li>\n<li data-section-id=\"18icbne\" data-start=\"1928\" data-end=\"1989\">Enne protseduuri on vajalik konsultatsioon spetsialistiga<\/li>\n<li data-section-id=\"14a55e1\" data-start=\"1990\" data-end=\"2038\">Valmistada ette ja desinfitseerida s\u00fcstekoht<\/li>\n<li data-section-id=\"1mc9umq\" data-start=\"2039\" data-end=\"2164\">S\u00fcstida geel dermise keskmistesse v\u00f5i s\u00fcgavatesse kihtidesse, kasutades n\u00f5ela, kan\u00fc\u00fcli v\u00f5i muud professionaalset tehnikat<\/li>\n<li data-section-id=\"1bew5mk\" data-start=\"2165\" data-end=\"2223\">J\u00e4rgida spetsialisti soovitusi tulemuste s\u00e4ilitamiseks<\/li>\n<\/ul>\n<hr data-start=\"2225\" data-end=\"2228\" \/>\n<h4 data-section-id=\"79tlap\" data-start=\"2230\" data-end=\"2250\">Vastun\u00e4idustused<\/h4>\n<p data-start=\"2252\" data-end=\"2371\">Toodet ei tohi kasutada patsientidel, kellel esineb \u00fclitundlikkus h\u00fcaluroonhappe, lid v\u00f5i teiste koostisosade suhtes.<\/p>\n<p data-start=\"2373\" data-end=\"2471\">Allergiliste reaktsioonide anamneesiga patsientidel on soovitatav eelnev konsultatsioon arstiga.<\/p>\n","protected":false},"excerpt":{"rendered":"<p data-start=\"43\" data-end=\"208\"><strong data-start=\"43\" data-end=\"69\">Saypha Filler lid 1 ml<\/strong> \u2014 on professionaalne dermaalne t\u00e4iteaine, mis p\u00f5hineb ristseotud h\u00fcaluroonhappel ja sisaldab lid, v\u00e4lja t\u00f6\u00f6tatud Croma Laboratories poolt.<\/p>\n<p data-start=\"210\" data-end=\"387\" data-is-last-node=\"\" data-is-only-node=\"\">Toode on m\u00f5eldud m\u00f5\u00f5dukate ja s\u00fcgavate kortsude korrigeerimiseks ning huulte vol\u00fc\u00fcmi suurendamiseks, tagades t\u00e4nu anesteetilisele komponendile protseduuri ajal suurema mugavuse.<\/p>\n","protected":false},"featured_media":176340,"template":"","meta":{"_seopress_robots_primary_cat":"","_seopress_titles_title":"","_seopress_titles_desc":"","_seopress_robots_index":""},"item":[2111],"product_cat":[154],"product_tag":[],"class_list":{"0":"post-176518","1":"product","2":"type-product","3":"status-publish","4":"has-post-thumbnail","6":"item-croma-et","7":"product_cat-fillerid-et","9":"first","10":"instock","11":"taxable","12":"shipping-taxable","13":"purchasable","14":"product-type-simple"},"_links":{"self":[{"href":"https:\/\/cutismedical.shop\/et\/wp-json\/wp\/v2\/product\/176518","targetHints":{"allow":["GET"]}}],"collection":[{"href":"https:\/\/cutismedical.shop\/et\/wp-json\/wp\/v2\/product"}],"about":[{"href":"https:\/\/cutismedical.shop\/et\/wp-json\/wp\/v2\/types\/product"}],"wp:featuredmedia":[{"embeddable":true,"href":"https:\/\/cutismedical.shop\/et\/wp-json\/wp\/v2\/media\/176340"}],"wp:attachment":[{"href":"https:\/\/cutismedical.shop\/et\/wp-json\/wp\/v2\/media?parent=176518"}],"wp:term":[{"taxonomy":"item","embeddable":true,"href":"https:\/\/cutismedical.shop\/et\/wp-json\/wp\/v2\/item?post=176518"},{"taxonomy":"product_cat","embeddable":true,"href":"https:\/\/cutismedical.shop\/et\/wp-json\/wp\/v2\/product_cat?post=176518"},{"taxonomy":"product_tag","embeddable":true,"href":"https:\/\/cutismedical.shop\/et\/wp-json\/wp\/v2\/product_tag?post=176518"}],"curies":[{"name":"wp","href":"https:\/\/api.w.org\/{rel}","templated":true}]}}