{"id":17083,"date":"2020-10-29T13:56:56","date_gmt":"2020-10-29T11:56:56","guid":{"rendered":"https:\/\/cutismedical.com\/shop\/maaratlemata\/promoitalia-idebae-1pcs-x-10ml-2pcs-in-box-anti-aging-antioxidant\/"},"modified":"2025-03-10T15:28:32","modified_gmt":"2025-03-10T13:28:32","slug":"promoitalia-idebae-1pcs-x-10ml-2pcs-in-box-anti-aging-antioxidant","status":"publish","type":"product","link":"https:\/\/cutismedical.shop\/et\/shop-es\/mesoteraapia-et\/nagu-et\/promoitalia-idebae-1pcs-x-10ml-2pcs-in-box-anti-aging-antioxidant\/","title":{"rendered":"Promoitalia. Idebae 1tk x 10ml (2 tk karbis) \/ Vananemisvastane \/ Antioks\u00fcdant"},"content":{"rendered":"<p><span style=\"font-size: 100%;\"><strong>IDEBENONE<\/strong> (C19-H30-05): Parim antioks\u00fcdant ja vananemisvastane aine turul, sarnane koens\u00fc\u00fcmiga Q10, kuid \u00fcletab seda, kuna ei p\u00f5hjusta h\u00fcpoksia tingimustes vabade radikaalide teket. Idebenone on tugev mitokondriaalne vabade radikaalide inhibiitor, mis v\u00e4hendab DNA kahjustusi ja s\u00e4ilitab normaalse ATP taseme.<\/span><\/p>\n<p><span style=\"font-size: 100%;\"><strong>DMAE<\/strong> (DIMET\u00dc\u00dcLEET\u00dc\u00dcL AMINOETANOL v\u00f5i NORKOLIIN): Tugevdav toime, sarnane B-vitamiiniga (koliin kui ainevahetuskoens\u00fc\u00fcm) ja atset\u00fc\u00fclkoliini eelk\u00e4ija. DMAE parandab naha toonust ja v\u00f5ib aidata tugevdada n\u00e4olihaste toonust.<\/span><\/p>\n<p><span style=\"font-size: 100%;\"><strong>H\u00dcALUROONHAPE<\/strong>: \u00dcks sidekoe p\u00f5hikomponente, mis vastutab naha niisutamise ja elastsuse eest.<\/span><\/p>\n<p><span style=\"font-size: 100%;\"><em><strong>Protseduuride sagedus:<\/strong><\/em><\/span><\/p>\n<p><span style=\"font-size: 100%;\"> Protseduuride arv s\u00f5ltub naha t\u00fc\u00fcbist. Tulemused on n\u00e4htavad juba p\u00e4rast esimest seanssi.<\/span><\/p>\n<p><span style=\"font-size: 100%;\"><em><strong>Koostis:<\/strong><\/em><\/span><\/p>\n<p><span style=\"font-size: 100%;\"> Toode, steriilne kosmeetiline lahus professionaalseks kasutamiseks, sisaldub 2 x 10 ml viaalides, mis v\u00f5imaldavad teha kuni 10 seanssi.<\/span><\/p>\n<p><span style=\"font-size: 100%;\"><em><strong>S\u00e4ilitamine:<\/strong><\/em><\/span><\/p>\n<p><span style=\"font-size: 100%;\"> Hoidke toodet temperatuuril alla 25\u00b0C. \u00c4rge j\u00e4tke toodet otsese p\u00e4ikesevalguse k\u00e4tte.<\/span><\/p>\n","protected":false},"excerpt":{"rendered":"<p><span style=\"font-size: 100%;\">K\u00f5ige tugevam ja eksklusiivne antioks\u00fcdantne ja pinguldav valem, mis \u00fchendab Idebenone&#8217;i ja DMAE-d.<\/span><\/p>\n<p><span style=\"font-size: 100%;\"><strong>N\u00e4idustused:<\/strong><\/span><\/p>\n<p><span style=\"font-size: 100%;\">\u2022 n\u00e4gu ja keha<\/span><br \/>\n<span style=\"font-size: 100%;\">\u2022 kortsud ja voldid<\/span><br \/>\n<span style=\"font-size: 100%;\">\u2022 k\u00e4ed ja jalad<\/span><br \/>\n<span style=\"font-size: 100%;\">\u2022 venitusarmid<\/span><\/p>\n","protected":false},"featured_media":4814,"template":"","meta":{"_seopress_robots_primary_cat":"none","_seopress_titles_title":"","_seopress_titles_desc":"","_seopress_robots_index":""},"item":[1194],"product_cat":[155,1188,1864,1865,1866],"product_tag":[1885,1900],"class_list":{"0":"post-17083","1":"product","2":"type-product","3":"status-publish","4":"has-post-thumbnail","6":"item-promoitalia-et-2","7":"product_cat-mesoteraapia-et","8":"product_cat-nagu-et","9":"product_cat-antioksudandid","10":"product_cat-tugevdamine-naha-pinguldamine","11":"product_cat-liftingu-efekt-pinguldav-toime","12":"product_tag-kortsud","13":"product_tag-lotvunud-nahk","14":"pa_product_main_cat-professionaalne-hooldus","16":"first","17":"instock","18":"taxable","19":"shipping-taxable","20":"purchasable","21":"product-type-simple"},"_links":{"self":[{"href":"https:\/\/cutismedical.shop\/et\/wp-json\/wp\/v2\/product\/17083","targetHints":{"allow":["GET"]}}],"collection":[{"href":"https:\/\/cutismedical.shop\/et\/wp-json\/wp\/v2\/product"}],"about":[{"href":"https:\/\/cutismedical.shop\/et\/wp-json\/wp\/v2\/types\/product"}],"wp:featuredmedia":[{"embeddable":true,"href":"https:\/\/cutismedical.shop\/et\/wp-json\/wp\/v2\/media\/4814"}],"wp:attachment":[{"href":"https:\/\/cutismedical.shop\/et\/wp-json\/wp\/v2\/media?parent=17083"}],"wp:term":[{"taxonomy":"item","embeddable":true,"href":"https:\/\/cutismedical.shop\/et\/wp-json\/wp\/v2\/item?post=17083"},{"taxonomy":"product_cat","embeddable":true,"href":"https:\/\/cutismedical.shop\/et\/wp-json\/wp\/v2\/product_cat?post=17083"},{"taxonomy":"product_tag","embeddable":true,"href":"https:\/\/cutismedical.shop\/et\/wp-json\/wp\/v2\/product_tag?post=17083"}],"curies":[{"name":"wp","href":"https:\/\/api.w.org\/{rel}","templated":true}]}}